{"id":10018,"date":"2025-12-29T17:13:04","date_gmt":"2025-12-29T22:13:04","guid":{"rendered":"https:\/\/experienciaslatam.com\/?post_type=product&#038;p=10018"},"modified":"2026-03-31T14:45:27","modified_gmt":"2026-03-31T19:45:27","slug":"mergulhe-em-uma-experiencia-privada-de-degustacao-de-vinhos-entre-vinhedos-centenarios","status":"publish","type":"product","link":"https:\/\/experienciaslatam.com\/pt-br\/experienciasx\/mergulhe-em-uma-experiencia-privada-de-degustacao-de-vinhos-entre-vinhedos-centenarios\/","title":{"rendered":"Mergulhe em uma experi\u00eancia privada de degusta\u00e7\u00e3o de vinhos entre vinhedos centen\u00e1rios"},"content":{"rendered":"<p>Re\u00fana seu grupo apreciador de vinhos para uma degusta\u00e7\u00e3o privada e almo\u00e7o na Viu Manent, reconhecida entre os melhores vinhedos do mundo. A experi\u00eancia come\u00e7a com um passeio guiado de charrete entre vinhas de Malbec com mais de cem anos, seguido pela degusta\u00e7\u00e3o de um vinho ainda em processo diretamente da vin\u00edcola. Depois, voc\u00ea ser\u00e1 recebido com uma ta\u00e7a de boas-vindas na Cava Don Miguel, onde poder\u00e1 escolher uma garrafa VIU1 para ser aberta e decantada. Em seguida, aproveite uma degusta\u00e7\u00e3o guiada de seis r\u00f3tulos premium antes de saborear um almo\u00e7o de tr\u00eas tempos no Rayuela Wine &amp; Grill, preparado em forno de barro e fogo aberto. Exclusivo para portadores Mastercard.<\/p>\n","protected":false},"excerpt":{"rendered":"<p>Re\u00fana seu grupo apreciador de vinhos para uma degusta\u00e7\u00e3o privada e almo\u00e7o na Viu Manent, reconhecida entre os melhores vinhedos do mundo. A experi\u00eancia come\u00e7a com um passeio guiado de charrete entre vinhas de Malbec com mais de cem anos, seguido pela degusta\u00e7\u00e3o de um vinho ainda em processo diretamente da vin\u00edcola. Depois, voc\u00ea ser\u00e1 [&hellip;]<\/p>\n","protected":false},"featured_media":10051,"template":"","meta":{"_acf_changed":false,"inline_featured_image":false},"product_brand":[],"product_cat":[48],"product_tag":[],"class_list":{"0":"post-10018","1":"product","2":"type-product","3":"status-publish","4":"has-post-thumbnail","6":"product_cat-experienciasx","8":"first","9":"instock","10":"virtual","11":"sold-individually","12":"purchasable","13":"product-type-booking"},"acf":[],"_links":{"self":[{"href":"https:\/\/experienciaslatam.com\/pt-br\/wp-json\/wp\/v2\/product\/10018","targetHints":{"allow":["GET"]}}],"collection":[{"href":"https:\/\/experienciaslatam.com\/pt-br\/wp-json\/wp\/v2\/product"}],"about":[{"href":"https:\/\/experienciaslatam.com\/pt-br\/wp-json\/wp\/v2\/types\/product"}],"wp:featuredmedia":[{"embeddable":true,"href":"https:\/\/experienciaslatam.com\/pt-br\/wp-json\/wp\/v2\/media\/10051"}],"wp:attachment":[{"href":"https:\/\/experienciaslatam.com\/pt-br\/wp-json\/wp\/v2\/media?parent=10018"}],"wp:term":[{"taxonomy":"product_brand","embeddable":true,"href":"https:\/\/experienciaslatam.com\/pt-br\/wp-json\/wp\/v2\/product_brand?post=10018"},{"taxonomy":"product_cat","embeddable":true,"href":"https:\/\/experienciaslatam.com\/pt-br\/wp-json\/wp\/v2\/product_cat?post=10018"},{"taxonomy":"product_tag","embeddable":true,"href":"https:\/\/experienciaslatam.com\/pt-br\/wp-json\/wp\/v2\/product_tag?post=10018"}],"curies":[{"name":"wp","href":"https:\/\/api.w.org\/{rel}","templated":true}]}}