{"id":11252,"date":"2026-02-16T10:15:23","date_gmt":"2026-02-16T15:15:23","guid":{"rendered":"https:\/\/experienciaslatam.com\/?post_type=product&#038;p=11252"},"modified":"2026-04-22T17:05:48","modified_gmt":"2026-04-22T22:05:48","slug":"estude-os-segredos-da-capoeira-com-um-mestre-no-maravilha-retreat-no-buzios","status":"publish","type":"product","link":"https:\/\/experienciaslatam.com\/pt-br\/experienciasx\/estude-os-segredos-da-capoeira-com-um-mestre-no-maravilha-retreat-no-buzios\/","title":{"rendered":"Estude os segredos da capoeira com um mestre no Maravilha Retreat no B\u00fazios"},"content":{"rendered":"<p>Mergulhe nos ritmos afro\u2011brasileiros da capoeira sob a orienta\u00e7\u00e3o de um mestre em n\u00edvel de campeonato no Rio. Voc\u00ea conhecer\u00e1 seu instrutor, o Mestre Marimbondo, e participar\u00e1 de um workshop para iniciantes que n\u00e3o est\u00e1 dispon\u00edvel ao p\u00fablico geral. Depois de aprender os movimentos b\u00e1sicos e a hist\u00f3ria cultural, desfrutar\u00e1 de um almo\u00e7o tradicional de feijoada acompanhado de uma cl\u00e1ssica caipirinha. Al\u00e9m disso, receber\u00e1 uma lembran\u00e7a especial para recordar a experi\u00eancia. Exclusivo para portadores de cart\u00f5es Mastercard.<\/p>\n","protected":false},"excerpt":{"rendered":"<p>Mergulhe nos ritmos afro\u2011brasileiros da capoeira sob a orienta\u00e7\u00e3o de um mestre em n\u00edvel de campeonato no Rio. Voc\u00ea conhecer\u00e1 seu instrutor, o Mestre Marimbondo, e participar\u00e1 de um workshop para iniciantes que n\u00e3o est\u00e1 dispon\u00edvel ao p\u00fablico geral. Depois de aprender os movimentos b\u00e1sicos e a hist\u00f3ria cultural, desfrutar\u00e1 de um almo\u00e7o tradicional de [&hellip;]<\/p>\n","protected":false},"featured_media":11254,"template":"","meta":{"_acf_changed":false,"inline_featured_image":false},"product_brand":[],"product_cat":[48],"product_tag":[],"class_list":{"0":"post-11252","1":"product","2":"type-product","3":"status-publish","4":"has-post-thumbnail","6":"product_cat-experienciasx","8":"first","9":"instock","10":"virtual","11":"sold-individually","12":"purchasable","13":"product-type-booking"},"acf":[],"_links":{"self":[{"href":"https:\/\/experienciaslatam.com\/pt-br\/wp-json\/wp\/v2\/product\/11252","targetHints":{"allow":["GET"]}}],"collection":[{"href":"https:\/\/experienciaslatam.com\/pt-br\/wp-json\/wp\/v2\/product"}],"about":[{"href":"https:\/\/experienciaslatam.com\/pt-br\/wp-json\/wp\/v2\/types\/product"}],"wp:featuredmedia":[{"embeddable":true,"href":"https:\/\/experienciaslatam.com\/pt-br\/wp-json\/wp\/v2\/media\/11254"}],"wp:attachment":[{"href":"https:\/\/experienciaslatam.com\/pt-br\/wp-json\/wp\/v2\/media?parent=11252"}],"wp:term":[{"taxonomy":"product_brand","embeddable":true,"href":"https:\/\/experienciaslatam.com\/pt-br\/wp-json\/wp\/v2\/product_brand?post=11252"},{"taxonomy":"product_cat","embeddable":true,"href":"https:\/\/experienciaslatam.com\/pt-br\/wp-json\/wp\/v2\/product_cat?post=11252"},{"taxonomy":"product_tag","embeddable":true,"href":"https:\/\/experienciaslatam.com\/pt-br\/wp-json\/wp\/v2\/product_tag?post=11252"}],"curies":[{"name":"wp","href":"https:\/\/api.w.org\/{rel}","templated":true}]}}