{"id":11767,"date":"2026-03-06T14:34:19","date_gmt":"2026-03-06T19:34:19","guid":{"rendered":"https:\/\/experienciaslatam.com\/?post_type=product&#038;p=11767"},"modified":"2026-03-06T15:41:06","modified_gmt":"2026-03-06T20:41:06","slug":"mova-se-no-ritmo-da-capoeira-com-um-mestre-em-uma-praia-iconica-do-rio","status":"publish","type":"product","link":"https:\/\/experienciaslatam.com\/pt-br\/experienciasx\/mova-se-no-ritmo-da-capoeira-com-um-mestre-em-uma-praia-iconica-do-rio\/","title":{"rendered":"Mova-se no ritmo da capoeira com um mestre em uma praia ic\u00f4nica do Rio"},"content":{"rendered":"<p>Participe de uma aula privada de capoeira conduzida por um respeitado mestre nas areias do Rio de Janeiro. Voc\u00ea come\u00e7ar\u00e1 com uma introdu\u00e7\u00e3o \u00e0s origens e \u00e0 evolu\u00e7\u00e3o da capoeira, reconhecida pela UNESCO como Patrim\u00f4nio Cultural Imaterial da Humanidade. Em seguida, praticar\u00e1 movimentos e ritmos fundamentais, adaptados ao seu n\u00edvel, acompanhados de uma sess\u00e3o pr\u00e1tica de m\u00fasica com instrumentos tradicionais. Depois, voc\u00ea ir\u00e1 se refrescar com \u00e1gua de coco fresca e uma tigela de a\u00e7a\u00ed, e levar\u00e1 para casa uma lembran\u00e7a artesanal inspirada na capoeira, feita por artes\u00e3os locais. Exclusivo para portadores de cart\u00e3o Mastercard.<\/p>\n","protected":false},"excerpt":{"rendered":"<p>Participe de uma aula privada de capoeira conduzida por um respeitado mestre nas areias do Rio de Janeiro. Voc\u00ea come\u00e7ar\u00e1 com uma introdu\u00e7\u00e3o \u00e0s origens e \u00e0 evolu\u00e7\u00e3o da capoeira, reconhecida pela UNESCO como Patrim\u00f4nio Cultural Imaterial da Humanidade. Em seguida, praticar\u00e1 movimentos e ritmos fundamentais, adaptados ao seu n\u00edvel, acompanhados de uma sess\u00e3o pr\u00e1tica [&hellip;]<\/p>\n","protected":false},"featured_media":11769,"template":"","meta":{"_acf_changed":false,"inline_featured_image":false},"product_brand":[],"product_cat":[48],"product_tag":[],"class_list":{"0":"post-11767","1":"product","2":"type-product","3":"status-publish","4":"has-post-thumbnail","6":"product_cat-experienciasx","8":"first","9":"instock","10":"virtual","11":"sold-individually","12":"purchasable","13":"product-type-booking"},"acf":[],"_links":{"self":[{"href":"https:\/\/experienciaslatam.com\/pt-br\/wp-json\/wp\/v2\/product\/11767","targetHints":{"allow":["GET"]}}],"collection":[{"href":"https:\/\/experienciaslatam.com\/pt-br\/wp-json\/wp\/v2\/product"}],"about":[{"href":"https:\/\/experienciaslatam.com\/pt-br\/wp-json\/wp\/v2\/types\/product"}],"wp:featuredmedia":[{"embeddable":true,"href":"https:\/\/experienciaslatam.com\/pt-br\/wp-json\/wp\/v2\/media\/11769"}],"wp:attachment":[{"href":"https:\/\/experienciaslatam.com\/pt-br\/wp-json\/wp\/v2\/media?parent=11767"}],"wp:term":[{"taxonomy":"product_brand","embeddable":true,"href":"https:\/\/experienciaslatam.com\/pt-br\/wp-json\/wp\/v2\/product_brand?post=11767"},{"taxonomy":"product_cat","embeddable":true,"href":"https:\/\/experienciaslatam.com\/pt-br\/wp-json\/wp\/v2\/product_cat?post=11767"},{"taxonomy":"product_tag","embeddable":true,"href":"https:\/\/experienciaslatam.com\/pt-br\/wp-json\/wp\/v2\/product_tag?post=11767"}],"curies":[{"name":"wp","href":"https:\/\/api.w.org\/{rel}","templated":true}]}}