{"id":12176,"date":"2026-03-31T16:34:41","date_gmt":"2026-03-31T21:34:41","guid":{"rendered":"https:\/\/experienciaslatam.com\/?post_type=product&#038;p=12176"},"modified":"2026-03-31T22:40:45","modified_gmt":"2026-04-01T03:40:45","slug":"acesse-fora-do-horario-habitual-a-arte-e-os-sabores-argentinos-em-buenos-aires","status":"publish","type":"product","link":"https:\/\/experienciaslatam.com\/pt-br\/experienciasx\/acesse-fora-do-horario-habitual-a-arte-e-os-sabores-argentinos-em-buenos-aires\/","title":{"rendered":"Acesse fora do hor\u00e1rio habitual a arte e os sabores argentinos em Buenos Aires"},"content":{"rendered":"<p>Garanta acesso privilegiado fora do hor\u00e1rio habitual \u00e0 HACHE Gallery para uma introdu\u00e7\u00e3o intimista \u00e0 arte contempor\u00e2nea argentina e latino-americana, combinada com a gastronomia local. Voc\u00ea aproveitar\u00e1 uma visita guiada conduzida pelos diretores da galeria, explorar\u00e1 arquivos n\u00e3o abertos ao p\u00fablico e participar\u00e1 de uma conversa privada com um artista em destaque. Al\u00e9m disso, saborear\u00e1 um brunch argentino gourmet ou uma picada com del\u00edcias tradicionais, acompanhadas por uma degusta\u00e7\u00e3o de vinhos cuidadosamente selecionada. Para encerrar a experi\u00eancia, voc\u00ea levar\u00e1 para casa um presente editorial da HACHE Gallery como lembran\u00e7a do encontro. Exclusivo para portadores de cart\u00f5es Mastercard.<\/p>\n","protected":false},"excerpt":{"rendered":"<p>Garanta acesso privilegiado fora do hor\u00e1rio habitual \u00e0 HACHE Gallery para uma introdu\u00e7\u00e3o intimista \u00e0 arte contempor\u00e2nea argentina e latino-americana, combinada com a gastronomia local. Voc\u00ea aproveitar\u00e1 uma visita guiada conduzida pelos diretores da galeria, explorar\u00e1 arquivos n\u00e3o abertos ao p\u00fablico e participar\u00e1 de uma conversa privada com um artista em destaque. Al\u00e9m disso, saborear\u00e1 [&hellip;]<\/p>\n","protected":false},"featured_media":12204,"template":"","meta":{"_acf_changed":false,"inline_featured_image":false},"product_brand":[],"product_cat":[48],"product_tag":[],"class_list":{"0":"post-12176","1":"product","2":"type-product","3":"status-publish","4":"has-post-thumbnail","6":"product_cat-experienciasx","8":"first","9":"instock","10":"virtual","11":"sold-individually","12":"purchasable","13":"product-type-booking"},"acf":[],"_links":{"self":[{"href":"https:\/\/experienciaslatam.com\/pt-br\/wp-json\/wp\/v2\/product\/12176","targetHints":{"allow":["GET"]}}],"collection":[{"href":"https:\/\/experienciaslatam.com\/pt-br\/wp-json\/wp\/v2\/product"}],"about":[{"href":"https:\/\/experienciaslatam.com\/pt-br\/wp-json\/wp\/v2\/types\/product"}],"wp:featuredmedia":[{"embeddable":true,"href":"https:\/\/experienciaslatam.com\/pt-br\/wp-json\/wp\/v2\/media\/12204"}],"wp:attachment":[{"href":"https:\/\/experienciaslatam.com\/pt-br\/wp-json\/wp\/v2\/media?parent=12176"}],"wp:term":[{"taxonomy":"product_brand","embeddable":true,"href":"https:\/\/experienciaslatam.com\/pt-br\/wp-json\/wp\/v2\/product_brand?post=12176"},{"taxonomy":"product_cat","embeddable":true,"href":"https:\/\/experienciaslatam.com\/pt-br\/wp-json\/wp\/v2\/product_cat?post=12176"},{"taxonomy":"product_tag","embeddable":true,"href":"https:\/\/experienciaslatam.com\/pt-br\/wp-json\/wp\/v2\/product_tag?post=12176"}],"curies":[{"name":"wp","href":"https:\/\/api.w.org\/{rel}","templated":true}]}}