{"id":12502,"date":"2026-04-16T16:26:40","date_gmt":"2026-04-16T21:26:40","guid":{"rendered":"https:\/\/experienciaslatam.com\/?post_type=product&#038;p=12502"},"modified":"2026-04-16T17:42:02","modified_gmt":"2026-04-16T22:42:02","slug":"descubra-a-observacao-de-aves-e-a-cultura-em-um-ecossistema-biodiverso","status":"publish","type":"product","link":"https:\/\/experienciaslatam.com\/pt-br\/experienciasx\/descubra-a-observacao-de-aves-e-a-cultura-em-um-ecossistema-biodiverso\/","title":{"rendered":"Descubra a observa\u00e7\u00e3o de aves e a cultura em um ecossistema biodiverso"},"content":{"rendered":"<p>Mergulhe na biodiversidade da regi\u00e3o da Sierra de La Macarena, na Col\u00f4mbia, por meio de uma jornada regenerativa conectada \u00e0 natureza e \u00e0 cultura. A experi\u00eancia come\u00e7a em Lejan\u00edas com um caf\u00e9 local, antes de seguir para a Fazenda El Diamante, onde voc\u00ea participar\u00e1 de um workshop art\u00edstico inspirado em aves e criar\u00e1 uma tela personalizada como lembran\u00e7a. Em seguida, desfrute de uma caminhada guiada para observa\u00e7\u00e3o de aves durante o hor\u00e1rio de maior atividade, acompanhada de um snack local e de um kit para observadores de aves.<br \/>\nPara encerrar, saboreie um jantar \u201cPreservando Tradi\u00e7\u00f5es\u201d, que celebra os ingredientes da regi\u00e3o e seus sabores ancestrais. Exclusivo para portadores de cart\u00e3o Mastercard.<\/p>\n","protected":false},"excerpt":{"rendered":"<p>Mergulhe na biodiversidade da regi\u00e3o da Sierra de La Macarena, na Col\u00f4mbia, por meio de uma jornada regenerativa conectada \u00e0 natureza e \u00e0 cultura. A experi\u00eancia come\u00e7a em Lejan\u00edas com um caf\u00e9 local, antes de seguir para a Fazenda El Diamante, onde voc\u00ea participar\u00e1 de um workshop art\u00edstico inspirado em aves e criar\u00e1 uma tela [&hellip;]<\/p>\n","protected":false},"featured_media":12517,"template":"","meta":{"_acf_changed":false,"inline_featured_image":false},"product_brand":[],"product_cat":[48],"product_tag":[],"class_list":{"0":"post-12502","1":"product","2":"type-product","3":"status-publish","4":"has-post-thumbnail","6":"product_cat-experienciasx","8":"first","9":"instock","10":"virtual","11":"sold-individually","12":"purchasable","13":"product-type-booking"},"acf":[],"_links":{"self":[{"href":"https:\/\/experienciaslatam.com\/pt-br\/wp-json\/wp\/v2\/product\/12502","targetHints":{"allow":["GET"]}}],"collection":[{"href":"https:\/\/experienciaslatam.com\/pt-br\/wp-json\/wp\/v2\/product"}],"about":[{"href":"https:\/\/experienciaslatam.com\/pt-br\/wp-json\/wp\/v2\/types\/product"}],"wp:featuredmedia":[{"embeddable":true,"href":"https:\/\/experienciaslatam.com\/pt-br\/wp-json\/wp\/v2\/media\/12517"}],"wp:attachment":[{"href":"https:\/\/experienciaslatam.com\/pt-br\/wp-json\/wp\/v2\/media?parent=12502"}],"wp:term":[{"taxonomy":"product_brand","embeddable":true,"href":"https:\/\/experienciaslatam.com\/pt-br\/wp-json\/wp\/v2\/product_brand?post=12502"},{"taxonomy":"product_cat","embeddable":true,"href":"https:\/\/experienciaslatam.com\/pt-br\/wp-json\/wp\/v2\/product_cat?post=12502"},{"taxonomy":"product_tag","embeddable":true,"href":"https:\/\/experienciaslatam.com\/pt-br\/wp-json\/wp\/v2\/product_tag?post=12502"}],"curies":[{"name":"wp","href":"https:\/\/api.w.org\/{rel}","templated":true}]}}