{"id":2740,"date":"2024-11-05T08:56:49","date_gmt":"2024-11-05T13:56:49","guid":{"rendered":"https:\/\/experienciaslatam.com\/sem%20categoria\/lunch-with-a-legendary-libertadores-player-before-the-final-match\/"},"modified":"2024-11-15T19:30:36","modified_gmt":"2024-11-16T00:30:36","slug":"meet-greet-jogo-futebol","status":"publish","type":"product","link":"https:\/\/experienciaslatam.com\/pt-br\/experienciasx\/meet-greet-jogo-futebol\/","title":{"rendered":"Almoce com um jogador lend\u00e1rio do futebol antes da partida Final"},"content":{"rendered":"<p><span data-contrast=\"none\">Sente-se com um jogador de futebol famoso para almo\u00e7ar em um local popular em Palermo, Buenos Aires. Voc\u00ea ouvir\u00e1 hist\u00f3rias in\u00e9ditas e anedotas nunca antes contadas, al\u00e9m de contar com um fot\u00f3grafo profissional para capturar todos os momentos. Voc\u00ea ser\u00e1 presenteado com memorab\u00edlias especiais do lend\u00e1rio jogador de futebol antes de pegar um carro particular e seguir para o est\u00e1dio para a final da CONMEBOL Libertadores. Voc\u00ea assistir\u00e1 \u00e0 partida em assentos de cortesia da categoria 1, com um cart\u00e3o pr\u00e9-pago Mastercard com USD 150 para gastar em alimentos, bebidas e produtos durante a partida. Exclusivo para titulares de cart\u00f5es Mastercard.<\/span><span data-ccp-props=\"{&quot;134233117&quot;:false,&quot;134233118&quot;:false,&quot;335551550&quot;:6,&quot;335551620&quot;:6,&quot;335559738&quot;:240,&quot;335559739&quot;:240}\">\u00a0<\/span><\/p>\n<p><b><span data-contrast=\"auto\">O que \u00e9 priceless?<\/span><\/b><span data-ccp-props=\"{&quot;134233117&quot;:false,&quot;134233118&quot;:false,&quot;335551550&quot;:6,&quot;335551620&quot;:6,&quot;335559738&quot;:240,&quot;335559739&quot;:240}\">\u00a0<\/span><\/p>\n<p><span data-contrast=\"none\">Rir e compartilhar hist\u00f3rias com um jogador de futebol famoso internacionalmente antes de ir ao est\u00e1dio para o jogo de sua vida.<\/span><\/p>\n","protected":false},"excerpt":{"rendered":"<p>Sente-se com um jogador de futebol famoso para almo\u00e7ar em um local popular em Palermo, Buenos Aires. Voc\u00ea ouvir\u00e1 hist\u00f3rias in\u00e9ditas e anedotas nunca antes contadas, al\u00e9m de contar com um fot\u00f3grafo profissional para capturar todos os momentos. Voc\u00ea ser\u00e1 presenteado com memorab\u00edlias especiais do lend\u00e1rio jogador de futebol antes de pegar um carro particular [&hellip;]<\/p>\n","protected":false},"featured_media":1792,"template":"","meta":{"_acf_changed":false,"inline_featured_image":false},"product_brand":[],"product_cat":[48,54],"product_tag":[],"class_list":{"0":"post-2740","1":"product","2":"type-product","3":"status-publish","4":"has-post-thumbnail","6":"product_cat-experienciasx","7":"product_cat-libertadoresx","9":"first","10":"instock","11":"sold-individually","12":"shipping-taxable","13":"purchasable","14":"product-type-variable","15":"has-default-attributes"},"acf":[],"_links":{"self":[{"href":"https:\/\/experienciaslatam.com\/pt-br\/wp-json\/wp\/v2\/product\/2740","targetHints":{"allow":["GET"]}}],"collection":[{"href":"https:\/\/experienciaslatam.com\/pt-br\/wp-json\/wp\/v2\/product"}],"about":[{"href":"https:\/\/experienciaslatam.com\/pt-br\/wp-json\/wp\/v2\/types\/product"}],"wp:featuredmedia":[{"embeddable":true,"href":"https:\/\/experienciaslatam.com\/pt-br\/wp-json\/wp\/v2\/media\/1792"}],"wp:attachment":[{"href":"https:\/\/experienciaslatam.com\/pt-br\/wp-json\/wp\/v2\/media?parent=2740"}],"wp:term":[{"taxonomy":"product_brand","embeddable":true,"href":"https:\/\/experienciaslatam.com\/pt-br\/wp-json\/wp\/v2\/product_brand?post=2740"},{"taxonomy":"product_cat","embeddable":true,"href":"https:\/\/experienciaslatam.com\/pt-br\/wp-json\/wp\/v2\/product_cat?post=2740"},{"taxonomy":"product_tag","embeddable":true,"href":"https:\/\/experienciaslatam.com\/pt-br\/wp-json\/wp\/v2\/product_tag?post=2740"}],"curies":[{"name":"wp","href":"https:\/\/api.w.org\/{rel}","templated":true}]}}