{"id":2746,"date":"2024-11-06T14:42:21","date_gmt":"2024-11-06T19:42:21","guid":{"rendered":"https:\/\/experienciaslatam.com\/sem%20categoria\/join-chiles-top-paddle-player-for-an-immersive-masterclass-and-brunch\/"},"modified":"2025-05-06T15:06:04","modified_gmt":"2025-05-06T20:06:04","slug":"junte-se-ao-melhor-jogador-de-paddle-do-chile-para-uma-imersiva-masterclass-e-um-brunch","status":"publish","type":"product","link":"https:\/\/experienciaslatam.com\/pt-br\/experienciasx\/junte-se-ao-melhor-jogador-de-paddle-do-chile-para-uma-imersiva-masterclass-e-um-brunch\/","title":{"rendered":"Junte-se ao melhor jogador de paddle do Chile para uma imersiva masterclass e um brunch"},"content":{"rendered":"<p style=\"text-align: left;\">Amplie suas habilidades no paddle em uma aula pr\u00e1tica exclusiva com a jogadora n\u00famero um do Chile, Giannina Minieri, seguida de um delicioso brunch. Voc\u00ea se encontrar\u00e1 com a campe\u00e3 pan-americana de paddle para uma manh\u00e3 emocionante de dicas, exerc\u00edcios e treinamento especializado, personalizados de acordo com suas habilidades, desde golpes na linha de base e t\u00e9cnicas de jogo na rede at\u00e9 estrat\u00e9gias de ataque e defesa, leitura de jogo e posicionamento na quadra, com situa\u00e7\u00f5es de jogo simuladas para que voc\u00ea possa praticar seus novos movimentos e obter feedback em tempo real. Depois disso, voc\u00ea compartilhar\u00e1 hist\u00f3rias com torradas de abacate, bolos e muito mais. Exclusivamente para portadores do cart\u00e3o Mastercard.<\/p>\n","protected":false},"excerpt":{"rendered":"<p>Amplie suas habilidades no paddle em uma aula pr\u00e1tica exclusiva com a jogadora n\u00famero um do Chile, Giannina Minieri, seguida de um delicioso brunch. Voc\u00ea se encontrar\u00e1 com a campe\u00e3 pan-americana de paddle para uma manh\u00e3 emocionante de dicas, exerc\u00edcios e treinamento especializado, personalizados de acordo com suas habilidades, desde golpes na linha de base [&hellip;]<\/p>\n","protected":false},"featured_media":2493,"template":"","meta":{"_acf_changed":false,"inline_featured_image":false},"product_brand":[],"product_cat":[48],"product_tag":[],"class_list":{"0":"post-2746","1":"product","2":"type-product","3":"status-publish","4":"has-post-thumbnail","6":"product_cat-experienciasx","8":"first","9":"instock","10":"sold-individually","11":"shipping-taxable","12":"purchasable","13":"product-type-booking"},"acf":[],"_links":{"self":[{"href":"https:\/\/experienciaslatam.com\/pt-br\/wp-json\/wp\/v2\/product\/2746","targetHints":{"allow":["GET"]}}],"collection":[{"href":"https:\/\/experienciaslatam.com\/pt-br\/wp-json\/wp\/v2\/product"}],"about":[{"href":"https:\/\/experienciaslatam.com\/pt-br\/wp-json\/wp\/v2\/types\/product"}],"wp:featuredmedia":[{"embeddable":true,"href":"https:\/\/experienciaslatam.com\/pt-br\/wp-json\/wp\/v2\/media\/2493"}],"wp:attachment":[{"href":"https:\/\/experienciaslatam.com\/pt-br\/wp-json\/wp\/v2\/media?parent=2746"}],"wp:term":[{"taxonomy":"product_brand","embeddable":true,"href":"https:\/\/experienciaslatam.com\/pt-br\/wp-json\/wp\/v2\/product_brand?post=2746"},{"taxonomy":"product_cat","embeddable":true,"href":"https:\/\/experienciaslatam.com\/pt-br\/wp-json\/wp\/v2\/product_cat?post=2746"},{"taxonomy":"product_tag","embeddable":true,"href":"https:\/\/experienciaslatam.com\/pt-br\/wp-json\/wp\/v2\/product_tag?post=2746"}],"curies":[{"name":"wp","href":"https:\/\/api.w.org\/{rel}","templated":true}]}}