{"id":2750,"date":"2024-11-06T10:34:11","date_gmt":"2024-11-06T15:34:11","guid":{"rendered":"https:\/\/experienciaslatam.com\/sem%20categoria\/take-a-bean-to-bar-journey-at-an-artisanal-chocolate-factory-in-sao-paulo\/"},"modified":"2025-04-29T16:14:50","modified_gmt":"2025-04-29T21:14:50","slug":"faca-uma-viagem-do-grao-ao-bar-em-uma-fabrica-de-chocolate-artesanal-em-sao-paulo","status":"publish","type":"product","link":"https:\/\/experienciaslatam.com\/pt-br\/experienciasx\/faca-uma-viagem-do-grao-ao-bar-em-uma-fabrica-de-chocolate-artesanal-em-sao-paulo\/","title":{"rendered":"Fa\u00e7a uma viagem do gr\u00e3o ao bar em uma f\u00e1brica de chocolate artesanal em S\u00e3o Paulo"},"content":{"rendered":"<p>Delicie-se com uma noite fascinante &#8211; e deliciosa &#8211; de aprendizado e degusta\u00e7\u00e3o de chocolate, com uma masterclass interativa na Dengo Chocolate Factory. Voc\u00ea come\u00e7ar\u00e1 com um passeio pelo espa\u00e7o moderno e de v\u00e1rios n\u00edveis, enquanto um especialista o guia pelo processo de fabrica\u00e7\u00e3o do chocolate, do gr\u00e3o \u00e0 barra. Em seguida, experimente uma am\u00eandoa de cacau original coberta com chocolate antes de criar sua pr\u00f3pria barra personalizada, selecionando ingredientes, teor de cacau e formato. Voc\u00ea tamb\u00e9m receber\u00e1 um cachecol Dengo vers\u00e1til e elegante e um conjunto de bases para copos artesanais como lembran\u00e7a. Exclusivamente para portadores do cart\u00e3o Mastercard.<\/p>\n","protected":false},"excerpt":{"rendered":"<p>Delicie-se com uma noite fascinante &#8211; e deliciosa &#8211; de aprendizado e degusta\u00e7\u00e3o de chocolate, com uma masterclass interativa na Dengo Chocolate Factory. Voc\u00ea come\u00e7ar\u00e1 com um passeio pelo espa\u00e7o moderno e de v\u00e1rios n\u00edveis, enquanto um especialista o guia pelo processo de fabrica\u00e7\u00e3o do chocolate, do gr\u00e3o \u00e0 barra. Em seguida, experimente uma am\u00eandoa [&hellip;]<\/p>\n","protected":false},"featured_media":2350,"template":"","meta":{"_acf_changed":false,"inline_featured_image":false},"product_brand":[],"product_cat":[48],"product_tag":[],"class_list":{"0":"post-2750","1":"product","2":"type-product","3":"status-publish","4":"has-post-thumbnail","6":"product_cat-experienciasx","8":"first","9":"instock","10":"sold-individually","11":"shipping-taxable","12":"purchasable","13":"product-type-booking"},"acf":[],"_links":{"self":[{"href":"https:\/\/experienciaslatam.com\/pt-br\/wp-json\/wp\/v2\/product\/2750","targetHints":{"allow":["GET"]}}],"collection":[{"href":"https:\/\/experienciaslatam.com\/pt-br\/wp-json\/wp\/v2\/product"}],"about":[{"href":"https:\/\/experienciaslatam.com\/pt-br\/wp-json\/wp\/v2\/types\/product"}],"wp:featuredmedia":[{"embeddable":true,"href":"https:\/\/experienciaslatam.com\/pt-br\/wp-json\/wp\/v2\/media\/2350"}],"wp:attachment":[{"href":"https:\/\/experienciaslatam.com\/pt-br\/wp-json\/wp\/v2\/media?parent=2750"}],"wp:term":[{"taxonomy":"product_brand","embeddable":true,"href":"https:\/\/experienciaslatam.com\/pt-br\/wp-json\/wp\/v2\/product_brand?post=2750"},{"taxonomy":"product_cat","embeddable":true,"href":"https:\/\/experienciaslatam.com\/pt-br\/wp-json\/wp\/v2\/product_cat?post=2750"},{"taxonomy":"product_tag","embeddable":true,"href":"https:\/\/experienciaslatam.com\/pt-br\/wp-json\/wp\/v2\/product_tag?post=2750"}],"curies":[{"name":"wp","href":"https:\/\/api.w.org\/{rel}","templated":true}]}}