{"id":2754,"date":"2024-11-06T09:46:40","date_gmt":"2024-11-06T14:46:40","guid":{"rendered":"https:\/\/experienciaslatam.com\/sem%20categoria\/relish-a-guided-tour-of-sao-paulos-urban-art-hub-with-a-graffiti-artist\/"},"modified":"2025-04-29T16:44:10","modified_gmt":"2025-04-29T21:44:10","slug":"desfrute-de-uma-visita-guiada-ao-centro-de-arte-urbana-de-sao-paulo-com-um-artista-de-grafite","status":"publish","type":"product","link":"https:\/\/experienciaslatam.com\/pt-br\/experienciasx\/desfrute-de-uma-visita-guiada-ao-centro-de-arte-urbana-de-sao-paulo-com-um-artista-de-grafite\/","title":{"rendered":"Desfrute de uma visita guiada ao centro de arte urbana de S\u00e3o Paulo com um artista de grafite"},"content":{"rendered":"<p>Mergulhe no vibrante cen\u00e1rio da arte urbana de S\u00e3o Paulo com uma visita guiada e um workshop exclusivos. Voc\u00ea descobrir\u00e1 o famoso centro de arte de rua Batman Alley por meio de um de seus artistas mais proeminentes antes de ir para a galeria de arte contempor\u00e2nea A7MA, nas proximidades, onde voc\u00ea conhecer\u00e1 a hist\u00f3ria e as t\u00e9cnicas do grafite em um breve workshop. Em seguida, voc\u00ea colaborar\u00e1 com um artista profissional para criar um mural impressionante com todos os materiais necess\u00e1rios, incluindo m\u00e1scaras, tesouras, fita adesiva e tinta spray. Al\u00e9m disso, voc\u00ea receber\u00e1 uma caneca personalizada criada pelo artista Tch\u00e9 Ruggi e uma moldura exclusiva de 30 cm x 30 cm como presentes para comemorar o dia. Exclusivamente para portadores de cart\u00e3o Mastercard.<\/p>\n","protected":false},"excerpt":{"rendered":"<p>Mergulhe no vibrante cen\u00e1rio da arte urbana de S\u00e3o Paulo com uma visita guiada e um workshop exclusivos. Voc\u00ea descobrir\u00e1 o famoso centro de arte de rua Batman Alley por meio de um de seus artistas mais proeminentes antes de ir para a galeria de arte contempor\u00e2nea A7MA, nas proximidades, onde voc\u00ea conhecer\u00e1 a hist\u00f3ria [&hellip;]<\/p>\n","protected":false},"featured_media":2281,"template":"","meta":{"_acf_changed":false,"inline_featured_image":false},"product_brand":[],"product_cat":[48],"product_tag":[],"class_list":{"0":"post-2754","1":"product","2":"type-product","3":"status-publish","4":"has-post-thumbnail","6":"product_cat-experienciasx","8":"first","9":"instock","10":"sold-individually","11":"shipping-taxable","12":"purchasable","13":"product-type-booking"},"acf":[],"_links":{"self":[{"href":"https:\/\/experienciaslatam.com\/pt-br\/wp-json\/wp\/v2\/product\/2754","targetHints":{"allow":["GET"]}}],"collection":[{"href":"https:\/\/experienciaslatam.com\/pt-br\/wp-json\/wp\/v2\/product"}],"about":[{"href":"https:\/\/experienciaslatam.com\/pt-br\/wp-json\/wp\/v2\/types\/product"}],"wp:featuredmedia":[{"embeddable":true,"href":"https:\/\/experienciaslatam.com\/pt-br\/wp-json\/wp\/v2\/media\/2281"}],"wp:attachment":[{"href":"https:\/\/experienciaslatam.com\/pt-br\/wp-json\/wp\/v2\/media?parent=2754"}],"wp:term":[{"taxonomy":"product_brand","embeddable":true,"href":"https:\/\/experienciaslatam.com\/pt-br\/wp-json\/wp\/v2\/product_brand?post=2754"},{"taxonomy":"product_cat","embeddable":true,"href":"https:\/\/experienciaslatam.com\/pt-br\/wp-json\/wp\/v2\/product_cat?post=2754"},{"taxonomy":"product_tag","embeddable":true,"href":"https:\/\/experienciaslatam.com\/pt-br\/wp-json\/wp\/v2\/product_tag?post=2754"}],"curies":[{"name":"wp","href":"https:\/\/api.w.org\/{rel}","templated":true}]}}