{"id":2767,"date":"2024-11-06T09:01:56","date_gmt":"2024-11-06T14:01:56","guid":{"rendered":"https:\/\/experienciaslatam.com\/sem%20categoria\/hone-your-coffee-expertise-on-a-tour-of-a-coffee-farm-near-sao-paulo\/"},"modified":"2025-04-29T15:50:20","modified_gmt":"2025-04-29T20:50:20","slug":"aprimore-seus-conhecimentos-sobre-cafe-em-um-tour-por-uma-fazenda-de-cafe-perto-de-sao-paulo","status":"publish","type":"product","link":"https:\/\/experienciaslatam.com\/pt-br\/experienciasx\/aprimore-seus-conhecimentos-sobre-cafe-em-um-tour-por-uma-fazenda-de-cafe-perto-de-sao-paulo\/","title":{"rendered":"Aprimore seus conhecimentos sobre caf\u00e9 em um tour por uma fazenda de caf\u00e9 perto de S\u00e3o Paulo"},"content":{"rendered":"<p>Fa\u00e7a um tour pela fazenda de caf\u00e9 7 Senhoras, perto de S\u00e3o Paulo, e obtenha um conhecimento profundo da produ\u00e7\u00e3o de caf\u00e9, do gr\u00e3o \u00e0 x\u00edcara. Voc\u00ea pegar\u00e1 seu traslado gratuito para a fazenda em Socorro, onde seu guia compartilhar\u00e1 a hist\u00f3ria da fazenda e os processos p\u00f3s-colheita. Com um barista experiente, voc\u00ea degustar\u00e1 o caf\u00e9, incluindo uma bebida especial personalizada, preparada com v\u00e1rios m\u00e9todos. No final, voc\u00ea receber\u00e1 uma sacola de presente com gr\u00e3os de caf\u00e9 cobertos de chocolate e uma capa de caneca feita por artes\u00e3os locais da cidade de Socorro para comemorar seu dia. Exclusivamente para portadores do cart\u00e3o Mastercard.<\/p>\n","protected":false},"excerpt":{"rendered":"<p>Fa\u00e7a um tour pela fazenda de caf\u00e9 7 Senhoras, perto de S\u00e3o Paulo, e obtenha um conhecimento profundo da produ\u00e7\u00e3o de caf\u00e9, do gr\u00e3o \u00e0 x\u00edcara. Voc\u00ea pegar\u00e1 seu traslado gratuito para a fazenda em Socorro, onde seu guia compartilhar\u00e1 a hist\u00f3ria da fazenda e os processos p\u00f3s-colheita. Com um barista experiente, voc\u00ea degustar\u00e1 o [&hellip;]<\/p>\n","protected":false},"featured_media":2150,"template":"","meta":{"_acf_changed":false,"inline_featured_image":false},"product_brand":[],"product_cat":[48],"product_tag":[],"class_list":{"0":"post-2767","1":"product","2":"type-product","3":"status-publish","4":"has-post-thumbnail","6":"product_cat-experienciasx","8":"first","9":"instock","10":"sold-individually","11":"shipping-taxable","12":"purchasable","13":"product-type-booking"},"acf":[],"_links":{"self":[{"href":"https:\/\/experienciaslatam.com\/pt-br\/wp-json\/wp\/v2\/product\/2767","targetHints":{"allow":["GET"]}}],"collection":[{"href":"https:\/\/experienciaslatam.com\/pt-br\/wp-json\/wp\/v2\/product"}],"about":[{"href":"https:\/\/experienciaslatam.com\/pt-br\/wp-json\/wp\/v2\/types\/product"}],"wp:featuredmedia":[{"embeddable":true,"href":"https:\/\/experienciaslatam.com\/pt-br\/wp-json\/wp\/v2\/media\/2150"}],"wp:attachment":[{"href":"https:\/\/experienciaslatam.com\/pt-br\/wp-json\/wp\/v2\/media?parent=2767"}],"wp:term":[{"taxonomy":"product_brand","embeddable":true,"href":"https:\/\/experienciaslatam.com\/pt-br\/wp-json\/wp\/v2\/product_brand?post=2767"},{"taxonomy":"product_cat","embeddable":true,"href":"https:\/\/experienciaslatam.com\/pt-br\/wp-json\/wp\/v2\/product_cat?post=2767"},{"taxonomy":"product_tag","embeddable":true,"href":"https:\/\/experienciaslatam.com\/pt-br\/wp-json\/wp\/v2\/product_tag?post=2767"}],"curies":[{"name":"wp","href":"https:\/\/api.w.org\/{rel}","templated":true}]}}