{"id":2768,"date":"2024-11-05T17:56:52","date_gmt":"2024-11-05T22:56:52","guid":{"rendered":"https:\/\/experienciaslatam.com\/sem%20categoria\/revel-in-the-art-of-japanese-cuisine-at-a-sushi-masterclass-in-sao-paulo\/"},"modified":"2025-04-29T14:33:36","modified_gmt":"2025-04-29T19:33:36","slug":"deleite-se-com-a-arte-da-culinaria-japonesa-em-uma-aula-magna-de-sushi-em-sao-paulo","status":"publish","type":"product","link":"https:\/\/experienciaslatam.com\/pt-br\/experienciasx\/deleite-se-com-a-arte-da-culinaria-japonesa-em-uma-aula-magna-de-sushi-em-sao-paulo\/","title":{"rendered":"Deleite-se com a arte da culin\u00e1ria japonesa em uma aula magna de sushi em S\u00e3o Paulo"},"content":{"rendered":"<div class=\"elementor-element elementor-element-670c54f elementor-widget elementor-widget-theme-post-content\" data-id=\"670c54f\" data-element_type=\"widget\" data-widget_type=\"theme-post-content.default\">\n<div class=\"elementor-widget-container\">\n<div class=\"elementor-element elementor-element-670c54f elementor-widget elementor-widget-theme-post-content\" data-id=\"670c54f\" data-element_type=\"widget\" data-widget_type=\"theme-post-content.default\">\n<div class=\"elementor-widget-container\">\n<div class=\"elementor-element elementor-element-670c54f elementor-widget elementor-widget-theme-post-content\" data-id=\"670c54f\" data-element_type=\"widget\" data-widget_type=\"theme-post-content.default\">\n<div class=\"elementor-widget-container\">\n<div class=\"elementor-element elementor-element-670c54f elementor-widget elementor-widget-theme-post-content\" data-id=\"670c54f\" data-element_type=\"widget\" data-widget_type=\"theme-post-content.default\">\n<div class=\"elementor-widget-container\">\n<div class=\"elementor-element elementor-element-670c54f elementor-widget elementor-widget-theme-post-content\" data-id=\"670c54f\" data-element_type=\"widget\" data-widget_type=\"theme-post-content.default\">\n<div class=\"elementor-widget-container\">\n<p>Conhe\u00e7a a deliciosa culin\u00e1ria da comunidade japonesa de S\u00e3o Paulo com uma aula magistral de sushi e sashimi em uma das melhores escolas de culin\u00e1ria do Brasil. Voc\u00ea saborear\u00e1 um drinque personalizado feito especialmente para a ocasi\u00e3o, enquanto seu instrutor especializado compartilha os fundamentos dessa forma de arte culin\u00e1ria, antes de tentar preparar v\u00e1rios pratos tradicionais. Voc\u00ea receber\u00e1 seu pr\u00f3prio kit de sushi para levar para casa. Exclusivamente para portadores do cart\u00e3o Mastercard.<\/p>\n<\/div>\n<\/div>\n<\/div>\n<\/div>\n<\/div>\n<\/div>\n<\/div>\n<\/div>\n<\/div>\n<\/div>\n","protected":false},"excerpt":{"rendered":"<p>Conhe\u00e7a a deliciosa culin\u00e1ria da comunidade japonesa de S\u00e3o Paulo com uma aula magistral de sushi e sashimi em uma das melhores escolas de culin\u00e1ria do Brasil. Voc\u00ea saborear\u00e1 um drinque personalizado feito especialmente para a ocasi\u00e3o, enquanto seu instrutor especializado compartilha os fundamentos dessa forma de arte culin\u00e1ria, antes de tentar preparar v\u00e1rios pratos [&hellip;]<\/p>\n","protected":false},"featured_media":2174,"template":"","meta":{"_acf_changed":false,"inline_featured_image":false},"product_brand":[],"product_cat":[48],"product_tag":[],"class_list":{"0":"post-2768","1":"product","2":"type-product","3":"status-publish","4":"has-post-thumbnail","6":"product_cat-experienciasx","8":"first","9":"instock","10":"virtual","11":"sold-individually","12":"purchasable","13":"product-type-booking"},"acf":[],"_links":{"self":[{"href":"https:\/\/experienciaslatam.com\/pt-br\/wp-json\/wp\/v2\/product\/2768","targetHints":{"allow":["GET"]}}],"collection":[{"href":"https:\/\/experienciaslatam.com\/pt-br\/wp-json\/wp\/v2\/product"}],"about":[{"href":"https:\/\/experienciaslatam.com\/pt-br\/wp-json\/wp\/v2\/types\/product"}],"wp:featuredmedia":[{"embeddable":true,"href":"https:\/\/experienciaslatam.com\/pt-br\/wp-json\/wp\/v2\/media\/2174"}],"wp:attachment":[{"href":"https:\/\/experienciaslatam.com\/pt-br\/wp-json\/wp\/v2\/media?parent=2768"}],"wp:term":[{"taxonomy":"product_brand","embeddable":true,"href":"https:\/\/experienciaslatam.com\/pt-br\/wp-json\/wp\/v2\/product_brand?post=2768"},{"taxonomy":"product_cat","embeddable":true,"href":"https:\/\/experienciaslatam.com\/pt-br\/wp-json\/wp\/v2\/product_cat?post=2768"},{"taxonomy":"product_tag","embeddable":true,"href":"https:\/\/experienciaslatam.com\/pt-br\/wp-json\/wp\/v2\/product_tag?post=2768"}],"curies":[{"name":"wp","href":"https:\/\/api.w.org\/{rel}","templated":true}]}}