{"id":2781,"date":"2024-11-05T15:48:14","date_gmt":"2024-11-05T20:48:14","guid":{"rendered":"https:\/\/experienciaslatam.com\/sem%20categoria\/ride-in-a-racing-champs-car-and-share-a-luxe-private-lunch-in-buenos-aires\/"},"modified":"2024-11-18T19:56:18","modified_gmt":"2024-11-19T00:56:18","slug":"ande-no-carro-de-um-campeao-de-corrida-e-compartilhe-um-luxuoso-almoco-privativo-em-buenos-aires","status":"publish","type":"product","link":"https:\/\/experienciaslatam.com\/pt-br\/experienciasx\/ande-no-carro-de-um-campeao-de-corrida-e-compartilhe-um-luxuoso-almoco-privativo-em-buenos-aires\/","title":{"rendered":"Ande no carro de um campe\u00e3o de corrida e compartilhe um luxuoso almo\u00e7o privativo em Buenos Aires"},"content":{"rendered":"<p>Divirta-se em um passeio \u00fanico na vida com o famoso piloto de corrida e piloto de helic\u00f3ptero Osvaldo \u201c Cocho \u201d L\u00f3pez. Voc\u00ea conhecer\u00e1 o campe\u00e3o de F\u00f3rmula 2 de renome internacional \u2014 cujos t\u00edtulos incluem o TC2000 e que competiu em Le Mans, Daytona e muito mais \u2014 para um passeio exclusivo em seu carro de corrida. Depois de completar uma volta na pista, voc\u00ea ir\u00e1 para um espa\u00e7o privado reservado no Heliporto do Aut\u00f3dromo para um delicioso almo\u00e7o preparado por dois chefs talentosos e apresentando culin\u00e1rias nikkei e asi\u00e1tica. Durante sua refei\u00e7\u00e3o, voc\u00ea se conectar\u00e1 e ouvir\u00e1 anedotas do c\u00e9lebre piloto e piloto argentino. Exclusivamente para portadores de cart\u00e3o Mastercard.<\/p>\n","protected":false},"excerpt":{"rendered":"<p>Divirta-se em um passeio \u00fanico na vida com o famoso piloto de corrida e piloto de helic\u00f3ptero Osvaldo \u201c Cocho \u201d L\u00f3pez. Voc\u00ea conhecer\u00e1 o campe\u00e3o de F\u00f3rmula 2 de renome internacional \u2014 cujos t\u00edtulos incluem o TC2000 e que competiu em Le Mans, Daytona e muito mais \u2014 para um passeio exclusivo em seu [&hellip;]<\/p>\n","protected":false},"featured_media":1997,"template":"","meta":{"_acf_changed":false,"inline_featured_image":false},"product_brand":[],"product_cat":[48],"product_tag":[],"class_list":{"0":"post-2781","1":"product","2":"type-product","3":"status-publish","4":"has-post-thumbnail","6":"product_cat-experienciasx","8":"first","9":"instock","10":"virtual","11":"sold-individually","12":"purchasable","13":"product-type-booking"},"acf":[],"_links":{"self":[{"href":"https:\/\/experienciaslatam.com\/pt-br\/wp-json\/wp\/v2\/product\/2781","targetHints":{"allow":["GET"]}}],"collection":[{"href":"https:\/\/experienciaslatam.com\/pt-br\/wp-json\/wp\/v2\/product"}],"about":[{"href":"https:\/\/experienciaslatam.com\/pt-br\/wp-json\/wp\/v2\/types\/product"}],"wp:featuredmedia":[{"embeddable":true,"href":"https:\/\/experienciaslatam.com\/pt-br\/wp-json\/wp\/v2\/media\/1997"}],"wp:attachment":[{"href":"https:\/\/experienciaslatam.com\/pt-br\/wp-json\/wp\/v2\/media?parent=2781"}],"wp:term":[{"taxonomy":"product_brand","embeddable":true,"href":"https:\/\/experienciaslatam.com\/pt-br\/wp-json\/wp\/v2\/product_brand?post=2781"},{"taxonomy":"product_cat","embeddable":true,"href":"https:\/\/experienciaslatam.com\/pt-br\/wp-json\/wp\/v2\/product_cat?post=2781"},{"taxonomy":"product_tag","embeddable":true,"href":"https:\/\/experienciaslatam.com\/pt-br\/wp-json\/wp\/v2\/product_tag?post=2781"}],"curies":[{"name":"wp","href":"https:\/\/api.w.org\/{rel}","templated":true}]}}