{"id":2787,"date":"2024-11-05T14:28:02","date_gmt":"2024-11-05T19:28:02","guid":{"rendered":"https:\/\/experienciaslatam.com\/sem%20categoria\/stroll-through-the-past-on-a-walking-tour-of-buenos-aires\/"},"modified":"2025-03-03T15:37:21","modified_gmt":"2025-03-03T20:37:21","slug":"passeie-pelo-passado-em-um-passeio-a-pe-por-buenos-aires","status":"publish","type":"product","link":"https:\/\/experienciaslatam.com\/pt-br\/experienciasx\/passeie-pelo-passado-em-um-passeio-a-pe-por-buenos-aires\/","title":{"rendered":"Passeie pelos s\u00e9culos em um tour por Buenos Aires"},"content":{"rendered":"<p>Descubra Buenos Aires da perspectiva de um insider em um passeio a p\u00e9 imersivo liderado pela guia local especialista Soledad von Klitzing. Voc\u00ea ganhar\u00e1 insights sobre a capital cosmopolita da Argentina enquanto se maravilha com marcos como a esta\u00e7\u00e3o de trem Retiro e o Cemit\u00e9rio Chacarita e explora a \u00e1rea de luxo de Belgrano. Ao longo do caminho, delicie-se com hist\u00f3rias de von Klitzing que aprofundar\u00e3o sua compreens\u00e3o do significado de cada parada e da rica cultura e hist\u00f3ria da cidade. Voc\u00ea terminar\u00e1 o passeio com refrescos no hist\u00f3rico Las Violetas, um dos caf\u00e9s &#8220;certificados not\u00e1veis&#8221; de Buenos Aires. Exclusivamente para portadores de cart\u00e3o Mastercard.<\/p>\n","protected":false},"excerpt":{"rendered":"<p>Descubra Buenos Aires da perspectiva de um insider em um passeio a p\u00e9 imersivo liderado pela guia local especialista Soledad von Klitzing. Voc\u00ea ganhar\u00e1 insights sobre a capital cosmopolita da Argentina enquanto se maravilha com marcos como a esta\u00e7\u00e3o de trem Retiro e o Cemit\u00e9rio Chacarita e explora a \u00e1rea de luxo de Belgrano. Ao [&hellip;]<\/p>\n","protected":false},"featured_media":1917,"template":"","meta":{"_acf_changed":false,"inline_featured_image":false},"product_brand":[],"product_cat":[48],"product_tag":[],"class_list":{"0":"post-2787","1":"product","2":"type-product","3":"status-publish","4":"has-post-thumbnail","6":"product_cat-experienciasx","8":"first","9":"instock","10":"virtual","11":"sold-individually","12":"purchasable","13":"product-type-booking"},"acf":[],"_links":{"self":[{"href":"https:\/\/experienciaslatam.com\/pt-br\/wp-json\/wp\/v2\/product\/2787","targetHints":{"allow":["GET"]}}],"collection":[{"href":"https:\/\/experienciaslatam.com\/pt-br\/wp-json\/wp\/v2\/product"}],"about":[{"href":"https:\/\/experienciaslatam.com\/pt-br\/wp-json\/wp\/v2\/types\/product"}],"wp:featuredmedia":[{"embeddable":true,"href":"https:\/\/experienciaslatam.com\/pt-br\/wp-json\/wp\/v2\/media\/1917"}],"wp:attachment":[{"href":"https:\/\/experienciaslatam.com\/pt-br\/wp-json\/wp\/v2\/media?parent=2787"}],"wp:term":[{"taxonomy":"product_brand","embeddable":true,"href":"https:\/\/experienciaslatam.com\/pt-br\/wp-json\/wp\/v2\/product_brand?post=2787"},{"taxonomy":"product_cat","embeddable":true,"href":"https:\/\/experienciaslatam.com\/pt-br\/wp-json\/wp\/v2\/product_cat?post=2787"},{"taxonomy":"product_tag","embeddable":true,"href":"https:\/\/experienciaslatam.com\/pt-br\/wp-json\/wp\/v2\/product_tag?post=2787"}],"curies":[{"name":"wp","href":"https:\/\/api.w.org\/{rel}","templated":true}]}}