{"id":2795,"date":"2024-11-05T10:00:37","date_gmt":"2024-11-05T15:00:37","guid":{"rendered":"https:\/\/experienciaslatam.com\/sem%20categoria\/indulge-in-chilean-haute-cuisine-in-the-santiago-home-of-two-elite-chefs\/"},"modified":"2025-05-06T12:09:14","modified_gmt":"2025-05-06T17:09:14","slug":"delicie-se-com-a-alta-gastronomia-chilena-na-casa-de-dois-chefs-de-elite-em-santiago","status":"publish","type":"product","link":"https:\/\/experienciaslatam.com\/pt-br\/experienciasx\/delicie-se-com-a-alta-gastronomia-chilena-na-casa-de-dois-chefs-de-elite-em-santiago\/","title":{"rendered":"Delicie-se com a alta gastronomia chilena na casa de dois chefs de elite em Santiago"},"content":{"rendered":"<p>Convide seus gourmets para uma noite \u00fanica de alta gastronomia chilena na cozinha caseira de dois chefs aclamados. Voc\u00ea se juntar\u00e1 aos anfitri\u00f5es Patricio e Jennifer, que compartilhar\u00e3o com voc\u00ea os segredos escondidos da gastronomia chilena enquanto servem um menu surpresa que revela a sutileza, o equil\u00edbrio e a eleg\u00e2ncia dos ingredientes premium da regi\u00e3o. Esta viagem culin\u00e1ria \u00fanica inclui paradas em sete \u201cesta\u00e7\u00f5es de alimenta\u00e7\u00e3o\u201d, juntamente com combina\u00e7\u00f5es de vinhos. Exclusivamente para portadores de cart\u00e3o Mastercard. A Mastercard, juntamente com a Priceless Planet Coalition, buscamos restaurar 100 milh\u00f5es de \u00e1rvores at\u00e9 2030. Para cada experi\u00eancia que voc\u00ea compactar , a Mastercard doar\u00e1 uma \u00e1rvore por meio da Priceless Planet Coalition. Com a sua contribui\u00e7\u00e3o, estamos promovendo a restaura\u00e7\u00e3o de 6 continentes.<\/p>\n","protected":false},"excerpt":{"rendered":"<p>Convide seus gourmets para uma noite \u00fanica de alta gastronomia chilena na cozinha caseira de dois chefs aclamados. Voc\u00ea se juntar\u00e1 aos anfitri\u00f5es Patricio e Jennifer, que compartilhar\u00e3o com voc\u00ea os segredos escondidos da gastronomia chilena enquanto servem um menu surpresa que revela a sutileza, o equil\u00edbrio e a eleg\u00e2ncia dos ingredientes premium da regi\u00e3o. [&hellip;]<\/p>\n","protected":false},"featured_media":1746,"template":"","meta":{"_acf_changed":false,"inline_featured_image":false},"product_brand":[],"product_cat":[48],"product_tag":[],"class_list":{"0":"post-2795","1":"product","2":"type-product","3":"status-publish","4":"has-post-thumbnail","6":"product_cat-experienciasx","8":"first","9":"instock","10":"sold-individually","11":"shipping-taxable","12":"purchasable","13":"product-type-booking"},"acf":[],"_links":{"self":[{"href":"https:\/\/experienciaslatam.com\/pt-br\/wp-json\/wp\/v2\/product\/2795","targetHints":{"allow":["GET"]}}],"collection":[{"href":"https:\/\/experienciaslatam.com\/pt-br\/wp-json\/wp\/v2\/product"}],"about":[{"href":"https:\/\/experienciaslatam.com\/pt-br\/wp-json\/wp\/v2\/types\/product"}],"wp:featuredmedia":[{"embeddable":true,"href":"https:\/\/experienciaslatam.com\/pt-br\/wp-json\/wp\/v2\/media\/1746"}],"wp:attachment":[{"href":"https:\/\/experienciaslatam.com\/pt-br\/wp-json\/wp\/v2\/media?parent=2795"}],"wp:term":[{"taxonomy":"product_brand","embeddable":true,"href":"https:\/\/experienciaslatam.com\/pt-br\/wp-json\/wp\/v2\/product_brand?post=2795"},{"taxonomy":"product_cat","embeddable":true,"href":"https:\/\/experienciaslatam.com\/pt-br\/wp-json\/wp\/v2\/product_cat?post=2795"},{"taxonomy":"product_tag","embeddable":true,"href":"https:\/\/experienciaslatam.com\/pt-br\/wp-json\/wp\/v2\/product_tag?post=2795"}],"curies":[{"name":"wp","href":"https:\/\/api.w.org\/{rel}","templated":true}]}}