{"id":2800,"date":"2024-11-02T10:22:01","date_gmt":"2024-11-02T15:22:01","guid":{"rendered":"https:\/\/experienciaslatam.com\/sem%20categoria\/taste-argentine-wines-with-expert-oenophiles-in-buenos-aires\/"},"modified":"2025-02-12T15:29:10","modified_gmt":"2025-02-12T20:29:10","slug":"deguste-vinhos-argentinos-com-enofilos-especialistas-em-buenos-aires","status":"publish","type":"product","link":"https:\/\/experienciaslatam.com\/pt-br\/experienciasx\/deguste-vinhos-argentinos-com-enofilos-especialistas-em-buenos-aires\/","title":{"rendered":"Deguste vinhos argentinos com en\u00f3filos especialistas em Buenos Aires"},"content":{"rendered":"<p><span class=\"TextRun SCXW261889484 BCX0\" lang=\"EN-US\" xml:lang=\"EN-US\" data-contrast=\"auto\"><span class=\"NormalTextRun SpellingErrorV2Themed SCXW261889484 BCX0\">Desfrute<\/span><span class=\"NormalTextRun SCXW261889484 BCX0\"> de <\/span><span class=\"NormalTextRun SpellingErrorV2Themed SCXW261889484 BCX0\">uma<\/span> <span class=\"NormalTextRun SpellingErrorV2Themed SCXW261889484 BCX0\">degusta\u00e7\u00e3o<\/span> <span class=\"NormalTextRun SpellingErrorV2Themed SCXW261889484 BCX0\">privada<\/span><span class=\"NormalTextRun SCXW261889484 BCX0\"> de vinhos <\/span><span class=\"NormalTextRun SpellingErrorV2Themed SCXW261889484 BCX0\">na<\/span><span class=\"NormalTextRun SCXW261889484 BCX0\"> Tierra <\/span><span class=\"NormalTextRun SpellingErrorV2Themed SCXW261889484 BCX0\">Mendocina<\/span><span class=\"NormalTextRun SCXW261889484 BCX0\">, no <\/span><span class=\"NormalTextRun SpellingErrorV2Themed SCXW261889484 BCX0\">pitoresco<\/span><span class=\"NormalTextRun SCXW261889484 BCX0\"> bairro de San Telmo <\/span><span class=\"NormalTextRun SpellingErrorV2Themed SCXW261889484 BCX0\">em<\/span><span class=\"NormalTextRun SCXW261889484 BCX0\"> Buenos Aires. <\/span><span class=\"NormalTextRun SpellingErrorV2Themed SCXW261889484 BCX0\">Voc\u00ea<\/span> <span class=\"NormalTextRun SpellingErrorV2Themed SCXW261889484 BCX0\">conhecer\u00e1<\/span> <span class=\"NormalTextRun SpellingErrorV2Themed SCXW261889484 BCX0\">seus<\/span> <span class=\"NormalTextRun SpellingErrorV2Themed SCXW261889484 BCX0\">anfitri\u00f5es<\/span><span class=\"NormalTextRun SCXW261889484 BCX0\">, o <\/span><span class=\"NormalTextRun SpellingErrorV2Themed SCXW261889484 BCX0\">propriet\u00e1rio<\/span><span class=\"NormalTextRun SCXW261889484 BCX0\"> da <\/span><span class=\"NormalTextRun SpellingErrorV2Themed SCXW261889484 BCX0\">loja<\/span><span class=\"NormalTextRun SCXW261889484 BCX0\"> Flavio Quiles e um sommelier, e <\/span><span class=\"NormalTextRun SpellingErrorV2Themed SCXW261889484 BCX0\">escolher\u00e1<\/span> <span class=\"NormalTextRun SpellingErrorV2Themed SCXW261889484 BCX0\">at\u00e9<\/span> <span class=\"NormalTextRun SpellingErrorV2Themed SCXW261889484 BCX0\">quatro<\/span><span class=\"NormalTextRun SCXW261889484 BCX0\"> vinhos de Mendoza, <\/span><span class=\"NormalTextRun SpellingErrorV2Themed SCXW261889484 BCX0\">incluindo<\/span><span class=\"NormalTextRun SCXW261889484 BCX0\"> malbec, <\/span><span class=\"NormalTextRun SpellingErrorV2Themed SCXW261889484 BCX0\">torront\u00e9s<\/span><span class=\"NormalTextRun SCXW261889484 BCX0\">, cabernet e <\/span><span class=\"NormalTextRun SpellingErrorV2Themed SCXW261889484 BCX0\">mais<\/span><span class=\"NormalTextRun SCXW261889484 BCX0\">. <\/span><span class=\"NormalTextRun SpellingErrorV2Themed SCXW261889484 BCX0\">Enquanto<\/span> <span class=\"NormalTextRun SpellingErrorV2Themed SCXW261889484 BCX0\">degusta<\/span><span class=\"NormalTextRun SCXW261889484 BCX0\">, <\/span><span class=\"NormalTextRun SpellingErrorV2Themed SCXW261889484 BCX0\">ouvir\u00e1<\/span><span class=\"NormalTextRun SCXW261889484 BCX0\"> a <\/span><span class=\"NormalTextRun SpellingErrorV2Themed SCXW261889484 BCX0\">hist\u00f3ria<\/span> <span class=\"NormalTextRun SpellingErrorV2Themed SCXW261889484 BCX0\">por<\/span> <span class=\"NormalTextRun SpellingErrorV2Themed SCXW261889484 BCX0\">tr\u00e1s<\/span><span class=\"NormalTextRun SCXW261889484 BCX0\"> de <\/span><span class=\"NormalTextRun SpellingErrorV2Themed SCXW261889484 BCX0\">cada<\/span> <span class=\"NormalTextRun SpellingErrorV2Themed SCXW261889484 BCX0\">vin\u00edcola<\/span><span class=\"NormalTextRun SCXW261889484 BCX0\"> e <\/span><span class=\"NormalTextRun SpellingErrorV2Themed SCXW261889484 BCX0\">apreciar\u00e1<\/span><span class=\"NormalTextRun SCXW261889484 BCX0\"> queijos gourmet <\/span><span class=\"NormalTextRun SpellingErrorV2Themed SCXW261889484 BCX0\">acompanhados<\/span><span class=\"NormalTextRun SCXW261889484 BCX0\"> de um <\/span><span class=\"NormalTextRun SpellingErrorV2Themed SCXW261889484 BCX0\">molho<\/span> <span class=\"NormalTextRun SpellingErrorV2Themed SCXW261889484 BCX0\">caseiro<\/span><span class=\"NormalTextRun SCXW261889484 BCX0\"> de <\/span><span class=\"NormalTextRun SpellingErrorV2Themed SCXW261889484 BCX0\">redu\u00e7\u00e3o<\/span><span class=\"NormalTextRun SCXW261889484 BCX0\"> de malbec. <\/span><span class=\"NormalTextRun SpellingErrorV2Themed SCXW261889484 BCX0\">Al\u00e9m<\/span> <span class=\"NormalTextRun SpellingErrorV2Themed SCXW261889484 BCX0\">disso<\/span><span class=\"NormalTextRun SCXW261889484 BCX0\">, <\/span><span class=\"NormalTextRun SpellingErrorV2Themed SCXW261889484 BCX0\">voc\u00ea<\/span> <span class=\"NormalTextRun SpellingErrorV2Themed SCXW261889484 BCX0\">receber\u00e1<\/span> <span class=\"NormalTextRun SpellingErrorV2Themed SCXW261889484 BCX0\">uma<\/span> <span class=\"NormalTextRun SpellingErrorV2Themed SCXW261889484 BCX0\">rolha<\/span><span class=\"NormalTextRun SCXW261889484 BCX0\"> de vinho <\/span><span class=\"NormalTextRun SpellingErrorV2Themed SCXW261889484 BCX0\">personalizada<\/span><span class=\"NormalTextRun SCXW261889484 BCX0\"> para <\/span><span class=\"NormalTextRun SpellingErrorV2Themed SpellingErrorHighlight SCXW261889484 BCX0\">comemorar<\/span><span class=\"NormalTextRun SCXW261889484 BCX0\"> o dia. <\/span><span class=\"NormalTextRun SpellingErrorV2Themed SCXW261889484 BCX0\">Exclusivamente<\/span><span class=\"NormalTextRun SCXW261889484 BCX0\"> para <\/span><span class=\"NormalTextRun SpellingErrorV2Themed SCXW261889484 BCX0\">titulares<\/span><span class=\"NormalTextRun SCXW261889484 BCX0\"> de <\/span><span class=\"NormalTextRun SpellingErrorV2Themed SCXW261889484 BCX0\">cart\u00f5es<\/span><span class=\"NormalTextRun SCXW261889484 BCX0\"> Mastercard.<\/span><\/span><span class=\"EOP SCXW261889484 BCX0\" data-ccp-props=\"{&quot;134233117&quot;:false,&quot;134233118&quot;:false,&quot;335551550&quot;:6,&quot;335551620&quot;:6,&quot;335559738&quot;:240,&quot;335559739&quot;:240}\">\u00a0<\/span><\/p>\n","protected":false},"excerpt":{"rendered":"<p>Desfrute de uma degusta\u00e7\u00e3o privada de vinhos na Tierra Mendocina, no pitoresco bairro de San Telmo em Buenos Aires. Voc\u00ea conhecer\u00e1 seus anfitri\u00f5es, o propriet\u00e1rio da loja Flavio Quiles e um sommelier, e escolher\u00e1 at\u00e9 quatro vinhos de Mendoza, incluindo malbec, torront\u00e9s, cabernet e mais. Enquanto degusta, ouvir\u00e1 a hist\u00f3ria por tr\u00e1s de cada vin\u00edcola [&hellip;]<\/p>\n","protected":false},"featured_media":1679,"template":"","meta":{"_acf_changed":false,"inline_featured_image":false},"product_brand":[],"product_cat":[48],"product_tag":[],"class_list":{"0":"post-2800","1":"product","2":"type-product","3":"status-publish","4":"has-post-thumbnail","6":"product_cat-experienciasx","8":"first","9":"instock","10":"sold-individually","11":"shipping-taxable","12":"purchasable","13":"product-type-booking"},"acf":[],"_links":{"self":[{"href":"https:\/\/experienciaslatam.com\/pt-br\/wp-json\/wp\/v2\/product\/2800","targetHints":{"allow":["GET"]}}],"collection":[{"href":"https:\/\/experienciaslatam.com\/pt-br\/wp-json\/wp\/v2\/product"}],"about":[{"href":"https:\/\/experienciaslatam.com\/pt-br\/wp-json\/wp\/v2\/types\/product"}],"wp:featuredmedia":[{"embeddable":true,"href":"https:\/\/experienciaslatam.com\/pt-br\/wp-json\/wp\/v2\/media\/1679"}],"wp:attachment":[{"href":"https:\/\/experienciaslatam.com\/pt-br\/wp-json\/wp\/v2\/media?parent=2800"}],"wp:term":[{"taxonomy":"product_brand","embeddable":true,"href":"https:\/\/experienciaslatam.com\/pt-br\/wp-json\/wp\/v2\/product_brand?post=2800"},{"taxonomy":"product_cat","embeddable":true,"href":"https:\/\/experienciaslatam.com\/pt-br\/wp-json\/wp\/v2\/product_cat?post=2800"},{"taxonomy":"product_tag","embeddable":true,"href":"https:\/\/experienciaslatam.com\/pt-br\/wp-json\/wp\/v2\/product_tag?post=2800"}],"curies":[{"name":"wp","href":"https:\/\/api.w.org\/{rel}","templated":true}]}}