{"id":3155,"date":"2024-11-14T20:04:47","date_gmt":"2024-11-15T01:04:47","guid":{"rendered":"https:\/\/experienciaslatam.com\/?post_type=product&#038;p=3155"},"modified":"2024-11-15T19:49:33","modified_gmt":"2024-11-16T00:49:33","slug":"a-turne-da-boca-argentina","status":"publish","type":"product","link":"https:\/\/experienciaslatam.com\/pt-br\/experienciasx\/a-turne-da-boca-argentina\/","title":{"rendered":"Celebre a CONMEBOL Libertadores 2024 com o City Tour Buenos Aires Sur"},"content":{"rendered":"<p><span data-contrast=\"auto\">Adicione um toque extra de emo\u00e7\u00e3o \u00e0 sua experi\u00eancia da final da CONMEBOL Libertadores 2024 com o City Tour Buenos Aires Sur no [data a confirmar] de novembro de 2024. Esta aventura pelo sul da cidade come\u00e7a na Plaza de Mayo, onde voc\u00ea visitar\u00e1 a imponente Catedral Metropolitana e poder\u00e1 tirar uma foto em frente \u00e0 Casa Rosada. Em seguida, voc\u00ea seguir\u00e1 para o encantador bairro de San Telmo, onde recorrer\u00e1 seu vibrante mercado. Por fim, voc\u00ea subir\u00e1 em um \u00f4nibus vintage at\u00e9 La Boca, onde desfrutar\u00e1 de um almo\u00e7o no El Gran Paraiso, um restaurante ao ar livre muito popular entre os locais. Ap\u00f3s a refei\u00e7\u00e3o, voc\u00ea poder\u00e1 continuar explorando o bairro de Puerto Madero ou visitar o Museu CONMEBOL. A experi\u00eancia inclui tamb\u00e9m um presente exclusivo da CONMEBOL para levar para casa. Exclusivo para titulares de cart\u00e3o Mastercard.<\/span><span data-ccp-props=\"{&quot;134233117&quot;:false,&quot;134233118&quot;:false,&quot;335551550&quot;:6,&quot;335551620&quot;:6,&quot;335559738&quot;:240,&quot;335559739&quot;:240}\">\u00a0<\/span><\/p>\n<p><b><span data-contrast=\"auto\">O que \u00e9 invaluable<\/span><\/b><span data-contrast=\"auto\">:<\/span><span data-ccp-props=\"{&quot;134233117&quot;:false,&quot;134233118&quot;:false,&quot;335551550&quot;:6,&quot;335551620&quot;:6,&quot;335559738&quot;:240,&quot;335559739&quot;:240}\">\u00a0<\/span><\/p>\n<p><span data-contrast=\"auto\">Explorar o bairro mais antigo de Buenos Aires com um amigo e depois relaxar durante o almo\u00e7o em um restaurante ao ar livre perfeito para fotos.<\/span><span data-ccp-props=\"{&quot;134233117&quot;:false,&quot;134233118&quot;:false,&quot;335551550&quot;:6,&quot;335551620&quot;:6,&quot;335559738&quot;:240,&quot;335559739&quot;:240}\">\u00a0<\/span><\/p>\n","protected":false},"excerpt":{"rendered":"<p>Adicione um toque extra de emo\u00e7\u00e3o \u00e0 sua experi\u00eancia da final da CONMEBOL Libertadores 2024 com o City Tour Buenos Aires Sur no [data a confirmar] de novembro de 2024. Esta aventura pelo sul da cidade come\u00e7a na Plaza de Mayo, onde voc\u00ea visitar\u00e1 a imponente Catedral Metropolitana e poder\u00e1 tirar uma foto em frente [&hellip;]<\/p>\n","protected":false},"featured_media":3158,"template":"","meta":{"_acf_changed":false,"inline_featured_image":false},"product_brand":[],"product_cat":[48,54],"product_tag":[],"class_list":{"0":"post-3155","1":"product","2":"type-product","3":"status-publish","4":"has-post-thumbnail","6":"product_cat-experienciasx","7":"product_cat-libertadoresx","9":"first","10":"instock","11":"sold-individually","12":"shipping-taxable","13":"purchasable","14":"product-type-variable","15":"has-default-attributes"},"acf":[],"_links":{"self":[{"href":"https:\/\/experienciaslatam.com\/pt-br\/wp-json\/wp\/v2\/product\/3155","targetHints":{"allow":["GET"]}}],"collection":[{"href":"https:\/\/experienciaslatam.com\/pt-br\/wp-json\/wp\/v2\/product"}],"about":[{"href":"https:\/\/experienciaslatam.com\/pt-br\/wp-json\/wp\/v2\/types\/product"}],"wp:featuredmedia":[{"embeddable":true,"href":"https:\/\/experienciaslatam.com\/pt-br\/wp-json\/wp\/v2\/media\/3158"}],"wp:attachment":[{"href":"https:\/\/experienciaslatam.com\/pt-br\/wp-json\/wp\/v2\/media?parent=3155"}],"wp:term":[{"taxonomy":"product_brand","embeddable":true,"href":"https:\/\/experienciaslatam.com\/pt-br\/wp-json\/wp\/v2\/product_brand?post=3155"},{"taxonomy":"product_cat","embeddable":true,"href":"https:\/\/experienciaslatam.com\/pt-br\/wp-json\/wp\/v2\/product_cat?post=3155"},{"taxonomy":"product_tag","embeddable":true,"href":"https:\/\/experienciaslatam.com\/pt-br\/wp-json\/wp\/v2\/product_tag?post=3155"}],"curies":[{"name":"wp","href":"https:\/\/api.w.org\/{rel}","templated":true}]}}