{"id":3906,"date":"2024-11-26T18:37:14","date_gmt":"2024-11-26T23:37:14","guid":{"rendered":"https:\/\/experienciaslatam.com\/?post_type=product&#038;p=3906"},"modified":"2026-01-07T12:06:16","modified_gmt":"2026-01-07T17:06:16","slug":"explore-as-populares-galerias-de-arte-de-bogota-com-acesso-exclusivo-apos-o-horario-habitual","status":"publish","type":"product","link":"https:\/\/experienciaslatam.com\/pt-br\/experienciasx\/explore-as-populares-galerias-de-arte-de-bogota-com-acesso-exclusivo-apos-o-horario-habitual\/","title":{"rendered":"Explore as populares galerias de arte de Bogot\u00e1 com acesso exclusivo ap\u00f3s o hor\u00e1rio habitual."},"content":{"rendered":"<p><span data-contrast=\"auto\">Mergulhe na cena art\u00edstica de Bogot\u00e1 com acesso exclusivo a tr\u00eas galerias aclamadas, um motorista privado e um guia especializado. Voc\u00ea se juntar\u00e1 \u00e0 sua guia, a curadora Angelina Guerrero, para uma jornada \u00fanica come\u00e7ando no Espacio Continuo, onde conversar\u00e1 com a estimada diretora Katy Hern\u00e1ndez. Em seguida, ser\u00e1 conduzido em um Mercedes Viano at\u00e9 a Casas Riegner, onde a diretora Ana Duran e a curadora Paula Bossa compartilhar\u00e3o suas percep\u00e7\u00f5es art\u00edsticas. Mais tarde, na galeria La Cometa, o diretor Esteban Jaramillo explicar\u00e1 o ethos do espa\u00e7o e voc\u00ea desfrutar\u00e1 de um aperitivo preparado pelo chef e uma recep\u00e7\u00e3o de coquet\u00e9is. Exclusivamente para titulares de cart\u00f5es Mastercard.<\/span><span data-ccp-props=\"{&quot;134233117&quot;:false,&quot;134233118&quot;:false,&quot;335551550&quot;:6,&quot;335551620&quot;:6,&quot;335559685&quot;:0,&quot;335559738&quot;:240,&quot;335559739&quot;:240}\">\u00a0<\/span><\/p>\n<p><span data-contrast=\"auto\">Fa\u00e7a novas conex\u00f5es com criativos de Bogot\u00e1 durante uma exclusiva noite de explora\u00e7\u00e3o art\u00edstica.<\/span><span data-ccp-props=\"{&quot;134233117&quot;:false,&quot;134233118&quot;:false,&quot;335551550&quot;:6,&quot;335551620&quot;:6,&quot;335559685&quot;:0,&quot;335559738&quot;:240,&quot;335559739&quot;:240}\">\u00a0<\/span><\/p>\n","protected":false},"excerpt":{"rendered":"<p>Mergulhe na cena art\u00edstica de Bogot\u00e1 com acesso exclusivo a tr\u00eas galerias aclamadas, um motorista privado e um guia especializado. Voc\u00ea se juntar\u00e1 \u00e0 sua guia, a curadora Angelina Guerrero, para uma jornada \u00fanica come\u00e7ando no Espacio Continuo, onde conversar\u00e1 com a estimada diretora Katy Hern\u00e1ndez. Em seguida, ser\u00e1 conduzido em um Mercedes Viano at\u00e9 [&hellip;]<\/p>\n","protected":false},"featured_media":3908,"template":"","meta":{"_acf_changed":false,"inline_featured_image":false},"product_brand":[],"product_cat":[48],"product_tag":[],"class_list":{"0":"post-3906","1":"product","2":"type-product","3":"status-publish","4":"has-post-thumbnail","6":"product_cat-experienciasx","8":"first","9":"instock","10":"sold-individually","11":"shipping-taxable","12":"purchasable","13":"product-type-booking"},"acf":[],"_links":{"self":[{"href":"https:\/\/experienciaslatam.com\/pt-br\/wp-json\/wp\/v2\/product\/3906","targetHints":{"allow":["GET"]}}],"collection":[{"href":"https:\/\/experienciaslatam.com\/pt-br\/wp-json\/wp\/v2\/product"}],"about":[{"href":"https:\/\/experienciaslatam.com\/pt-br\/wp-json\/wp\/v2\/types\/product"}],"wp:featuredmedia":[{"embeddable":true,"href":"https:\/\/experienciaslatam.com\/pt-br\/wp-json\/wp\/v2\/media\/3908"}],"wp:attachment":[{"href":"https:\/\/experienciaslatam.com\/pt-br\/wp-json\/wp\/v2\/media?parent=3906"}],"wp:term":[{"taxonomy":"product_brand","embeddable":true,"href":"https:\/\/experienciaslatam.com\/pt-br\/wp-json\/wp\/v2\/product_brand?post=3906"},{"taxonomy":"product_cat","embeddable":true,"href":"https:\/\/experienciaslatam.com\/pt-br\/wp-json\/wp\/v2\/product_cat?post=3906"},{"taxonomy":"product_tag","embeddable":true,"href":"https:\/\/experienciaslatam.com\/pt-br\/wp-json\/wp\/v2\/product_tag?post=3906"}],"curies":[{"name":"wp","href":"https:\/\/api.w.org\/{rel}","templated":true}]}}