{"id":3936,"date":"2024-11-26T19:08:45","date_gmt":"2024-11-27T00:08:45","guid":{"rendered":"https:\/\/experienciaslatam.com\/?post_type=product&#038;p=3936"},"modified":"2026-01-07T14:56:37","modified_gmt":"2026-01-07T19:56:37","slug":"passeie-pelos-seculos-em-um-tour-por-bogota","status":"publish","type":"product","link":"https:\/\/experienciaslatam.com\/pt-br\/experienciasx\/passeie-pelos-seculos-em-um-tour-por-bogota\/","title":{"rendered":"Passeie pelos s\u00e9culos em um tour por Bogot\u00e1"},"content":{"rendered":"<p><span class=\"TextRun SCXW82999176 BCX0\" lang=\"ES-CO\" xml:lang=\"ES-CO\" data-contrast=\"auto\"><span class=\"NormalTextRun SCXW82999176 BCX0\">Junte-se <\/span><span class=\"NormalTextRun ContextualSpellingAndGrammarErrorV2Themed SCXW82999176 BCX0\">a<\/span><span class=\"NormalTextRun SCXW82999176 BCX0\"> Angelina Guerrero, historiadora de arte <\/span><span class=\"NormalTextRun ContextualSpellingAndGrammarErrorV2Themed SCXW82999176 BCX0\">e<\/span><span class=\"NormalTextRun SCXW82999176 BCX0\"> residente de Bogot\u00e1, em <\/span><span class=\"NormalTextRun SpellingErrorV2Themed SCXW82999176 BCX0\">um<\/span> <span class=\"NormalTextRun SpellingErrorV2Themed SCXW82999176 BCX0\">passeio<\/span><span class=\"NormalTextRun SCXW82999176 BCX0\"> curado pela La Candelaria. <\/span><span class=\"NormalTextRun SpellingErrorV2Themed SCXW82999176 BCX0\">Voc\u00ea<\/span> <span class=\"NormalTextRun SpellingErrorV2Themed SCXW82999176 BCX0\">come\u00e7ar\u00e1<\/span><span class=\"NormalTextRun SCXW82999176 BCX0\"> em <\/span><span class=\"NormalTextRun SpellingErrorV2Themed SCXW82999176 BCX0\">um<\/span> <span class=\"NormalTextRun SpellingErrorV2Themed SCXW82999176 BCX0\">belo<\/span> <span class=\"NormalTextRun SpellingErrorV2Themed SCXW82999176 BCX0\">jardim<\/span><span class=\"NormalTextRun SCXW82999176 BCX0\"> privado, <\/span><span class=\"NormalTextRun SpellingErrorV2Themed SCXW82999176 BCX0\">caminhar\u00e1<\/span><span class=\"NormalTextRun SCXW82999176 BCX0\"> pelas <\/span><span class=\"NormalTextRun SpellingErrorV2Themed SCXW82999176 BCX0\">ruas<\/span><span class=\"NormalTextRun SCXW82999176 BCX0\"> de paralelep\u00edpedos entre a <\/span><span class=\"NormalTextRun SpellingErrorV2Themed SCXW82999176 BCX0\">arquitetura<\/span><span class=\"NormalTextRun SCXW82999176 BCX0\"> colonial e <\/span><span class=\"NormalTextRun SpellingErrorV2Themed SCXW82999176 BCX0\">far\u00e1<\/span> <span class=\"NormalTextRun SpellingErrorV2Themed SCXW82999176 BCX0\">uma<\/span><span class=\"NormalTextRun SCXW82999176 BCX0\"> pausa para tomar caf\u00e9 em <\/span><span class=\"NormalTextRun SpellingErrorV2Themed SCXW82999176 BCX0\">um<\/span><span class=\"NormalTextRun SCXW82999176 BCX0\"> caf\u00e9 <\/span><span class=\"NormalTextRun SpellingErrorV2Themed SCXW82999176 BCX0\">ic\u00f4nico<\/span> <span class=\"NormalTextRun SpellingErrorV2Themed SCXW82999176 BCX0\">cheio<\/span><span class=\"NormalTextRun SCXW82999176 BCX0\"> de <\/span><span class=\"NormalTextRun SpellingErrorV2Themed SCXW82999176 BCX0\">hist\u00f3ria<\/span><span class=\"NormalTextRun SCXW82999176 BCX0\"> local. No <\/span><span class=\"NormalTextRun SpellingErrorV2Themed SCXW82999176 BCX0\">caminho<\/span><span class=\"NormalTextRun SCXW82999176 BCX0\">, <\/span><span class=\"NormalTextRun SpellingErrorV2Themed SCXW82999176 BCX0\">voc\u00ea<\/span> <span class=\"NormalTextRun SpellingErrorV2Themed SCXW82999176 BCX0\">descobrir\u00e1<\/span><span class=\"NormalTextRun SCXW82999176 BCX0\"> lugares escondidos que <\/span><span class=\"NormalTextRun SpellingErrorV2Themed SCXW82999176 BCX0\">revelam<\/span> <span class=\"NormalTextRun SpellingErrorV2Themed SCXW82999176 BCX0\">hist\u00f3rias<\/span><span class=\"NormalTextRun SCXW82999176 BCX0\"> de comunidades ind\u00edgenas, colonialismo e <\/span><span class=\"NormalTextRun SpellingErrorV2Themed SCXW82999176 BCX0\">independ\u00eancia<\/span><span class=\"NormalTextRun SCXW82999176 BCX0\">. Em seguida, concluir\u00e1 <\/span><span class=\"NormalTextRun SpellingErrorV2Themed SCXW82999176 BCX0\">seu<\/span> <span class=\"NormalTextRun SpellingErrorV2Themed SCXW82999176 BCX0\">passeio<\/span> <span class=\"NormalTextRun SpellingErrorV2Themed SCXW82999176 BCX0\">na<\/span><span class=\"NormalTextRun SCXW82999176 BCX0\"> Prudencia para desfrutar de <\/span><span class=\"NormalTextRun SpellingErrorV2Themed SCXW82999176 BCX0\">um<\/span> <span class=\"NormalTextRun SpellingErrorV2Themed SCXW82999176 BCX0\">almo\u00e7o<\/span><span class=\"NormalTextRun SCXW82999176 BCX0\"> requintado de sete <\/span><span class=\"NormalTextRun SpellingErrorV2Themed SCXW82999176 BCX0\">pratos<\/span><span class=\"NormalTextRun SCXW82999176 BCX0\"> e <\/span><span class=\"NormalTextRun SpellingErrorV2Themed SCXW82999176 BCX0\">conhecer<\/span><span class=\"NormalTextRun SCXW82999176 BCX0\"> o chef e <\/span><span class=\"NormalTextRun SpellingErrorV2Themed SCXW82999176 BCX0\">propriet\u00e1rio<\/span><span class=\"NormalTextRun SCXW82999176 BCX0\">. Exclusivamente para titulares de <\/span><span class=\"NormalTextRun SpellingErrorV2Themed SCXW82999176 BCX0\">cart\u00e3o<\/span> <span class=\"NormalTextRun SpellingErrorV2Themed SCXW82999176 BCX0\">Mastercard<\/span><span class=\"NormalTextRun SCXW82999176 BCX0\">.<\/span><\/span><span class=\"EOP SCXW82999176 BCX0\" data-ccp-props=\"{&quot;335551550&quot;:6,&quot;335551620&quot;:6}\">\u00a0<\/span><\/p>\n","protected":false},"excerpt":{"rendered":"<p>Junte-se a Angelina Guerrero, historiadora de arte e residente de Bogot\u00e1, em um passeio curado pela La Candelaria. Voc\u00ea come\u00e7ar\u00e1 em um belo jardim privado, caminhar\u00e1 pelas ruas de paralelep\u00edpedos entre a arquitetura colonial e far\u00e1 uma pausa para tomar caf\u00e9 em um caf\u00e9 ic\u00f4nico cheio de hist\u00f3ria local. No caminho, voc\u00ea descobrir\u00e1 lugares escondidos [&hellip;]<\/p>\n","protected":false},"featured_media":3938,"template":"","meta":{"_acf_changed":false,"inline_featured_image":false},"product_brand":[],"product_cat":[48],"product_tag":[],"class_list":{"0":"post-3936","1":"product","2":"type-product","3":"status-publish","4":"has-post-thumbnail","6":"product_cat-experienciasx","8":"first","9":"instock","10":"sold-individually","11":"shipping-taxable","12":"purchasable","13":"product-type-booking"},"acf":[],"_links":{"self":[{"href":"https:\/\/experienciaslatam.com\/pt-br\/wp-json\/wp\/v2\/product\/3936","targetHints":{"allow":["GET"]}}],"collection":[{"href":"https:\/\/experienciaslatam.com\/pt-br\/wp-json\/wp\/v2\/product"}],"about":[{"href":"https:\/\/experienciaslatam.com\/pt-br\/wp-json\/wp\/v2\/types\/product"}],"wp:featuredmedia":[{"embeddable":true,"href":"https:\/\/experienciaslatam.com\/pt-br\/wp-json\/wp\/v2\/media\/3938"}],"wp:attachment":[{"href":"https:\/\/experienciaslatam.com\/pt-br\/wp-json\/wp\/v2\/media?parent=3936"}],"wp:term":[{"taxonomy":"product_brand","embeddable":true,"href":"https:\/\/experienciaslatam.com\/pt-br\/wp-json\/wp\/v2\/product_brand?post=3936"},{"taxonomy":"product_cat","embeddable":true,"href":"https:\/\/experienciaslatam.com\/pt-br\/wp-json\/wp\/v2\/product_cat?post=3936"},{"taxonomy":"product_tag","embeddable":true,"href":"https:\/\/experienciaslatam.com\/pt-br\/wp-json\/wp\/v2\/product_tag?post=3936"}],"curies":[{"name":"wp","href":"https:\/\/api.w.org\/{rel}","templated":true}]}}