{"id":4003,"date":"2024-11-27T10:45:49","date_gmt":"2024-11-27T15:45:49","guid":{"rendered":"https:\/\/experienciaslatam.com\/?post_type=product&#038;p=4003"},"modified":"2024-11-27T11:27:47","modified_gmt":"2024-11-27T16:27:47","slug":"delicie-se-com-seis-pratos-da-culinaria-colombiana-em-uma-masterclass-em-medellin","status":"publish","type":"product","link":"https:\/\/experienciaslatam.com\/pt-br\/experienciasx\/delicie-se-com-seis-pratos-da-culinaria-colombiana-em-uma-masterclass-em-medellin\/","title":{"rendered":"Delicie-se com seis pratos da culin\u00e1ria colombiana em uma masterclass em Medell\u00edn"},"content":{"rendered":"<div class=\"elementor-element elementor-element-670c54f elementor-widget elementor-widget-theme-post-content\" data-id=\"670c54f\" data-element_type=\"widget\" data-widget_type=\"theme-post-content.default\">\n<div class=\"elementor-widget-container\">\n<div class=\"elementor-element elementor-element-670c54f elementor-widget elementor-widget-theme-post-content\" data-id=\"670c54f\" data-element_type=\"widget\" data-widget_type=\"theme-post-content.default\">\n<div class=\"elementor-widget-container\">\n<div class=\"elementor-element elementor-element-670c54f elementor-widget elementor-widget-theme-post-content\" data-id=\"670c54f\" data-element_type=\"widget\" data-widget_type=\"theme-post-content.default\">\n<div class=\"elementor-widget-container\">\n<div class=\"elementor-element elementor-element-670c54f elementor-widget elementor-widget-theme-post-content\" data-id=\"670c54f\" data-element_type=\"widget\" data-widget_type=\"theme-post-content.default\">\n<div class=\"elementor-widget-container\">\n<div class=\"elementor-element elementor-element-670c54f elementor-widget elementor-widget-theme-post-content\" data-id=\"670c54f\" data-element_type=\"widget\" data-widget_type=\"theme-post-content.default\">\n<div class=\"elementor-widget-container\">\n<p><span class=\"TextRun SCXW160758845 BCX0\" lang=\"ES-ES\" xml:lang=\"ES-ES\" data-contrast=\"none\"><span class=\"NormalTextRun SCXW160758845 BCX0\">Desfrute de <\/span><span class=\"NormalTextRun SpellingErrorV2Themed SCXW160758845 BCX0\">uma<\/span> <span class=\"NormalTextRun SpellingErrorV2Themed SCXW160758845 BCX0\">noite<\/span><span class=\"NormalTextRun SCXW160758845 BCX0\"> de <\/span><span class=\"NormalTextRun SpellingErrorV2Themed SCXW160758845 BCX0\">pratos<\/span><span class=\"NormalTextRun SCXW160758845 BCX0\"> colombianos deliciosos e <\/span><span class=\"NormalTextRun SpellingErrorV2Themed SCXW160758845 BCX0\">culin\u00e1ria<\/span> <span class=\"NormalTextRun SpellingErrorV2Themed SCXW160758845 BCX0\">interativa<\/span><span class=\"NormalTextRun SCXW160758845 BCX0\"> no Test <\/span><span class=\"NormalTextRun SpellingErrorV2Themed SCXW160758845 BCX0\">Kitchen<\/span> <span class=\"NormalTextRun SpellingErrorV2Themed SCXW160758845 BCX0\">Lab<\/span><span class=\"NormalTextRun SCXW160758845 BCX0\"> em Medell\u00edn. <\/span><span class=\"NormalTextRun SpellingErrorV2Themed SCXW160758845 BCX0\">Voc\u00ea<\/span><span class=\"NormalTextRun SCXW160758845 BCX0\"> elevar\u00e1 <\/span><span class=\"NormalTextRun SpellingErrorV2Themed SCXW160758845 BCX0\">suas<\/span><span class=\"NormalTextRun SCXW160758845 BCX0\"> habilidades <\/span><span class=\"NormalTextRun SpellingErrorV2Themed SCXW160758845 BCX0\">culin\u00e1rias<\/span><span class=\"NormalTextRun SCXW160758845 BCX0\"> em <\/span><span class=\"NormalTextRun SpellingErrorV2Themed SCXW160758845 BCX0\">uma<\/span><span class=\"NormalTextRun SCXW160758845 BCX0\"> masterclass \u00edntima, <\/span><span class=\"NormalTextRun SpellingErrorV2Themed SCXW160758845 BCX0\">aprendendo<\/span> <span class=\"NormalTextRun SpellingErrorV2Themed SCXW160758845 BCX0\">na<\/span> <span class=\"NormalTextRun SpellingErrorV2Themed SCXW160758845 BCX0\">pr\u00e1tica<\/span><span class=\"NormalTextRun SCXW160758845 BCX0\"> como os ingredientes <\/span><span class=\"NormalTextRun SpellingErrorV2Themed SCXW160758845 BCX0\">locais<\/span> <span class=\"NormalTextRun SpellingErrorV2Themed SCXW160758845 BCX0\">podem<\/span><span class=\"NormalTextRun SCXW160758845 BCX0\"> ser transformados em alta <\/span><span class=\"NormalTextRun SpellingErrorV2Themed SCXW160758845 BCX0\">gastronomia<\/span><span class=\"NormalTextRun SCXW160758845 BCX0\">. Em seguida, <\/span><span class=\"NormalTextRun SpellingErrorV2Themed SCXW160758845 BCX0\">voc\u00ea<\/span> <span class=\"NormalTextRun SpellingErrorV2Themed SCXW160758845 BCX0\">vai<\/span><span class=\"NormalTextRun SCXW160758845 BCX0\"> saborear <\/span><span class=\"NormalTextRun SpellingErrorV2Themed SCXW160758845 BCX0\">um<\/span><span class=\"NormalTextRun SCXW160758845 BCX0\"> exclusivo <\/span><span class=\"NormalTextRun SpellingErrorV2Themed SCXW160758845 BCX0\">menu<\/span> <span class=\"NormalTextRun SpellingErrorV2Themed SCXW160758845 BCX0\">degusta\u00e7\u00e3o<\/span><span class=\"NormalTextRun SCXW160758845 BCX0\"> de seis <\/span><span class=\"NormalTextRun SpellingErrorV2Themed SCXW160758845 BCX0\">pratos<\/span><span class=\"NormalTextRun SCXW160758845 BCX0\"> criado especialmente para esta <\/span><span class=\"NormalTextRun SpellingErrorV2Themed SCXW160758845 BCX0\">experi\u00eancia<\/span><span class=\"NormalTextRun SCXW160758845 BCX0\">, harmonizado meticulosamente <\/span><span class=\"NormalTextRun SpellingErrorV2Themed SCXW160758845 BCX0\">com<\/span> <span class=\"NormalTextRun SpellingErrorV2Themed SCXW160758845 BCX0\">coquet\u00e9is<\/span> <span class=\"NormalTextRun SpellingErrorV2Themed SCXW160758845 BCX0\">artesanais<\/span><span class=\"NormalTextRun SCXW160758845 BCX0\"> exclusivos. Os criadores <\/span><span class=\"NormalTextRun SpellingErrorV2Themed SCXW160758845 BCX0\">vision\u00e1rios<\/span><span class=\"NormalTextRun SCXW160758845 BCX0\"> Juan e David e o &#8220;investigador de solo&#8221; Juan Miguel <\/span><span class=\"NormalTextRun SpellingErrorV2Themed SCXW160758845 BCX0\">compartilhar\u00e3o<\/span><span class=\"NormalTextRun SCXW160758845 BCX0\"> a <\/span><span class=\"NormalTextRun SpellingErrorV2Themed SCXW160758845 BCX0\">hist\u00f3ria<\/span><span class=\"NormalTextRun SCXW160758845 BCX0\"> por <\/span><span class=\"NormalTextRun SpellingErrorV2Themed SCXW160758845 BCX0\">tr\u00e1s<\/span><span class=\"NormalTextRun SCXW160758845 BCX0\"> de cada <\/span><span class=\"NormalTextRun SpellingErrorV2Themed SCXW160758845 BCX0\">prato<\/span><span class=\"NormalTextRun SCXW160758845 BCX0\">. Exclusivo para titulares de <\/span><span class=\"NormalTextRun SpellingErrorV2Themed SCXW160758845 BCX0\">cart\u00f5es<\/span> <span class=\"NormalTextRun SpellingErrorV2Themed SCXW160758845 BCX0\">Mastercard<\/span><span class=\"NormalTextRun SCXW160758845 BCX0\">.<\/span><\/span><span class=\"EOP SCXW160758845 BCX0\" data-ccp-props=\"{&quot;335551550&quot;:6,&quot;335551620&quot;:6}\">\u00a0<\/span><\/p>\n<\/div>\n<\/div>\n<\/div>\n<\/div>\n<\/div>\n<\/div>\n<\/div>\n<\/div>\n<\/div>\n<\/div>\n","protected":false},"excerpt":{"rendered":"<p>Desfrute de uma noite de pratos colombianos deliciosos e culin\u00e1ria interativa no Test Kitchen Lab em Medell\u00edn. Voc\u00ea elevar\u00e1 suas habilidades culin\u00e1rias em uma masterclass \u00edntima, aprendendo na pr\u00e1tica como os ingredientes locais podem ser transformados em alta gastronomia. Em seguida, voc\u00ea vai saborear um exclusivo menu degusta\u00e7\u00e3o de seis pratos criado especialmente para esta [&hellip;]<\/p>\n","protected":false},"featured_media":4014,"template":"","meta":{"_acf_changed":false,"inline_featured_image":false},"product_brand":[],"product_cat":[48],"product_tag":[],"class_list":{"0":"post-4003","1":"product","2":"type-product","3":"status-publish","4":"has-post-thumbnail","6":"product_cat-experienciasx","8":"first","9":"instock","10":"virtual","11":"sold-individually","12":"purchasable","13":"product-type-booking"},"acf":[],"_links":{"self":[{"href":"https:\/\/experienciaslatam.com\/pt-br\/wp-json\/wp\/v2\/product\/4003","targetHints":{"allow":["GET"]}}],"collection":[{"href":"https:\/\/experienciaslatam.com\/pt-br\/wp-json\/wp\/v2\/product"}],"about":[{"href":"https:\/\/experienciaslatam.com\/pt-br\/wp-json\/wp\/v2\/types\/product"}],"wp:featuredmedia":[{"embeddable":true,"href":"https:\/\/experienciaslatam.com\/pt-br\/wp-json\/wp\/v2\/media\/4014"}],"wp:attachment":[{"href":"https:\/\/experienciaslatam.com\/pt-br\/wp-json\/wp\/v2\/media?parent=4003"}],"wp:term":[{"taxonomy":"product_brand","embeddable":true,"href":"https:\/\/experienciaslatam.com\/pt-br\/wp-json\/wp\/v2\/product_brand?post=4003"},{"taxonomy":"product_cat","embeddable":true,"href":"https:\/\/experienciaslatam.com\/pt-br\/wp-json\/wp\/v2\/product_cat?post=4003"},{"taxonomy":"product_tag","embeddable":true,"href":"https:\/\/experienciaslatam.com\/pt-br\/wp-json\/wp\/v2\/product_tag?post=4003"}],"curies":[{"name":"wp","href":"https:\/\/api.w.org\/{rel}","templated":true}]}}