{"id":4196,"date":"2024-11-29T15:29:19","date_gmt":"2024-11-29T20:29:19","guid":{"rendered":"https:\/\/experienciaslatam.com\/?post_type=product&#038;p=4196"},"modified":"2025-05-05T17:49:10","modified_gmt":"2025-05-05T22:49:10","slug":"aprenda-sobre-a-producao-sustentavel-de-vinho-em-um-tour-exclusivo-com-aula-de-culinaria","status":"publish","type":"product","link":"https:\/\/experienciaslatam.com\/pt-br\/experienciasx\/aprenda-sobre-a-producao-sustentavel-de-vinho-em-um-tour-exclusivo-com-aula-de-culinaria\/","title":{"rendered":"Aprenda sobre a produ\u00e7\u00e3o sustent\u00e1vel de vinho em um tour exclusivo com aula de culin\u00e1ria"},"content":{"rendered":"<div class=\"elementor-element elementor-element-670c54f elementor-widget elementor-widget-theme-post-content\" data-id=\"670c54f\" data-element_type=\"widget\" data-widget_type=\"theme-post-content.default\">\n<div class=\"elementor-widget-container\">\n<div class=\"elementor-element elementor-element-670c54f elementor-widget elementor-widget-theme-post-content\" data-id=\"670c54f\" data-element_type=\"widget\" data-widget_type=\"theme-post-content.default\">\n<div class=\"elementor-widget-container\">\n<div class=\"elementor-element elementor-element-670c54f elementor-widget elementor-widget-theme-post-content\" data-id=\"670c54f\" data-element_type=\"widget\" data-widget_type=\"theme-post-content.default\">\n<div class=\"elementor-widget-container\">\n<div class=\"elementor-element elementor-element-670c54f elementor-widget elementor-widget-theme-post-content\" data-id=\"670c54f\" data-element_type=\"widget\" data-widget_type=\"theme-post-content.default\">\n<div class=\"elementor-widget-container\">\n<div class=\"elementor-element elementor-element-670c54f elementor-widget elementor-widget-theme-post-content\" data-id=\"670c54f\" data-element_type=\"widget\" data-widget_type=\"theme-post-content.default\">\n<div class=\"elementor-widget-container\">\n<p><span data-contrast=\"none\">Mergulhe na prestigiada regi\u00e3o vin\u00edcola do Vale de Casablanca no Chile com um tour privado exclusivo pela Kingston Family Vineyards, que inclui uma aula de culin\u00e1ria, almo\u00e7o e degusta\u00e7\u00f5es. Voc\u00ea vai se encantar com o ambiente impressionante deste vinhedo multipremiado, onde ir\u00e1 preparar pratos cl\u00e1ssicos chilenos com um chef profissional em uma aula pr\u00e1tica na sala de degusta\u00e7\u00e3o nova. Depois, desfrute de um delicioso almo\u00e7o com vistas deslumbrantes do vale e uma degusta\u00e7\u00e3o de cinco vinhos da Kingston Family, incluindo o desejado carm\u00e9n\u00e8re e outros favoritos locais. Al\u00e9m disso, voc\u00ea obter\u00e1 informa\u00e7\u00f5es sobre pr\u00e1ticas respons\u00e1veis de produ\u00e7\u00e3o de vinho focadas na sustentabilidade durante um tour pelo vinhedo para concluir sua visita. Exclusivo para titulares de cart\u00f5es Mastercard.<\/span><span data-ccp-props=\"{&quot;335551550&quot;:6,&quot;335551620&quot;:6}\">\u00a0<\/span><\/p>\n<p><span data-contrast=\"auto\">Mastercard, junto com Priceless Planet Coalition, busca restaurar 100 milh\u00f5es de \u00e1rvores at\u00e9 2030. Para cada experi\u00eancia que voc\u00ea comprar, a Mastercard doar\u00e1 uma \u00e1rvore atrav\u00e9s de Priceless Planet Coalition. Com sua contribui\u00e7\u00e3o, estamos promovendo a restaura\u00e7\u00e3o em 6 continentes.<\/span><span data-ccp-props=\"{&quot;335551550&quot;:6,&quot;335551620&quot;:6}\">\u00a0<\/span><\/p>\n<\/div>\n<\/div>\n<\/div>\n<\/div>\n<\/div>\n<\/div>\n<\/div>\n<\/div>\n<\/div>\n<\/div>\n","protected":false},"excerpt":{"rendered":"<p>Mergulhe na prestigiada regi\u00e3o vin\u00edcola do Vale de Casablanca no Chile com um tour privado exclusivo pela Kingston Family Vineyards, que inclui uma aula de culin\u00e1ria, almo\u00e7o e degusta\u00e7\u00f5es. Voc\u00ea vai se encantar com o ambiente impressionante deste vinhedo multipremiado, onde ir\u00e1 preparar pratos cl\u00e1ssicos chilenos com um chef profissional em uma aula pr\u00e1tica na [&hellip;]<\/p>\n","protected":false},"featured_media":4198,"template":"","meta":{"_acf_changed":false,"inline_featured_image":false},"product_brand":[],"product_cat":[48],"product_tag":[],"class_list":{"0":"post-4196","1":"product","2":"type-product","3":"status-publish","4":"has-post-thumbnail","6":"product_cat-experienciasx","8":"first","9":"instock","10":"virtual","11":"sold-individually","12":"purchasable","13":"product-type-booking"},"acf":[],"_links":{"self":[{"href":"https:\/\/experienciaslatam.com\/pt-br\/wp-json\/wp\/v2\/product\/4196","targetHints":{"allow":["GET"]}}],"collection":[{"href":"https:\/\/experienciaslatam.com\/pt-br\/wp-json\/wp\/v2\/product"}],"about":[{"href":"https:\/\/experienciaslatam.com\/pt-br\/wp-json\/wp\/v2\/types\/product"}],"wp:featuredmedia":[{"embeddable":true,"href":"https:\/\/experienciaslatam.com\/pt-br\/wp-json\/wp\/v2\/media\/4198"}],"wp:attachment":[{"href":"https:\/\/experienciaslatam.com\/pt-br\/wp-json\/wp\/v2\/media?parent=4196"}],"wp:term":[{"taxonomy":"product_brand","embeddable":true,"href":"https:\/\/experienciaslatam.com\/pt-br\/wp-json\/wp\/v2\/product_brand?post=4196"},{"taxonomy":"product_cat","embeddable":true,"href":"https:\/\/experienciaslatam.com\/pt-br\/wp-json\/wp\/v2\/product_cat?post=4196"},{"taxonomy":"product_tag","embeddable":true,"href":"https:\/\/experienciaslatam.com\/pt-br\/wp-json\/wp\/v2\/product_tag?post=4196"}],"curies":[{"name":"wp","href":"https:\/\/api.w.org\/{rel}","templated":true}]}}