{"id":4936,"date":"2025-01-20T15:12:19","date_gmt":"2025-01-20T20:12:19","guid":{"rendered":"https:\/\/experienciaslatam.com\/?post_type=product&#038;p=4936"},"modified":"2025-05-07T16:45:07","modified_gmt":"2025-05-07T21:45:07","slug":"aproveite-uma-aula-de-surf-personalizada-com-um-surfista-profissional-na-praia-do-rio-copy","status":"publish","type":"product","link":"https:\/\/experienciaslatam.com\/pt-br\/experienciasx\/aproveite-uma-aula-de-surf-personalizada-com-um-surfista-profissional-na-praia-do-rio-copy\/","title":{"rendered":"Saboreie um menu exclusivo italiano &#8211; brasileiro em S\u00e3o Paulo com privil\u00e9gios especiais"},"content":{"rendered":"<p><span class=\"TextRun SCXW209130341 BCX0\" lang=\"ES-ES\" xml:lang=\"ES-ES\" data-contrast=\"auto\"><span class=\"NormalTextRun SCXW209130341 BCX0\">Desfrute de <\/span><span class=\"NormalTextRun SpellingErrorV2Themed SCXW209130341 BCX0\">um<\/span> <span class=\"NormalTextRun SpellingErrorV2Themed SCXW209130341 BCX0\">menu<\/span><span class=\"NormalTextRun SCXW209130341 BCX0\"> exclusivo e curado de deliciosa <\/span><span class=\"NormalTextRun SpellingErrorV2Themed SCXW209130341 BCX0\">cozinha<\/span><span class=\"NormalTextRun SCXW209130341 BCX0\"> italiana <\/span><span class=\"NormalTextRun SpellingErrorV2Themed SCXW209130341 BCX0\">na<\/span><span class=\"NormalTextRun SCXW209130341 BCX0\"> Cantina <\/span><span class=\"NormalTextRun ContextualSpellingAndGrammarErrorV2Themed SCXW209130341 BCX0\">C&#8230;<\/span><span class=\"NormalTextRun SCXW209130341 BCX0\">Que Sabe! <\/span><span class=\"NormalTextRun SpellingErrorV2Themed SCXW209130341 BCX0\">com<\/span> <span class=\"NormalTextRun SpellingErrorV2Themed SCXW209130341 BCX0\">privil\u00e9gios<\/span> <span class=\"NormalTextRun SpellingErrorV2Themed SCXW209130341 BCX0\">especiais<\/span><span class=\"NormalTextRun SCXW209130341 BCX0\">. <\/span><span class=\"NormalTextRun SpellingErrorV2Themed SCXW209130341 BCX0\">Voc\u00ea<\/span> <span class=\"NormalTextRun SpellingErrorV2Themed SCXW209130341 BCX0\">ter\u00e1<\/span><span class=\"NormalTextRun SCXW209130341 BCX0\"> o <\/span><span class=\"NormalTextRun SpellingErrorV2Themed SCXW209130341 BCX0\">prazer<\/span><span class=\"NormalTextRun SCXW209130341 BCX0\"> de <\/span><span class=\"NormalTextRun SpellingErrorV2Themed SCXW209130341 BCX0\">um<\/span> <span class=\"NormalTextRun SpellingErrorV2Themed SCXW209130341 BCX0\">encontro<\/span><span class=\"NormalTextRun SCXW209130341 BCX0\"> raro <\/span><span class=\"NormalTextRun SpellingErrorV2Themed SCXW209130341 BCX0\">com<\/span><span class=\"NormalTextRun SCXW209130341 BCX0\"> o animado <\/span><span class=\"NormalTextRun SpellingErrorV2Themed SCXW209130341 BCX0\">propriet\u00e1rio<\/span><span class=\"NormalTextRun SCXW209130341 BCX0\"> da trattoria, que <\/span><span class=\"NormalTextRun SpellingErrorV2Themed SCXW209130341 BCX0\">compartilhar\u00e1<\/span> <span class=\"NormalTextRun SpellingErrorV2Themed SCXW209130341 BCX0\">com<\/span> <span class=\"NormalTextRun SpellingErrorV2Themed SCXW209130341 BCX0\">voc\u00ea<\/span><span class=\"NormalTextRun SCXW209130341 BCX0\"> a <\/span><span class=\"NormalTextRun SpellingErrorV2Themed SCXW209130341 BCX0\">hist\u00f3ria<\/span><span class=\"NormalTextRun SCXW209130341 BCX0\"> \u00fanica do <\/span><span class=\"NormalTextRun SpellingErrorV2Themed SCXW209130341 BCX0\">bairro<\/span><span class=\"NormalTextRun SCXW209130341 BCX0\"> e do restaurante <\/span><span class=\"NormalTextRun SpellingErrorV2Themed SCXW209130341 BCX0\">conhecido<\/span><span class=\"NormalTextRun SCXW209130341 BCX0\"> como &#8220;A Casa da <\/span><span class=\"NormalTextRun SpellingErrorV2Themed SCXW209130341 BCX0\">Tarantella<\/span><span class=\"NormalTextRun SCXW209130341 BCX0\">&#8220;. Em seguida, <\/span><span class=\"NormalTextRun SpellingErrorV2Themed SCXW209130341 BCX0\">voc\u00ea<\/span><span class=\"NormalTextRun SCXW209130341 BCX0\"> se sentar\u00e1 a <\/span><span class=\"NormalTextRun SpellingErrorV2Themed SCXW209130341 BCX0\">uma<\/span> <span class=\"NormalTextRun SpellingErrorV2Themed SCXW209130341 BCX0\">refei\u00e7\u00e3o<\/span><span class=\"NormalTextRun SCXW209130341 BCX0\"> indulgente exclusiva para a <\/span><span class=\"NormalTextRun SpellingErrorV2Themed SCXW209130341 BCX0\">ocasi\u00e3o<\/span><span class=\"NormalTextRun SCXW209130341 BCX0\">, <\/span><span class=\"NormalTextRun SpellingErrorV2Themed SCXW209130341 BCX0\">com<\/span> <span class=\"NormalTextRun SpellingErrorV2Themed SCXW209130341 BCX0\">pratos<\/span><span class=\"NormalTextRun SCXW209130341 BCX0\"> do norte da <\/span><span class=\"NormalTextRun SpellingErrorV2Themed SCXW209130341 BCX0\">It\u00e1lia<\/span><span class=\"NormalTextRun SCXW209130341 BCX0\">, como <\/span><span class=\"NormalTextRun SpellingErrorV2Themed SCXW209130341 BCX0\">carpaccio<\/span> <span class=\"NormalTextRun SpellingErrorV2Themed SCXW209130341 BCX0\">com<\/span><span class=\"NormalTextRun SCXW209130341 BCX0\"> salada <\/span><span class=\"NormalTextRun ContextualSpellingAndGrammarErrorV2Themed SCXW209130341 BCX0\">e<\/span><span class=\"NormalTextRun SCXW209130341 BCX0\"> torradas, gnocchi <\/span><span class=\"NormalTextRun SpellingErrorV2Themed SCXW209130341 BCX0\">com<\/span> <span class=\"NormalTextRun SpellingErrorV2Themed SCXW209130341 BCX0\">cordeiro<\/span><span class=\"NormalTextRun SCXW209130341 BCX0\"> e <\/span><span class=\"NormalTextRun SpellingErrorV2Themed SCXW209130341 BCX0\">hortel\u00e3<\/span><span class=\"NormalTextRun SCXW209130341 BCX0\"> e fil\u00e9 <\/span><span class=\"NormalTextRun SpellingErrorV2Themed SCXW209130341 BCX0\">grelhado<\/span> <span class=\"NormalTextRun SpellingErrorV2Themed SCXW209130341 BCX0\">com<\/span> <span class=\"NormalTextRun SpellingErrorV2Themed SCXW209130341 BCX0\">molho<\/span><span class=\"NormalTextRun SCXW209130341 BCX0\"> de <\/span><span class=\"NormalTextRun SpellingErrorV2Themed SpellingErrorHighlight SCXW209130341 BCX0\">vinho<\/span><span class=\"NormalTextRun SCXW209130341 BCX0\"> tinto, <\/span><span class=\"NormalTextRun SpellingErrorV2Themed SCXW209130341 BCX0\">bacon<\/span><span class=\"NormalTextRun SCXW209130341 BCX0\"> e <\/span><span class=\"NormalTextRun SpellingErrorV2Themed SCXW209130341 BCX0\">passas<\/span><span class=\"NormalTextRun SCXW209130341 BCX0\">, seguido por <\/span><span class=\"NormalTextRun SpellingErrorV2Themed SCXW209130341 BCX0\">um<\/span><span class=\"NormalTextRun SCXW209130341 BCX0\"> rico <\/span><span class=\"NormalTextRun SpellingErrorV2Themed SCXW209130341 BCX0\">tiramis\u00f9<\/span><span class=\"NormalTextRun SCXW209130341 BCX0\"> de sobremesa. <\/span><span class=\"NormalTextRun SpellingErrorV2Themed SCXW209130341 BCX0\">Al\u00e9m<\/span> <span class=\"NormalTextRun SpellingErrorV2Themed SCXW209130341 BCX0\">disso<\/span><span class=\"NormalTextRun SCXW209130341 BCX0\">, <\/span><span class=\"NormalTextRun SpellingErrorV2Themed SCXW209130341 BCX0\">voc\u00ea<\/span> <span class=\"NormalTextRun SpellingErrorV2Themed SCXW209130341 BCX0\">receber\u00e1<\/span> <span class=\"NormalTextRun SpellingErrorV2Themed SCXW209130341 BCX0\">um<\/span><span class=\"NormalTextRun SCXW209130341 BCX0\"> kit para <\/span><span class=\"NormalTextRun SpellingErrorV2Themed SCXW209130341 BCX0\">fazer<\/span> <span class=\"NormalTextRun SpellingErrorV2Themed SCXW209130341 BCX0\">massa<\/span> <span class=\"NormalTextRun SpellingErrorV2Themed SCXW209130341 BCX0\">ou<\/span> <span class=\"NormalTextRun SpellingErrorV2Themed SCXW209130341 BCX0\">uma<\/span><span class=\"NormalTextRun SCXW209130341 BCX0\"> garrafa de <\/span><span class=\"NormalTextRun SpellingErrorV2Themed SCXW209130341 BCX0\">vinho<\/span><span class=\"NormalTextRun SCXW209130341 BCX0\">, junto <\/span><span class=\"NormalTextRun SpellingErrorV2Themed SCXW209130341 BCX0\">com<\/span> <span class=\"NormalTextRun SpellingErrorV2Themed SCXW209130341 BCX0\">uma<\/span> <span class=\"NormalTextRun SpellingErrorV2Themed SCXW209130341 BCX0\">receita<\/span><span class=\"NormalTextRun SCXW209130341 BCX0\"> secreta, como presentes <\/span><span class=\"NormalTextRun SpellingErrorV2Themed SCXW209130341 BCX0\">gastron\u00f4micos<\/span><span class=\"NormalTextRun SCXW209130341 BCX0\">. Exclusivamente para portadores de <\/span><span class=\"NormalTextRun SpellingErrorV2Themed SCXW209130341 BCX0\">Mastercard<\/span><span class=\"NormalTextRun SCXW209130341 BCX0\">.<\/span><\/span><span class=\"EOP SCXW209130341 BCX0\" data-ccp-props=\"{}\">\u00a0<\/span><\/p>\n","protected":false},"excerpt":{"rendered":"<p>Desfrute de um menu exclusivo e curado de deliciosa cozinha italiana na Cantina C&#8230;Que Sabe! com privil\u00e9gios especiais. Voc\u00ea ter\u00e1 o prazer de um encontro raro com o animado propriet\u00e1rio da trattoria, que compartilhar\u00e1 com voc\u00ea a hist\u00f3ria \u00fanica do bairro e do restaurante conhecido como &#8220;A Casa da Tarantella&#8220;. Em seguida, voc\u00ea se sentar\u00e1 [&hellip;]<\/p>\n","protected":false},"featured_media":4950,"template":"","meta":{"_acf_changed":false,"inline_featured_image":false},"product_brand":[],"product_cat":[48],"product_tag":[],"class_list":{"0":"post-4936","1":"product","2":"type-product","3":"status-publish","4":"has-post-thumbnail","6":"product_cat-experienciasx","8":"first","9":"instock","10":"virtual","11":"sold-individually","12":"purchasable","13":"product-type-booking"},"acf":[],"_links":{"self":[{"href":"https:\/\/experienciaslatam.com\/pt-br\/wp-json\/wp\/v2\/product\/4936","targetHints":{"allow":["GET"]}}],"collection":[{"href":"https:\/\/experienciaslatam.com\/pt-br\/wp-json\/wp\/v2\/product"}],"about":[{"href":"https:\/\/experienciaslatam.com\/pt-br\/wp-json\/wp\/v2\/types\/product"}],"wp:featuredmedia":[{"embeddable":true,"href":"https:\/\/experienciaslatam.com\/pt-br\/wp-json\/wp\/v2\/media\/4950"}],"wp:attachment":[{"href":"https:\/\/experienciaslatam.com\/pt-br\/wp-json\/wp\/v2\/media?parent=4936"}],"wp:term":[{"taxonomy":"product_brand","embeddable":true,"href":"https:\/\/experienciaslatam.com\/pt-br\/wp-json\/wp\/v2\/product_brand?post=4936"},{"taxonomy":"product_cat","embeddable":true,"href":"https:\/\/experienciaslatam.com\/pt-br\/wp-json\/wp\/v2\/product_cat?post=4936"},{"taxonomy":"product_tag","embeddable":true,"href":"https:\/\/experienciaslatam.com\/pt-br\/wp-json\/wp\/v2\/product_tag?post=4936"}],"curies":[{"name":"wp","href":"https:\/\/api.w.org\/{rel}","templated":true}]}}