{"id":5036,"date":"2025-01-31T17:17:12","date_gmt":"2025-01-31T22:17:12","guid":{"rendered":"https:\/\/experienciaslatam.com\/?post_type=product&#038;p=5036"},"modified":"2025-01-31T18:11:51","modified_gmt":"2025-01-31T23:11:51","slug":"desfrute-de-uma-exclusiva-refeicao-gourmet-chilena-com-dois-chefs-estrelados","status":"publish","type":"product","link":"https:\/\/experienciaslatam.com\/pt-br\/experienciasx\/desfrute-de-uma-exclusiva-refeicao-gourmet-chilena-com-dois-chefs-estrelados\/","title":{"rendered":"Desfrute de uma exclusiva refei\u00e7\u00e3o gourmet chilena com dois chefs estrelados"},"content":{"rendered":"<div class=\"elementor-element elementor-element-670c54f elementor-widget elementor-widget-theme-post-content\" data-id=\"670c54f\" data-element_type=\"widget\" data-widget_type=\"theme-post-content.default\">\n<div class=\"elementor-widget-container\">\n<div class=\"elementor-element elementor-element-670c54f elementor-widget elementor-widget-theme-post-content\" data-id=\"670c54f\" data-element_type=\"widget\" data-widget_type=\"theme-post-content.default\">\n<div class=\"elementor-widget-container\">\n<div class=\"elementor-element elementor-element-670c54f elementor-widget elementor-widget-theme-post-content\" data-id=\"670c54f\" data-element_type=\"widget\" data-widget_type=\"theme-post-content.default\">\n<div class=\"elementor-widget-container\">\n<div class=\"elementor-element elementor-element-670c54f elementor-widget elementor-widget-theme-post-content\" data-id=\"670c54f\" data-element_type=\"widget\" data-widget_type=\"theme-post-content.default\">\n<div class=\"elementor-widget-container\">\n<div class=\"elementor-element elementor-element-670c54f elementor-widget elementor-widget-theme-post-content\" data-id=\"670c54f\" data-element_type=\"widget\" data-widget_type=\"theme-post-content.default\">\n<div class=\"elementor-widget-container\">\n<p><span data-contrast=\"auto\">Compartilhe uma noite imersiva de alta gastronomia com um jantar privado de quatro pratos preparado por dois talentosos chefs chilenos. Voc\u00ea se juntar\u00e1 \u00e0 dupla de chefs Patricio e Jennifer, propriet\u00e1rios do Motemei Cuisine Atelier, em sua casa em Santiago, onde ser\u00e3o recebidos para uma inesquec\u00edvel refei\u00e7\u00e3o gourmet chilena. Descubra a experi\u00eancia culin\u00e1ria dos chefs durante demonstra\u00e7\u00f5es de cozinha ao vivo enquanto preparam seu amuse-bouche, entrada, prato principal e sobremesa. Al\u00e9m disso, voc\u00ea desfrutar\u00e1 de uma bebida \u00fanica, perfeitamente harmonizada para real\u00e7ar cada prato. Exclusivo para portadores de cart\u00f5es Mastercard.<\/span><span data-ccp-props=\"{&quot;134233117&quot;:false,&quot;134233118&quot;:false,&quot;335559738&quot;:240,&quot;335559739&quot;:240}\">\u00a0<\/span><\/p>\n<p><b><span data-contrast=\"auto\">O que n\u00e3o tem pre\u00e7o<\/span><\/b><span data-ccp-props=\"{&quot;134233117&quot;:false,&quot;134233118&quot;:false,&quot;335559738&quot;:240,&quot;335559739&quot;:240}\">\u00a0<\/span><\/p>\n<p><span data-contrast=\"auto\">Desfrutar de uma noite de deliciosa culin\u00e1ria chilena e companhia excepcional na &#8220;Motemei Casa Atelier&#8221;, ao lado de dois talentosos chefs de Santiago.<\/span><span data-ccp-props=\"{&quot;134233117&quot;:false,&quot;134233118&quot;:false,&quot;335559738&quot;:240,&quot;335559739&quot;:240}\">\u00a0<\/span><\/p>\n<\/div>\n<\/div>\n<\/div>\n<\/div>\n<\/div>\n<\/div>\n<\/div>\n<\/div>\n<\/div>\n<\/div>\n","protected":false},"excerpt":{"rendered":"<p>Compartilhe uma noite imersiva de alta gastronomia com um jantar privado de quatro pratos preparado por dois talentosos chefs chilenos. Voc\u00ea se juntar\u00e1 \u00e0 dupla de chefs Patricio e Jennifer, propriet\u00e1rios do Motemei Cuisine Atelier, em sua casa em Santiago, onde ser\u00e3o recebidos para uma inesquec\u00edvel refei\u00e7\u00e3o gourmet chilena. Descubra a experi\u00eancia culin\u00e1ria dos chefs [&hellip;]<\/p>\n","protected":false},"featured_media":5044,"template":"","meta":{"_acf_changed":false,"inline_featured_image":false},"product_brand":[],"product_cat":[48],"product_tag":[],"class_list":{"0":"post-5036","1":"product","2":"type-product","3":"status-publish","4":"has-post-thumbnail","6":"product_cat-experienciasx","8":"first","9":"instock","10":"virtual","11":"sold-individually","12":"purchasable","13":"product-type-booking"},"acf":[],"_links":{"self":[{"href":"https:\/\/experienciaslatam.com\/pt-br\/wp-json\/wp\/v2\/product\/5036","targetHints":{"allow":["GET"]}}],"collection":[{"href":"https:\/\/experienciaslatam.com\/pt-br\/wp-json\/wp\/v2\/product"}],"about":[{"href":"https:\/\/experienciaslatam.com\/pt-br\/wp-json\/wp\/v2\/types\/product"}],"wp:featuredmedia":[{"embeddable":true,"href":"https:\/\/experienciaslatam.com\/pt-br\/wp-json\/wp\/v2\/media\/5044"}],"wp:attachment":[{"href":"https:\/\/experienciaslatam.com\/pt-br\/wp-json\/wp\/v2\/media?parent=5036"}],"wp:term":[{"taxonomy":"product_brand","embeddable":true,"href":"https:\/\/experienciaslatam.com\/pt-br\/wp-json\/wp\/v2\/product_brand?post=5036"},{"taxonomy":"product_cat","embeddable":true,"href":"https:\/\/experienciaslatam.com\/pt-br\/wp-json\/wp\/v2\/product_cat?post=5036"},{"taxonomy":"product_tag","embeddable":true,"href":"https:\/\/experienciaslatam.com\/pt-br\/wp-json\/wp\/v2\/product_tag?post=5036"}],"curies":[{"name":"wp","href":"https:\/\/api.w.org\/{rel}","templated":true}]}}