{"id":5088,"date":"2025-02-03T17:39:17","date_gmt":"2025-02-03T22:39:17","guid":{"rendered":"https:\/\/experienciaslatam.com\/?post_type=product&#038;p=5088"},"modified":"2025-09-01T16:38:23","modified_gmt":"2025-09-01T21:38:23","slug":"mergulhe-na-cultura-e-na-cena-culinaria-do-bairro-urca-no-rio-de-janeiro","status":"publish","type":"product","link":"https:\/\/experienciaslatam.com\/pt-br\/experienciasx\/mergulhe-na-cultura-e-na-cena-culinaria-do-bairro-urca-no-rio-de-janeiro\/","title":{"rendered":"Mergulhe na cultura e na cena culin\u00e1ria do bairro Urca, no Rio de Janeiro."},"content":{"rendered":"<p><span class=\"TextRun SCXW249190050 BCX0\" lang=\"EN-US\" xml:lang=\"EN-US\" data-contrast=\"none\"><span class=\"NormalTextRun SpellingErrorV2Themed SCXW249190050 BCX0\">Mergulhe<\/span> <span class=\"NormalTextRun SpellingErrorV2Themed SCXW249190050 BCX0\">nas<\/span> <span class=\"NormalTextRun SpellingErrorV2Themed SCXW249190050 BCX0\">hist\u00f3rias<\/span><span class=\"NormalTextRun SCXW249190050 BCX0\"> de <\/span><span class=\"NormalTextRun SpellingErrorV2Themed SCXW249190050 BCX0\">Urca<\/span><span class=\"NormalTextRun SCXW249190050 BCX0\">, um bairro <\/span><span class=\"NormalTextRun SpellingErrorV2Themed SCXW249190050 BCX0\">tradicional<\/span> <span class=\"NormalTextRun SpellingErrorV2Themed SCXW249190050 BCX0\">na<\/span><span class=\"NormalTextRun SCXW249190050 BCX0\"> zona <\/span><span class=\"NormalTextRun SpellingErrorV2Themed SCXW249190050 BCX0\">sul<\/span><span class=\"NormalTextRun SCXW249190050 BCX0\"> do Rio de Janeiro que se <\/span><span class=\"NormalTextRun SpellingErrorV2Themed SCXW249190050 BCX0\">debru\u00e7a<\/span> <span class=\"NormalTextRun SpellingErrorV2Themed SCXW249190050 BCX0\">sobre<\/span><span class=\"NormalTextRun SCXW249190050 BCX0\"> a Ba\u00eda de Guanabara. Com um <\/span><span class=\"NormalTextRun SpellingErrorV2Themed SCXW249190050 BCX0\">guia<\/span> <span class=\"NormalTextRun SpellingErrorV2Themed SCXW249190050 BCX0\">experiente<\/span><span class=\"NormalTextRun SCXW249190050 BCX0\">, <\/span><span class=\"NormalTextRun SpellingErrorV2Themed SCXW249190050 BCX0\">voc\u00ea<\/span> <span class=\"NormalTextRun SpellingErrorV2Themed SCXW249190050 BCX0\">obter\u00e1<\/span> <span class=\"NormalTextRun SpellingErrorV2Themed SCXW249190050 BCX0\">informa\u00e7\u00f5es<\/span> <span class=\"NormalTextRun SpellingErrorV2Themed SCXW249190050 BCX0\">sobre<\/span> <span class=\"NormalTextRun SpellingErrorV2Themed SCXW249190050 BCX0\">os<\/span> <span class=\"NormalTextRun SpellingErrorV2Themed SCXW249190050 BCX0\">marcos<\/span><span class=\"NormalTextRun SCXW249190050 BCX0\"> de <\/span><span class=\"NormalTextRun SpellingErrorV2Themed SCXW249190050 BCX0\">Urca<\/span><span class=\"NormalTextRun SCXW249190050 BCX0\">, <\/span><span class=\"NormalTextRun SpellingErrorV2Themed SCXW249190050 BCX0\">sua<\/span> <span class=\"NormalTextRun SpellingErrorV2Themed SCXW249190050 BCX0\">import\u00e2ncia<\/span> <span class=\"NormalTextRun SpellingErrorV2Themed SCXW249190050 BCX0\">militar<\/span><span class=\"NormalTextRun SCXW249190050 BCX0\"> e <\/span><span class=\"NormalTextRun SpellingErrorV2Themed SCXW249190050 BCX0\">seu<\/span> <span class=\"NormalTextRun SpellingErrorV2Themed SCXW249190050 BCX0\">legado<\/span> <span class=\"NormalTextRun SpellingErrorV2Themed SCXW249190050 BCX0\">arquitet\u00f4nico<\/span><span class=\"NormalTextRun SCXW249190050 BCX0\">. <\/span><span class=\"NormalTextRun SpellingErrorV2Themed SCXW249190050 BCX0\">Fa\u00e7a<\/span> <span class=\"NormalTextRun SpellingErrorV2Themed SCXW249190050 BCX0\">uma<\/span><span class=\"NormalTextRun SCXW249190050 BCX0\"> pausa para o <\/span><span class=\"NormalTextRun SpellingErrorV2Themed SCXW249190050 BCX0\">almo\u00e7o<\/span><span class=\"NormalTextRun SCXW249190050 BCX0\"> no <\/span><span class=\"NormalTextRun SpellingErrorV2Themed SCXW249190050 BCX0\">restaurante<\/span><span class=\"NormalTextRun SCXW249190050 BCX0\"> Terra <\/span><span class=\"NormalTextRun SpellingErrorV2Themed SCXW249190050 BCX0\">Brasilis<\/span><span class=\"NormalTextRun SCXW249190050 BCX0\">, com vistas <\/span><span class=\"NormalTextRun SpellingErrorV2Themed SCXW249190050 BCX0\">incr\u00edveis<\/span><span class=\"NormalTextRun SCXW249190050 BCX0\"> para a Praia Vermelha e o P\u00e3o de A\u00e7\u00facar. <\/span><span class=\"NormalTextRun SpellingErrorV2Themed SCXW249190050 BCX0\">Voc\u00ea<\/span> <span class=\"NormalTextRun SpellingErrorV2Themed SCXW249190050 BCX0\">tamb\u00e9m<\/span> <span class=\"NormalTextRun SpellingErrorV2Themed SCXW249190050 BCX0\">far\u00e1<\/span> <span class=\"NormalTextRun SpellingErrorV2Themed SCXW249190050 BCX0\">uma<\/span> <span class=\"NormalTextRun SpellingErrorV2Themed SCXW249190050 BCX0\">parada<\/span><span class=\"NormalTextRun SCXW249190050 BCX0\"> no Bar <\/span><span class=\"NormalTextRun SpellingErrorV2Themed SCXW249190050 BCX0\">Urca<\/span><span class=\"NormalTextRun SCXW249190050 BCX0\"> e <\/span><span class=\"NormalTextRun SpellingErrorV2Themed SCXW249190050 BCX0\">desfrutar\u00e1<\/span><span class=\"NormalTextRun SCXW249190050 BCX0\"> de <\/span><span class=\"NormalTextRun SpellingErrorV2Themed SCXW249190050 BCX0\">uma<\/span> <span class=\"NormalTextRun SpellingErrorV2Themed SCXW249190050 BCX0\">bebida<\/span><span class=\"NormalTextRun SCXW249190050 BCX0\"> gelada <\/span><span class=\"NormalTextRun SpellingErrorV2Themed SCXW249190050 BCX0\">enquanto<\/span> <span class=\"NormalTextRun SpellingErrorV2Themed SCXW249190050 BCX0\">aprende<\/span> <span class=\"NormalTextRun SpellingErrorV2Themed SCXW249190050 BCX0\">sobre<\/span> <span class=\"NormalTextRun ContextualSpellingAndGrammarErrorV2Themed SCXW249190050 BCX0\">a<\/span> <span class=\"NormalTextRun SpellingErrorV2Themed SCXW249190050 BCX0\">import\u00e2ncia<\/span><span class=\"NormalTextRun SCXW249190050 BCX0\"> cultural do local. <\/span><span class=\"NormalTextRun SpellingErrorV2Themed SCXW249190050 BCX0\">Exclusivamente<\/span><span class=\"NormalTextRun SCXW249190050 BCX0\"> para <\/span><span class=\"NormalTextRun SpellingErrorV2Themed SCXW249190050 BCX0\">titulares<\/span><span class=\"NormalTextRun SCXW249190050 BCX0\"> de <\/span><span class=\"NormalTextRun SpellingErrorV2Themed SCXW249190050 BCX0\">cart\u00f5es<\/span><span class=\"NormalTextRun SCXW249190050 BCX0\"> Mastercard.<\/span><\/span><span class=\"EOP SCXW249190050 BCX0\" data-ccp-props=\"{&quot;134233117&quot;:false,&quot;134233118&quot;:false,&quot;335551550&quot;:0,&quot;335551620&quot;:0,&quot;335557856&quot;:16777215,&quot;335559738&quot;:0,&quot;335559739&quot;:0}\">\u00a0<\/span><\/p>\n","protected":false},"excerpt":{"rendered":"<p>Mergulhe nas hist\u00f3rias de Urca, um bairro tradicional na zona sul do Rio de Janeiro que se debru\u00e7a sobre a Ba\u00eda de Guanabara. Com um guia experiente, voc\u00ea obter\u00e1 informa\u00e7\u00f5es sobre os marcos de Urca, sua import\u00e2ncia militar e seu legado arquitet\u00f4nico. Fa\u00e7a uma pausa para o almo\u00e7o no restaurante Terra Brasilis, com vistas incr\u00edveis [&hellip;]<\/p>\n","protected":false},"featured_media":5090,"template":"","meta":{"_acf_changed":false,"inline_featured_image":false},"product_brand":[],"product_cat":[48],"product_tag":[],"class_list":{"0":"post-5088","1":"product","2":"type-product","3":"status-publish","4":"has-post-thumbnail","6":"product_cat-experienciasx","8":"first","9":"instock","10":"virtual","11":"sold-individually","12":"purchasable","13":"product-type-booking"},"acf":[],"_links":{"self":[{"href":"https:\/\/experienciaslatam.com\/pt-br\/wp-json\/wp\/v2\/product\/5088","targetHints":{"allow":["GET"]}}],"collection":[{"href":"https:\/\/experienciaslatam.com\/pt-br\/wp-json\/wp\/v2\/product"}],"about":[{"href":"https:\/\/experienciaslatam.com\/pt-br\/wp-json\/wp\/v2\/types\/product"}],"wp:featuredmedia":[{"embeddable":true,"href":"https:\/\/experienciaslatam.com\/pt-br\/wp-json\/wp\/v2\/media\/5090"}],"wp:attachment":[{"href":"https:\/\/experienciaslatam.com\/pt-br\/wp-json\/wp\/v2\/media?parent=5088"}],"wp:term":[{"taxonomy":"product_brand","embeddable":true,"href":"https:\/\/experienciaslatam.com\/pt-br\/wp-json\/wp\/v2\/product_brand?post=5088"},{"taxonomy":"product_cat","embeddable":true,"href":"https:\/\/experienciaslatam.com\/pt-br\/wp-json\/wp\/v2\/product_cat?post=5088"},{"taxonomy":"product_tag","embeddable":true,"href":"https:\/\/experienciaslatam.com\/pt-br\/wp-json\/wp\/v2\/product_tag?post=5088"}],"curies":[{"name":"wp","href":"https:\/\/api.w.org\/{rel}","templated":true}]}}