{"id":5697,"date":"2025-04-04T08:58:44","date_gmt":"2025-04-04T13:58:44","guid":{"rendered":"https:\/\/experienciaslatam.com\/?post_type=product&#038;p=5697"},"modified":"2025-09-01T15:38:03","modified_gmt":"2025-09-01T20:38:03","slug":"descubra-ilha-da-gigoia-em-um-exclusivo-passeio-de-barco-e-tour-guiado-a-pe","status":"publish","type":"product","link":"https:\/\/experienciaslatam.com\/pt-br\/experienciasx\/descubra-ilha-da-gigoia-em-um-exclusivo-passeio-de-barco-e-tour-guiado-a-pe\/","title":{"rendered":"Descubra Ilha da Gig\u00f3ia em um exclusivo passeio de barco e tour guiado a p\u00e9"},"content":{"rendered":"<p><span class=\"TextRun SCXW230266668 BCX0\" lang=\"ES-ES\" xml:lang=\"ES-ES\" data-contrast=\"auto\"><span class=\"NormalTextRun SCXW230266668 BCX0\">Embarque em <\/span><span class=\"NormalTextRun SpellingErrorV2Themed SCXW230266668 BCX0\">um<\/span><span class=\"NormalTextRun SCXW230266668 BCX0\"> exclusivo tour por <\/span><span class=\"NormalTextRun SpellingErrorV2Themed SCXW230266668 BCX0\">Ilha<\/span><span class=\"NormalTextRun SCXW230266668 BCX0\"> da <\/span><span class=\"NormalTextRun SpellingErrorV2Themed SCXW230266668 BCX0\">Gig\u00f3ia<\/span> <span class=\"NormalTextRun SpellingErrorV2Themed SCXW230266668 BCX0\">com<\/span> <span class=\"NormalTextRun SpellingErrorV2Themed SCXW230266668 BCX0\">um<\/span> <span class=\"NormalTextRun SpellingErrorV2Themed SCXW230266668 BCX0\">passeio<\/span><span class=\"NormalTextRun SCXW230266668 BCX0\"> de barco <\/span><span class=\"NormalTextRun SpellingErrorV2Themed SCXW230266668 BCX0\">c\u00eanico<\/span><span class=\"NormalTextRun SCXW230266668 BCX0\">, <\/span><span class=\"NormalTextRun SpellingErrorV2Themed SCXW230266668 BCX0\">um<\/span> <span class=\"NormalTextRun SpellingErrorV2Themed SCXW230266668 BCX0\">guia<\/span><span class=\"NormalTextRun SCXW230266668 BCX0\"> especializado e <\/span><span class=\"NormalTextRun SpellingErrorV2Themed SCXW230266668 BCX0\">benef\u00edcios<\/span><span class=\"NormalTextRun SCXW230266668 BCX0\"> privilegiados. <\/span><span class=\"NormalTextRun SpellingErrorV2Themed SCXW230266668 BCX0\">Voc\u00ea<\/span><span class=\"NormalTextRun SCXW230266668 BCX0\"> escapar\u00e1 para o <\/span><span class=\"NormalTextRun SpellingErrorV2Themed SCXW230266668 BCX0\">o\u00e1sis<\/span><span class=\"NormalTextRun SCXW230266668 BCX0\"> escondido <\/span><span class=\"NormalTextRun SpellingErrorV2Themed SCXW230266668 BCX0\">na<\/span><span class=\"NormalTextRun SCXW230266668 BCX0\"> Lagoa da <\/span><span class=\"NormalTextRun SpellingErrorV2Themed SCXW230266668 BCX0\">Tijuca<\/span><span class=\"NormalTextRun SCXW230266668 BCX0\">, <\/span><span class=\"NormalTextRun SpellingErrorV2Themed SCXW230266668 BCX0\">conhecido<\/span><span class=\"NormalTextRun SCXW230266668 BCX0\"> por <\/span><span class=\"NormalTextRun SpellingErrorV2Themed SCXW230266668 BCX0\">seus<\/span><span class=\"NormalTextRun SCXW230266668 BCX0\"> restaurantes <\/span><span class=\"NormalTextRun ContextualSpellingAndGrammarErrorV2Themed SCXW230266668 BCX0\">e<\/span><span class=\"NormalTextRun SCXW230266668 BCX0\"> clima fresco, <\/span><span class=\"NormalTextRun SpellingErrorV2Themed SCXW230266668 BCX0\">come\u00e7ando<\/span> <span class=\"NormalTextRun SpellingErrorV2Themed SCXW230266668 BCX0\">com<\/span> <span class=\"NormalTextRun SpellingErrorV2Themed SCXW230266668 BCX0\">um<\/span> <span class=\"NormalTextRun SpellingErrorV2Themed SCXW230266668 BCX0\">passeio<\/span><span class=\"NormalTextRun SCXW230266668 BCX0\"> de barco <\/span><span class=\"NormalTextRun SpellingErrorV2Themed SCXW230266668 BCX0\">atrav\u00e9s<\/span><span class=\"NormalTextRun SCXW230266668 BCX0\"> de <\/span><span class=\"NormalTextRun SpellingErrorV2Themed SCXW230266668 BCX0\">canais<\/span><span class=\"NormalTextRun SCXW230266668 BCX0\"> e <\/span><span class=\"NormalTextRun SpellingErrorV2Themed SCXW230266668 BCX0\">manguezais<\/span> <span class=\"NormalTextRun SpellingErrorV2Themed SCXW230266668 BCX0\">com<\/span> <span class=\"NormalTextRun SpellingErrorV2Themed SCXW230266668 BCX0\">um<\/span> <span class=\"NormalTextRun SpellingErrorV2Themed SCXW230266668 BCX0\">guia<\/span><span class=\"NormalTextRun SCXW230266668 BCX0\"> local que <\/span><span class=\"NormalTextRun SpellingErrorV2Themed SCXW230266668 BCX0\">compartilhar\u00e1<\/span> <span class=\"NormalTextRun SpellingErrorV2Themed SCXW230266668 BCX0\">informa\u00e7\u00f5es<\/span><span class=\"NormalTextRun SCXW230266668 BCX0\"> sobre a <\/span><span class=\"NormalTextRun SpellingErrorV2Themed SCXW230266668 BCX0\">hist\u00f3ria<\/span><span class=\"NormalTextRun SCXW230266668 BCX0\">, cultura <\/span><span class=\"NormalTextRun ContextualSpellingAndGrammarErrorV2Themed SCXW230266668 BCX0\">e<\/span><span class=\"NormalTextRun SCXW230266668 BCX0\"> pontos de <\/span><span class=\"NormalTextRun SpellingErrorV2Themed SCXW230266668 BCX0\">refer\u00eancia<\/span> <span class=\"NormalTextRun SpellingErrorV2Themed SCXW230266668 BCX0\">imperd\u00edveis<\/span><span class=\"NormalTextRun SCXW230266668 BCX0\"> da <\/span><span class=\"NormalTextRun SpellingErrorV2Themed SCXW230266668 BCX0\">ilha<\/span><span class=\"NormalTextRun SCXW230266668 BCX0\">. <\/span><span class=\"NormalTextRun SpellingErrorV2Themed SCXW230266668 BCX0\">Voc\u00ea<\/span> <span class=\"NormalTextRun SpellingErrorV2Themed SCXW230266668 BCX0\">passear\u00e1<\/span><span class=\"NormalTextRun SCXW230266668 BCX0\"> por encantadores <\/span><span class=\"NormalTextRun SpellingErrorV2Themed SCXW230266668 BCX0\">becos<\/span><span class=\"NormalTextRun SCXW230266668 BCX0\"> salpicados de casas, <\/span><span class=\"NormalTextRun SpellingErrorV2Themed SCXW230266668 BCX0\">pousadas<\/span><span class=\"NormalTextRun SCXW230266668 BCX0\"> e destinos <\/span><span class=\"NormalTextRun SpellingErrorV2Themed SCXW230266668 BCX0\">gastron\u00f4micos<\/span> <span class=\"NormalTextRun SpellingErrorV2Themed SCXW230266668 BCX0\">caseiros<\/span><span class=\"NormalTextRun SCXW230266668 BCX0\">, <\/span><span class=\"NormalTextRun SpellingErrorV2Themed SCXW230266668 BCX0\">com<\/span> <span class=\"NormalTextRun SpellingErrorV2Themed SCXW230266668 BCX0\">um<\/span><span class=\"NormalTextRun SCXW230266668 BCX0\"> sabor da <\/span><span class=\"NormalTextRun SpellingErrorV2Themed SCXW230266668 BCX0\">culin\u00e1ria<\/span><span class=\"NormalTextRun SCXW230266668 BCX0\"> local no Laguna, <\/span><span class=\"NormalTextRun SpellingErrorV2Themed SCXW230266668 BCX0\">um<\/span><span class=\"NormalTextRun SCXW230266668 BCX0\"> restaurante \u00e0 <\/span><span class=\"NormalTextRun SpellingErrorV2Themed SCXW230266668 BCX0\">beira<\/span><span class=\"NormalTextRun SCXW230266668 BCX0\">-mar que <\/span><span class=\"NormalTextRun SpellingErrorV2Themed SCXW230266668 BCX0\">oferece<\/span> <span class=\"NormalTextRun SpellingErrorV2Themed SCXW230266668 BCX0\">um<\/span> <span class=\"NormalTextRun SpellingErrorV2Themed SCXW230266668 BCX0\">menu<\/span> <span class=\"NormalTextRun SpellingErrorV2Themed SCXW230266668 BCX0\">selecionado<\/span><span class=\"NormalTextRun SCXW230266668 BCX0\"> de <\/span><span class=\"NormalTextRun SpellingErrorV2Themed SCXW230266668 BCX0\">pratos<\/span><span class=\"NormalTextRun SCXW230266668 BCX0\"> populares. <\/span><span class=\"NormalTextRun SpellingErrorV2Themed SCXW230266668 BCX0\">Al\u00e9m<\/span> <span class=\"NormalTextRun SpellingErrorV2Themed SCXW230266668 BCX0\">disso<\/span><span class=\"NormalTextRun SCXW230266668 BCX0\">, <\/span><span class=\"NormalTextRun SpellingErrorV2Themed SCXW230266668 BCX0\">voc\u00ea<\/span><span class=\"NormalTextRun SCXW230266668 BCX0\"> desfrutar\u00e1 de <\/span><span class=\"NormalTextRun SpellingErrorV2Themed SCXW230266668 BCX0\">um<\/span> <span class=\"NormalTextRun SpellingErrorV2Themed SCXW230266668 BCX0\">encontro<\/span><span class=\"NormalTextRun SCXW230266668 BCX0\"> exclusivo <\/span><span class=\"NormalTextRun SpellingErrorV2Themed SCXW230266668 BCX0\">com<\/span> <span class=\"NormalTextRun SpellingErrorV2Themed SCXW230266668 BCX0\">um<\/span><span class=\"NormalTextRun SCXW230266668 BCX0\"> residente da <\/span><span class=\"NormalTextRun SpellingErrorV2Themed SCXW230266668 BCX0\">ilha<\/span><span class=\"NormalTextRun SCXW230266668 BCX0\"> que contar\u00e1 <\/span><span class=\"NormalTextRun SpellingErrorV2Themed SCXW230266668 BCX0\">hist\u00f3rias<\/span><span class=\"NormalTextRun SCXW230266668 BCX0\"> sobre <\/span><span class=\"NormalTextRun ContextualSpellingAndGrammarErrorV2Themed SCXW230266668 BCX0\">a<\/span><span class=\"NormalTextRun SCXW230266668 BCX0\"> vida em <\/span><span class=\"NormalTextRun SpellingErrorV2Themed SCXW230266668 BCX0\">Gig\u00f3ia<\/span> <span class=\"NormalTextRun SpellingErrorV2Themed SCXW230266668 BCX0\">com<\/span> <span class=\"NormalTextRun SpellingErrorV2Themed SCXW230266668 BCX0\">sua<\/span> <span class=\"NormalTextRun SpellingErrorV2Themed SCXW230266668 BCX0\">vis\u00e3o<\/span><span class=\"NormalTextRun SCXW230266668 BCX0\"> \u00fanica da <\/span><span class=\"NormalTextRun SpellingErrorV2Themed SCXW230266668 BCX0\">comunidade<\/span><span class=\"NormalTextRun SCXW230266668 BCX0\">. Exclusivamente para portadores de <\/span><span class=\"NormalTextRun SpellingErrorV2Themed SCXW230266668 BCX0\">cart\u00f5es<\/span> <span class=\"NormalTextRun SpellingErrorV2Themed SCXW230266668 BCX0\">Mastercard<\/span><span class=\"NormalTextRun SCXW230266668 BCX0\">.<\/span><\/span><span class=\"EOP SCXW230266668 BCX0\" data-ccp-props=\"{}\">\u00a0<\/span><\/p>\n","protected":false},"excerpt":{"rendered":"<p>Embarque em um exclusivo tour por Ilha da Gig\u00f3ia com um passeio de barco c\u00eanico, um guia especializado e benef\u00edcios privilegiados. Voc\u00ea escapar\u00e1 para o o\u00e1sis escondido na Lagoa da Tijuca, conhecido por seus restaurantes e clima fresco, come\u00e7ando com um passeio de barco atrav\u00e9s de canais e manguezais com um guia local que compartilhar\u00e1 [&hellip;]<\/p>\n","protected":false},"featured_media":5708,"template":"","meta":{"_acf_changed":false,"inline_featured_image":false},"product_brand":[],"product_cat":[48],"product_tag":[],"class_list":{"0":"post-5697","1":"product","2":"type-product","3":"status-publish","4":"has-post-thumbnail","6":"product_cat-experienciasx","8":"first","9":"instock","10":"virtual","11":"sold-individually","12":"purchasable","13":"product-type-booking"},"acf":[],"_links":{"self":[{"href":"https:\/\/experienciaslatam.com\/pt-br\/wp-json\/wp\/v2\/product\/5697","targetHints":{"allow":["GET"]}}],"collection":[{"href":"https:\/\/experienciaslatam.com\/pt-br\/wp-json\/wp\/v2\/product"}],"about":[{"href":"https:\/\/experienciaslatam.com\/pt-br\/wp-json\/wp\/v2\/types\/product"}],"wp:featuredmedia":[{"embeddable":true,"href":"https:\/\/experienciaslatam.com\/pt-br\/wp-json\/wp\/v2\/media\/5708"}],"wp:attachment":[{"href":"https:\/\/experienciaslatam.com\/pt-br\/wp-json\/wp\/v2\/media?parent=5697"}],"wp:term":[{"taxonomy":"product_brand","embeddable":true,"href":"https:\/\/experienciaslatam.com\/pt-br\/wp-json\/wp\/v2\/product_brand?post=5697"},{"taxonomy":"product_cat","embeddable":true,"href":"https:\/\/experienciaslatam.com\/pt-br\/wp-json\/wp\/v2\/product_cat?post=5697"},{"taxonomy":"product_tag","embeddable":true,"href":"https:\/\/experienciaslatam.com\/pt-br\/wp-json\/wp\/v2\/product_tag?post=5697"}],"curies":[{"name":"wp","href":"https:\/\/api.w.org\/{rel}","templated":true}]}}