{"id":6065,"date":"2025-04-25T14:42:41","date_gmt":"2025-04-25T19:42:41","guid":{"rendered":"https:\/\/experienciaslatam.com\/?post_type=product&#038;p=6065"},"modified":"2025-05-22T18:09:41","modified_gmt":"2025-05-22T23:09:41","slug":"celebre-a-conmebol-libertadores-2024-com-o-city-tour-buenos-aires-sur-copy-2","status":"publish","type":"product","link":"https:\/\/experienciaslatam.com\/pt-br\/experienciasx\/celebre-a-conmebol-libertadores-2024-com-o-city-tour-buenos-aires-sur-copy-2\/","title":{"rendered":"Desfrute de uma celebra\u00e7\u00e3o pr\u00e9-jogo com uma lenda da UEFA Champions League"},"content":{"rendered":"<p><span class=\"TextRun SCXW44253851 BCX0\" lang=\"EN-US\" xml:lang=\"EN-US\" data-contrast=\"auto\"><span class=\"NormalTextRun SpellingErrorV2Themed SCXW44253851 BCX0\">Re\u00fana<\/span><span class=\"NormalTextRun SCXW44253851 BCX0\">-se com outros <\/span><span class=\"NormalTextRun SpellingErrorV2Themed SCXW44253851 BCX0\">f\u00e3s<\/span> <span class=\"NormalTextRun SpellingErrorV2Themed SCXW44253851 BCX0\">em<\/span><span class=\"NormalTextRun SCXW44253851 BCX0\"> um local premium, <\/span><span class=\"NormalTextRun SpellingErrorV2Themed SCXW44253851 BCX0\">especialmente<\/span> <span class=\"NormalTextRun SpellingErrorV2Themed SCXW44253851 BCX0\">projetado<\/span><span class=\"NormalTextRun SCXW44253851 BCX0\"> para <\/span><span class=\"NormalTextRun SpellingErrorV2Themed SCXW44253851 BCX0\">uma<\/span> <span class=\"NormalTextRun SpellingErrorV2Themed SCXW44253851 BCX0\">experi\u00eancia<\/span> <span class=\"NormalTextRun SpellingErrorV2Themed SCXW44253851 BCX0\">pr\u00e9-jogo<\/span> <span class=\"NormalTextRun SpellingErrorV2Themed SCXW44253851 BCX0\">inesquec\u00edvel<\/span><span class=\"NormalTextRun SCXW44253851 BCX0\"> da UEFA Champions League. Ao <\/span><span class=\"NormalTextRun SpellingErrorV2Themed SCXW44253851 BCX0\">chegar<\/span><span class=\"NormalTextRun SCXW44253851 BCX0\">, <\/span><span class=\"NormalTextRun SpellingErrorV2Themed SCXW44253851 BCX0\">voc\u00ea<\/span> <span class=\"NormalTextRun SpellingErrorV2Themed SCXW44253851 BCX0\">receber\u00e1<\/span><span class=\"NormalTextRun SCXW44253851 BCX0\"> um<\/span><span class=\"NormalTextRun SCXW44253851 BCX0\">\u00a0kit de merchandising da UEFA Champions League antes de <\/span><span class=\"NormalTextRun SpellingErrorV2Themed SCXW44253851 BCX0\">desfrutar<\/span><span class=\"NormalTextRun SCXW44253851 BCX0\"> de <\/span><span class=\"NormalTextRun SpellingErrorV2Themed SCXW44253851 BCX0\">uma<\/span> <span class=\"NormalTextRun SpellingErrorV2Themed SCXW44253851 BCX0\">refei\u00e7\u00e3o<\/span><span class=\"NormalTextRun SCXW44253851 BCX0\"> deliciosa. Um <\/span><span class=\"NormalTextRun SpellingErrorV2Themed SCXW44253851 BCX0\">jogador<\/span><span class=\"NormalTextRun SCXW44253851 BCX0\"> de <\/span><span class=\"NormalTextRun SpellingErrorV2Themed SCXW44253851 BCX0\">futebol<\/span> <span class=\"NormalTextRun SpellingErrorV2Themed SCXW44253851 BCX0\">lend\u00e1rio<\/span><span class=\"NormalTextRun SCXW44253851 BCX0\"> se <\/span><span class=\"NormalTextRun SpellingErrorV2Themed SCXW44253851 BCX0\">juntar\u00e1<\/span><span class=\"NormalTextRun SCXW44253851 BCX0\"> a <\/span><span class=\"NormalTextRun SpellingErrorV2Themed SCXW44253851 BCX0\">voc\u00ea<\/span><span class=\"NormalTextRun SCXW44253851 BCX0\"> para <\/span><span class=\"NormalTextRun SpellingErrorV2Themed SCXW44253851 BCX0\">compartilhar<\/span> <span class=\"NormalTextRun SpellingErrorV2Themed SCXW44253851 BCX0\">hist\u00f3rias<\/span><span class=\"NormalTextRun SCXW44253851 BCX0\">, <\/span><span class=\"NormalTextRun SpellingErrorV2Themed SCXW44253851 BCX0\">perspectivas<\/span><span class=\"NormalTextRun SCXW44253851 BCX0\"> e <\/span><span class=\"NormalTextRun SpellingErrorV2Themed SCXW44253851 BCX0\">conhecimentos<\/span> <span class=\"NormalTextRun SpellingErrorV2Themed SCXW44253851 BCX0\">sobre<\/span><span class=\"NormalTextRun SCXW44253851 BCX0\"> o <\/span><span class=\"NormalTextRun SpellingErrorV2Themed SCXW44253851 BCX0\">futebol<\/span><span class=\"NormalTextRun SCXW44253851 BCX0\">, <\/span><span class=\"NormalTextRun SpellingErrorV2Themed SCXW44253851 BCX0\">tornando<\/span> <span class=\"NormalTextRun SpellingErrorV2Themed SCXW44253851 BCX0\">este<\/span><span class=\"NormalTextRun SCXW44253851 BCX0\"> um <\/span><span class=\"NormalTextRun SpellingErrorV2Themed SCXW44253851 BCX0\">evento<\/span> <span class=\"NormalTextRun SpellingErrorV2Themed SCXW44253851 BCX0\">verdadeiramente<\/span> <span class=\"NormalTextRun SpellingErrorV2Themed SCXW44253851 BCX0\">\u00fanico<\/span><span class=\"NormalTextRun SCXW44253851 BCX0\">. <\/span><span class=\"NormalTextRun SpellingErrorV2Themed SCXW44253851 BCX0\">Exclusivamente<\/span><span class=\"NormalTextRun SCXW44253851 BCX0\"> para <\/span><span class=\"NormalTextRun SpellingErrorV2Themed SCXW44253851 BCX0\">titulares<\/span><span class=\"NormalTextRun SCXW44253851 BCX0\"> de <\/span><span class=\"NormalTextRun SpellingErrorV2Themed SCXW44253851 BCX0\">cart\u00f5es<\/span><span class=\"NormalTextRun SCXW44253851 BCX0\"> Mastercard.<\/span><\/span><\/p>\n","protected":false},"excerpt":{"rendered":"<p>Re\u00fana-se com outros f\u00e3s em um local premium, especialmente projetado para uma experi\u00eancia pr\u00e9-jogo inesquec\u00edvel da UEFA Champions League. Ao chegar, voc\u00ea receber\u00e1 um\u00a0kit de merchandising da UEFA Champions League antes de desfrutar de uma refei\u00e7\u00e3o deliciosa. Um jogador de futebol lend\u00e1rio se juntar\u00e1 a voc\u00ea para compartilhar hist\u00f3rias, perspectivas e conhecimentos sobre o futebol, [&hellip;]<\/p>\n","protected":false},"featured_media":6068,"template":"","meta":{"_acf_changed":false,"inline_featured_image":false},"product_brand":[],"product_cat":[48,54],"product_tag":[],"class_list":{"0":"post-6065","1":"product","2":"type-product","3":"status-publish","4":"has-post-thumbnail","6":"product_cat-experienciasx","7":"product_cat-libertadoresx","9":"first","10":"outofstock","11":"sold-individually","12":"shipping-taxable","13":"purchasable","14":"product-type-variable"},"acf":[],"_links":{"self":[{"href":"https:\/\/experienciaslatam.com\/pt-br\/wp-json\/wp\/v2\/product\/6065","targetHints":{"allow":["GET"]}}],"collection":[{"href":"https:\/\/experienciaslatam.com\/pt-br\/wp-json\/wp\/v2\/product"}],"about":[{"href":"https:\/\/experienciaslatam.com\/pt-br\/wp-json\/wp\/v2\/types\/product"}],"wp:featuredmedia":[{"embeddable":true,"href":"https:\/\/experienciaslatam.com\/pt-br\/wp-json\/wp\/v2\/media\/6068"}],"wp:attachment":[{"href":"https:\/\/experienciaslatam.com\/pt-br\/wp-json\/wp\/v2\/media?parent=6065"}],"wp:term":[{"taxonomy":"product_brand","embeddable":true,"href":"https:\/\/experienciaslatam.com\/pt-br\/wp-json\/wp\/v2\/product_brand?post=6065"},{"taxonomy":"product_cat","embeddable":true,"href":"https:\/\/experienciaslatam.com\/pt-br\/wp-json\/wp\/v2\/product_cat?post=6065"},{"taxonomy":"product_tag","embeddable":true,"href":"https:\/\/experienciaslatam.com\/pt-br\/wp-json\/wp\/v2\/product_tag?post=6065"}],"curies":[{"name":"wp","href":"https:\/\/api.w.org\/{rel}","templated":true}]}}