{"id":6129,"date":"2025-04-28T12:00:34","date_gmt":"2025-04-28T17:00:34","guid":{"rendered":"https:\/\/experienciaslatam.com\/?post_type=product&#038;p=6129"},"modified":"2025-05-14T15:57:07","modified_gmt":"2025-05-14T20:57:07","slug":"treine-e-participe-de-uma-partida-com-a-lenda-da-uefa-champions-league-hernan-crespo","status":"publish","type":"product","link":"https:\/\/experienciaslatam.com\/pt-br\/experienciasx\/treine-e-participe-de-uma-partida-com-a-lenda-da-uefa-champions-league-hernan-crespo\/","title":{"rendered":"Treine e participe de uma partida com a lenda da UEFA Champions League, Hern\u00e1n Crespo"},"content":{"rendered":"<p>Alimente sua paix\u00e3o pelo futebol com uma sess\u00e3o de treino inesquec\u00edvel e uma partida de exibi\u00e7\u00e3o com Hern\u00e1n Crespo, um lend\u00e1rio jogador da UEFA Champions League, em 30 de maio de 2025. Voc\u00ea ter\u00e1 o privil\u00e9gio de entrar em campo com um jogador de futebol mundialmente famoso para uma sess\u00e3o de uma hora, come\u00e7ando com uma sess\u00e3o de pr\u00e1tica durante a qual voc\u00ea aprender\u00e1 dicas e truques de um dos melhores jogadores do planeta, com um moderador profissional atuando como \u00e1rbitro. Em seguida, voc\u00ea e seus colegas participantes se dividir\u00e3o em equipes para uma partida emocionante, sob o comando da lenda do futebol, que assumir\u00e1 o papel de treinador e conduzir\u00e1 a experi\u00eancia da lateral do campo. Al\u00e9m disso, voc\u00ea receber\u00e1 produtos da UEFA Champions League e um v\u00eddeo emocionante que captura a magia do dia. Exclusivo para titulares de cart\u00f5es Mastercard.<\/p>\n<p><b><span data-contrast=\"auto\">O que \u00e9 invaluable<\/span><\/b><span data-contrast=\"auto\">:<\/span><span data-ccp-props=\"{&quot;134233117&quot;:false,&quot;134233118&quot;:false,&quot;335551550&quot;:6,&quot;335551620&quot;:6,&quot;335559738&quot;:240,&quot;335559739&quot;:240}\">\u00a0<\/span><\/p>\n<p>Viver seus sonhos futebol\u00edsticos com um dia inesquec\u00edvel em campo com um jogador ic\u00f4nico da UEFA Champions League.<\/p>\n","protected":false},"excerpt":{"rendered":"<p>Alimente sua paix\u00e3o pelo futebol com uma sess\u00e3o de treino inesquec\u00edvel e uma partida de exibi\u00e7\u00e3o com Hern\u00e1n Crespo, um lend\u00e1rio jogador da UEFA Champions League, em 30 de maio de 2025. Voc\u00ea ter\u00e1 o privil\u00e9gio de entrar em campo com um jogador de futebol mundialmente famoso para uma sess\u00e3o de uma hora, come\u00e7ando com [&hellip;]<\/p>\n","protected":false},"featured_media":6133,"template":"","meta":{"_acf_changed":false,"inline_featured_image":false},"product_brand":[],"product_cat":[48,54],"product_tag":[],"class_list":{"0":"post-6129","1":"product","2":"type-product","3":"status-publish","4":"has-post-thumbnail","6":"product_cat-experienciasx","7":"product_cat-libertadoresx","9":"first","10":"outofstock","11":"sold-individually","12":"shipping-taxable","13":"purchasable","14":"product-type-variable"},"acf":[],"_links":{"self":[{"href":"https:\/\/experienciaslatam.com\/pt-br\/wp-json\/wp\/v2\/product\/6129","targetHints":{"allow":["GET"]}}],"collection":[{"href":"https:\/\/experienciaslatam.com\/pt-br\/wp-json\/wp\/v2\/product"}],"about":[{"href":"https:\/\/experienciaslatam.com\/pt-br\/wp-json\/wp\/v2\/types\/product"}],"wp:featuredmedia":[{"embeddable":true,"href":"https:\/\/experienciaslatam.com\/pt-br\/wp-json\/wp\/v2\/media\/6133"}],"wp:attachment":[{"href":"https:\/\/experienciaslatam.com\/pt-br\/wp-json\/wp\/v2\/media?parent=6129"}],"wp:term":[{"taxonomy":"product_brand","embeddable":true,"href":"https:\/\/experienciaslatam.com\/pt-br\/wp-json\/wp\/v2\/product_brand?post=6129"},{"taxonomy":"product_cat","embeddable":true,"href":"https:\/\/experienciaslatam.com\/pt-br\/wp-json\/wp\/v2\/product_cat?post=6129"},{"taxonomy":"product_tag","embeddable":true,"href":"https:\/\/experienciaslatam.com\/pt-br\/wp-json\/wp\/v2\/product_tag?post=6129"}],"curies":[{"name":"wp","href":"https:\/\/api.w.org\/{rel}","templated":true}]}}