{"id":6250,"date":"2025-04-30T09:26:25","date_gmt":"2025-04-30T14:26:25","guid":{"rendered":"https:\/\/experienciaslatam.com\/?post_type=product&#038;p=6250"},"modified":"2025-04-30T16:36:22","modified_gmt":"2025-04-30T21:36:22","slug":"viva-uma-experiencia-do-mercado-a-mesa-com-o-chef-pablo-naranjo","status":"publish","type":"product","link":"https:\/\/experienciaslatam.com\/pt-br\/experienciasx\/viva-uma-experiencia-do-mercado-a-mesa-com-o-chef-pablo-naranjo\/","title":{"rendered":"Viva uma experi\u00eancia do mercado \u00e0 mesa com o Chef Pablo Naranjo"},"content":{"rendered":"<p><span data-contrast=\"auto\">Conhe\u00e7a o chef do Zombra na <strong>Plaza Minorista<\/strong> para uma din\u00e2mica aula magistral sobre culin\u00e1ria ecol\u00f3gica. Voc\u00ea explorar\u00e1 o mercado de produtos locais, conhecer\u00e1 os vendedores e provar\u00e1 um prato delicioso.<\/span><span data-ccp-props=\"{}\">\u00a0<\/span><\/p>\n<p><span data-contrast=\"auto\">Na cozinha do Zombra, o <strong>Chef Naranjo<\/strong> demonstrar\u00e1 como aproveita os princ\u00edpios de sazonalidade e redu\u00e7\u00e3o de desperd\u00edcios para criar um menu. Usando produtos frescos do mercado, ele preparar\u00e1 v\u00e1rios pratos \u00fanicos para voc\u00ea desfrutar, todos elaborados com um enfoque na sustentabilidade. Exclusivamente para titulares de cart\u00f5es Mastercard.<\/span><span data-ccp-props=\"{}\">\u00a0<\/span><\/p>\n","protected":false},"excerpt":{"rendered":"<p>Conhe\u00e7a o chef do Zombra na Plaza Minorista para uma din\u00e2mica aula magistral sobre culin\u00e1ria ecol\u00f3gica. Voc\u00ea explorar\u00e1 o mercado de produtos locais, conhecer\u00e1 os vendedores e provar\u00e1 um prato delicioso.\u00a0 Na cozinha do Zombra, o Chef Naranjo demonstrar\u00e1 como aproveita os princ\u00edpios de sazonalidade e redu\u00e7\u00e3o de desperd\u00edcios para criar um menu. Usando produtos [&hellip;]<\/p>\n","protected":false},"featured_media":6292,"template":"","meta":{"_acf_changed":false,"inline_featured_image":false},"product_brand":[],"product_cat":[48],"product_tag":[],"class_list":{"0":"post-6250","1":"product","2":"type-product","3":"status-publish","4":"has-post-thumbnail","6":"product_cat-experienciasx","8":"first","9":"instock","10":"virtual","11":"sold-individually","12":"purchasable","13":"product-type-booking"},"acf":[],"_links":{"self":[{"href":"https:\/\/experienciaslatam.com\/pt-br\/wp-json\/wp\/v2\/product\/6250","targetHints":{"allow":["GET"]}}],"collection":[{"href":"https:\/\/experienciaslatam.com\/pt-br\/wp-json\/wp\/v2\/product"}],"about":[{"href":"https:\/\/experienciaslatam.com\/pt-br\/wp-json\/wp\/v2\/types\/product"}],"wp:featuredmedia":[{"embeddable":true,"href":"https:\/\/experienciaslatam.com\/pt-br\/wp-json\/wp\/v2\/media\/6292"}],"wp:attachment":[{"href":"https:\/\/experienciaslatam.com\/pt-br\/wp-json\/wp\/v2\/media?parent=6250"}],"wp:term":[{"taxonomy":"product_brand","embeddable":true,"href":"https:\/\/experienciaslatam.com\/pt-br\/wp-json\/wp\/v2\/product_brand?post=6250"},{"taxonomy":"product_cat","embeddable":true,"href":"https:\/\/experienciaslatam.com\/pt-br\/wp-json\/wp\/v2\/product_cat?post=6250"},{"taxonomy":"product_tag","embeddable":true,"href":"https:\/\/experienciaslatam.com\/pt-br\/wp-json\/wp\/v2\/product_tag?post=6250"}],"curies":[{"name":"wp","href":"https:\/\/api.w.org\/{rel}","templated":true}]}}