{"id":7187,"date":"2025-06-27T17:53:28","date_gmt":"2025-06-27T22:53:28","guid":{"rendered":"https:\/\/experienciaslatam.com\/?post_type=product&#038;p=7187"},"modified":"2026-03-26T13:31:05","modified_gmt":"2026-03-26T18:31:05","slug":"explore-o-jardim-botanico-e-o-historico-jockey-club-do-rio-com-uma-guia-local","status":"publish","type":"product","link":"https:\/\/experienciaslatam.com\/pt-br\/experienciasx\/explore-o-jardim-botanico-e-o-historico-jockey-club-do-rio-com-uma-guia-local\/","title":{"rendered":"Explore o Jardim Bot\u00e2nico e o hist\u00f3rico Jockey Club do Rio com uma guia local"},"content":{"rendered":"<p><span class=\"TextRun SCXW252653143 BCX0\" lang=\"ES-ES\" xml:lang=\"ES-ES\" data-contrast=\"auto\"><span class=\"NormalTextRun SCXW252653143 BCX0\">Descubra <\/span><span class=\"NormalTextRun SpellingErrorV2Themed SCXW252653143 BCX0\">um<\/span><span class=\"NormalTextRun SCXW252653143 BCX0\"> lado menos <\/span><span class=\"NormalTextRun SpellingErrorV2Themed SCXW252653143 BCX0\">conhecido<\/span><span class=\"NormalTextRun SCXW252653143 BCX0\"> do Rio em <\/span><span class=\"NormalTextRun SpellingErrorV2Themed SCXW252653143 BCX0\">uma<\/span> <span class=\"NormalTextRun SpellingErrorV2Themed SCXW252653143 BCX0\">caminhada<\/span><span class=\"NormalTextRun SCXW252653143 BCX0\"> guiada por <\/span><span class=\"NormalTextRun SpellingErrorV2Themed SCXW252653143 BCX0\">seu<\/span><span class=\"NormalTextRun SCXW252653143 BCX0\"> exuberante <\/span><span class=\"NormalTextRun SpellingErrorV2Themed SCXW252653143 BCX0\">Jardim<\/span> <span class=\"NormalTextRun SpellingErrorV2Themed SCXW252653143 BCX0\">Bot\u00e2nico <\/span><span class=\"NormalTextRun SCXW252653143 BCX0\">e pelo hist\u00f3rico Jockey Club, <\/span><span class=\"NormalTextRun SpellingErrorV2Themed SCXW252653143 BCX0\">acompanhado<\/span><span class=\"NormalTextRun SCXW252653143 BCX0\"> por <\/span><span class=\"NormalTextRun SpellingErrorV2Themed SCXW252653143 BCX0\">uma<\/span><span class=\"NormalTextRun SCXW252653143 BCX0\"> especialista local que vive <\/span><span class=\"NormalTextRun SpellingErrorV2Themed SCXW252653143 BCX0\">na<\/span> <span class=\"NormalTextRun SpellingErrorV2Themed SCXW252653143 BCX0\">regi\u00e3o<\/span> <span class=\"NormalTextRun SpellingErrorV2Themed SCXW252653143 BCX0\">h\u00e1<\/span><span class=\"NormalTextRun SCXW252653143 BCX0\"> d\u00e9cadas. A <\/span><span class=\"NormalTextRun SpellingErrorV2Themed SCXW252653143 BCX0\">experi\u00eancia<\/span><span class=\"NormalTextRun SCXW252653143 BCX0\"> termina <\/span><span class=\"NormalTextRun SpellingErrorV2Themed SCXW252653143 BCX0\">com<\/span> <span class=\"NormalTextRun SpellingErrorV2Themed SCXW252653143 BCX0\">um<\/span> <span class=\"NormalTextRun SpellingErrorV2Themed SCXW252653143 BCX0\">almo\u00e7o<\/span><span class=\"NormalTextRun SCXW252653143 BCX0\"> tradicional. <\/span><span class=\"NormalTextRun SpellingErrorV2Themed SCXW252653143 BCX0\">Voc\u00ea<\/span> <span class=\"NormalTextRun SpellingErrorV2Themed SCXW252653143 BCX0\">come\u00e7ar\u00e1<\/span><span class=\"NormalTextRun SCXW252653143 BCX0\"> no <\/span><span class=\"NormalTextRun SpellingErrorV2Themed SCXW252653143 BCX0\">Jardim<\/span> <span class=\"NormalTextRun SpellingErrorV2Themed SCXW252653143 BCX0\">Bot\u00e2nico<\/span><span class=\"NormalTextRun SCXW252653143 BCX0\"> do Rio de Janeiro, fundado em 1808 por Dom Jo\u00e3o VI, onde <\/span><span class=\"NormalTextRun SpellingErrorV2Themed SCXW252653143 BCX0\">conhecer\u00e1<\/span><span class=\"NormalTextRun SCXW252653143 BCX0\"> o papel fundamental que <\/span><span class=\"NormalTextRun SpellingErrorV2Themed SCXW252653143 BCX0\">desempenhou<\/span> <span class=\"NormalTextRun SpellingErrorV2Themed SCXW252653143 BCX0\">na<\/span> <span class=\"NormalTextRun SpellingErrorV2Themed SCXW252653143 BCX0\">refloresta\u00e7\u00e3o<\/span><span class=\"NormalTextRun SCXW252653143 BCX0\"> do Parque Nacional da <\/span><span class=\"NormalTextRun SpellingErrorV2Themed SCXW252653143 BCX0\">Tijuca<\/span><span class=\"NormalTextRun SCXW252653143 BCX0\">, <\/span><span class=\"NormalTextRun SpellingErrorV2Themed SCXW252653143 BCX0\">ajudando<\/span><span class=\"NormalTextRun SCXW252653143 BCX0\"> a preservar o <\/span><span class=\"NormalTextRun SpellingErrorV2Themed SCXW252653143 BCX0\">abastecimento<\/span><span class=\"NormalTextRun SCXW252653143 BCX0\"> de <\/span><span class=\"NormalTextRun SpellingErrorV2Themed SCXW252653143 BCX0\">\u00e1gua<\/span><span class=\"NormalTextRun SCXW252653143 BCX0\"> e a <\/span><span class=\"NormalTextRun SpellingErrorV2Themed SCXW252653143 BCX0\">beleza<\/span><span class=\"NormalTextRun SCXW252653143 BCX0\"> natural da <\/span><span class=\"NormalTextRun SpellingErrorV2Themed SCXW252653143 BCX0\">cidade<\/span><span class=\"NormalTextRun SCXW252653143 BCX0\">. Em seguida, visitar\u00e1 o Jockey Club Brasileiro, <\/span><span class=\"NormalTextRun SpellingErrorV2Themed SCXW252653143 BCX0\">um<\/span> <span class=\"NormalTextRun SpellingErrorV2Themed SCXW252653143 BCX0\">\u00edcone<\/span><span class=\"NormalTextRun SCXW252653143 BCX0\"> cultural e <\/span><span class=\"NormalTextRun SpellingErrorV2Themed SCXW252653143 BCX0\">arquitet\u00f4nico<\/span><span class=\"NormalTextRun SCXW252653143 BCX0\">, onde <\/span><span class=\"NormalTextRun SpellingErrorV2Themed SCXW252653143 BCX0\">ouvir\u00e1<\/span> <span class=\"NormalTextRun SpellingErrorV2Themed SCXW252653143 BCX0\">hist\u00f3rias<\/span><span class=\"NormalTextRun SCXW252653143 BCX0\"> da alta <\/span><span class=\"NormalTextRun SpellingErrorV2Themed SCXW252653143 BCX0\">sociedade<\/span><span class=\"NormalTextRun SCXW252653143 BCX0\"> carioca do final do <\/span><span class=\"NormalTextRun SpellingErrorV2Themed SCXW252653143 BCX0\">s\u00e9culo<\/span><span class=\"NormalTextRun SCXW252653143 BCX0\"> XIX. O <\/span><span class=\"NormalTextRun SpellingErrorV2Themed SCXW252653143 BCX0\">passeio<\/span><span class=\"NormalTextRun SCXW252653143 BCX0\"> termina <\/span><span class=\"NormalTextRun SpellingErrorV2Themed SCXW252653143 BCX0\">com<\/span> <span class=\"NormalTextRun SpellingErrorV2Themed SCXW252653143 BCX0\">um<\/span> <span class=\"NormalTextRun SpellingErrorV2Themed SCXW252653143 BCX0\">almo\u00e7o<\/span><span class=\"NormalTextRun SCXW252653143 BCX0\"> t\u00edpico carioca e <\/span><span class=\"NormalTextRun SpellingErrorV2Themed SCXW252653143 BCX0\">uma<\/span> <span class=\"NormalTextRun SpellingErrorV2Themed SCXW252653143 BCX0\">cerveja<\/span> <span class=\"NormalTextRun SpellingErrorV2Themed SCXW252653143 BCX0\">gelada<\/span><span class=\"NormalTextRun SCXW252653143 BCX0\"> em <\/span><span class=\"NormalTextRun SpellingErrorV2Themed SCXW252653143 BCX0\">um<\/span><span class=\"NormalTextRun SCXW252653143 BCX0\"> restaurante de <\/span><span class=\"NormalTextRun SpellingErrorV2Themed SCXW252653143 BCX0\">bairro<\/span> <span class=\"NormalTextRun SpellingErrorV2Themed SCXW252653143 BCX0\">na<\/span> <span class=\"NormalTextRun SpellingErrorV2Themed SCXW252653143 BCX0\">G\u00e1vea<\/span><span class=\"NormalTextRun SCXW252653143 BCX0\">, <\/span><span class=\"NormalTextRun SpellingErrorV2Themed SCXW252653143 BCX0\">conhecido<\/span><span class=\"NormalTextRun SCXW252653143 BCX0\"> por <\/span><span class=\"NormalTextRun SpellingErrorV2Themed SCXW252653143 BCX0\">seu<\/span><span class=\"NormalTextRun SCXW252653143 BCX0\"> ambiente <\/span><span class=\"NormalTextRun SpellingErrorV2Themed SCXW252653143 BCX0\">aut\u00eantico<\/span><span class=\"NormalTextRun SCXW252653143 BCX0\"> e clientela local. Exclusivo para portadores de <\/span><span class=\"NormalTextRun SpellingErrorV2Themed SCXW252653143 BCX0\">cart\u00e3o<\/span> <span class=\"NormalTextRun SpellingErrorV2Themed SCXW252653143 BCX0\">Mastercard<\/span><span class=\"NormalTextRun SCXW252653143 BCX0\">.<\/span><\/span><span class=\"EOP SCXW252653143 BCX0\" data-ccp-props=\"{}\">\u00a0<\/span><\/p>\n","protected":false},"excerpt":{"rendered":"<p>Descubra um lado menos conhecido do Rio em uma caminhada guiada por seu exuberante Jardim Bot\u00e2nico e pelo hist\u00f3rico Jockey Club, acompanhado por uma especialista local que vive na regi\u00e3o h\u00e1 d\u00e9cadas. A experi\u00eancia termina com um almo\u00e7o tradicional. Voc\u00ea come\u00e7ar\u00e1 no Jardim Bot\u00e2nico do Rio de Janeiro, fundado em 1808 por Dom Jo\u00e3o VI, [&hellip;]<\/p>\n","protected":false},"featured_media":7189,"template":"","meta":{"_acf_changed":false,"inline_featured_image":false},"product_brand":[],"product_cat":[48],"product_tag":[],"class_list":{"0":"post-7187","1":"product","2":"type-product","3":"status-publish","4":"has-post-thumbnail","6":"product_cat-experienciasx","8":"first","9":"instock","10":"virtual","11":"sold-individually","12":"purchasable","13":"product-type-booking"},"acf":[],"_links":{"self":[{"href":"https:\/\/experienciaslatam.com\/pt-br\/wp-json\/wp\/v2\/product\/7187","targetHints":{"allow":["GET"]}}],"collection":[{"href":"https:\/\/experienciaslatam.com\/pt-br\/wp-json\/wp\/v2\/product"}],"about":[{"href":"https:\/\/experienciaslatam.com\/pt-br\/wp-json\/wp\/v2\/types\/product"}],"wp:featuredmedia":[{"embeddable":true,"href":"https:\/\/experienciaslatam.com\/pt-br\/wp-json\/wp\/v2\/media\/7189"}],"wp:attachment":[{"href":"https:\/\/experienciaslatam.com\/pt-br\/wp-json\/wp\/v2\/media?parent=7187"}],"wp:term":[{"taxonomy":"product_brand","embeddable":true,"href":"https:\/\/experienciaslatam.com\/pt-br\/wp-json\/wp\/v2\/product_brand?post=7187"},{"taxonomy":"product_cat","embeddable":true,"href":"https:\/\/experienciaslatam.com\/pt-br\/wp-json\/wp\/v2\/product_cat?post=7187"},{"taxonomy":"product_tag","embeddable":true,"href":"https:\/\/experienciaslatam.com\/pt-br\/wp-json\/wp\/v2\/product_tag?post=7187"}],"curies":[{"name":"wp","href":"https:\/\/api.w.org\/{rel}","templated":true}]}}