{"id":7247,"date":"2025-07-07T17:54:46","date_gmt":"2025-07-07T22:54:46","guid":{"rendered":"https:\/\/experienciaslatam.com\/?post_type=product&#038;p=7247"},"modified":"2026-03-25T16:22:54","modified_gmt":"2026-03-25T21:22:54","slug":"jantar-e-pintura-durante-uma-noite-de-colaboracao-criativa-em-bogota","status":"publish","type":"product","link":"https:\/\/experienciaslatam.com\/pt-br\/experienciasx\/jantar-e-pintura-durante-uma-noite-de-colaboracao-criativa-em-bogota\/","title":{"rendered":"Jantar e pintura durante uma noite de colabora\u00e7\u00e3o criativa em Bogot\u00e1"},"content":{"rendered":"<p><span class=\"TextRun SCXW148031073 BCX0\" lang=\"ES-ES\" xml:lang=\"ES-ES\" data-contrast=\"auto\"><span class=\"NormalTextRun SCXW148031073 BCX0\">Combine <\/span><span class=\"NormalTextRun SpellingErrorV2Themed SCXW148031073 BCX0\">sua<\/span> <span class=\"NormalTextRun SpellingErrorV2Themed SCXW148031073 BCX0\">paix\u00e3o<\/span><span class=\"NormalTextRun SCXW148031073 BCX0\"> por arte e <\/span><span class=\"NormalTextRun SpellingErrorV2Themed SCXW148031073 BCX0\">gastronomia<\/span><span class=\"NormalTextRun SCXW148031073 BCX0\"> durante <\/span><span class=\"NormalTextRun SpellingErrorV2Themed SCXW148031073 BCX0\">uma<\/span> <span class=\"NormalTextRun SpellingErrorV2Themed SCXW148031073 BCX0\">noite<\/span><span class=\"NormalTextRun SCXW148031073 BCX0\"> m\u00e1gica <\/span><span class=\"NormalTextRun SpellingErrorV2Themed SCXW148031073 BCX0\">na<\/span><span class=\"NormalTextRun SCXW148031073 BCX0\"> Culto <\/span><span class=\"NormalTextRun SpellingErrorV2Themed SCXW148031073 BCX0\">Gallery<\/span><span class=\"NormalTextRun SCXW148031073 BCX0\">, <\/span><span class=\"NormalTextRun SpellingErrorV2Themed SCXW148031073 BCX0\">projetada<\/span><span class=\"NormalTextRun SCXW148031073 BCX0\"> para inspirar <\/span><span class=\"NormalTextRun SpellingErrorV2Themed SCXW148031073 BCX0\">sua<\/span> <span class=\"NormalTextRun SpellingErrorV2Themed SCXW148031073 BCX0\">criatividade<\/span><span class=\"NormalTextRun SCXW148031073 BCX0\">. Seu grupo se unir\u00e1 \u00e0 curadora <\/span><span class=\"NormalTextRun ContextualSpellingAndGrammarErrorV2Themed SCXW148031073 BCX0\">e<\/span><span class=\"NormalTextRun SCXW148031073 BCX0\"> artista <\/span><span class=\"NormalTextRun SpellingErrorV2Themed SCXW148031073 BCX0\">contempor\u00e2nea<\/span><span class=\"NormalTextRun SCXW148031073 BCX0\"> Melissa Hern\u00e1ndez, que o guiar\u00e1 por <\/span><span class=\"NormalTextRun SpellingErrorV2Themed SCXW148031073 BCX0\">um<\/span> <span class=\"NormalTextRun SpellingErrorV2Themed SCXW148031073 BCX0\">jantar<\/span><span class=\"NormalTextRun SCXW148031073 BCX0\"> em <\/span><span class=\"NormalTextRun SpellingErrorV2Themed SCXW148031073 BCX0\">v\u00e1rios<\/span><span class=\"NormalTextRun SCXW148031073 BCX0\"> tempos <\/span><span class=\"NormalTextRun SpellingErrorV2Themed SCXW148031073 BCX0\">com<\/span><span class=\"NormalTextRun SCXW148031073 BCX0\"> ingredientes <\/span><span class=\"NormalTextRun SpellingErrorV2Themed SCXW148031073 BCX0\">locais<\/span><span class=\"NormalTextRun SCXW148031073 BCX0\">, <\/span><span class=\"NormalTextRun SpellingErrorV2Themed SCXW148031073 BCX0\">acompanhado<\/span><span class=\"NormalTextRun SCXW148031073 BCX0\"> de <\/span><span class=\"NormalTextRun SpellingErrorV2Themed SCXW148031073 BCX0\">coquet\u00e9is<\/span> <span class=\"NormalTextRun SpellingErrorV2Themed SCXW148031073 BCX0\">ou<\/span><span class=\"NormalTextRun SCXW148031073 BCX0\"> viche, <\/span><span class=\"NormalTextRun SpellingErrorV2Themed SCXW148031073 BCX0\">um<\/span><span class=\"NormalTextRun SCXW148031073 BCX0\"> licor tradicional colombiano <\/span><span class=\"NormalTextRun SpellingErrorV2Themed SCXW148031073 BCX0\">feito<\/span><span class=\"NormalTextRun SCXW148031073 BCX0\"> de cana-de-<\/span><span class=\"NormalTextRun SpellingErrorV2Themed SCXW148031073 BCX0\">a\u00e7\u00facar<\/span><span class=\"NormalTextRun SCXW148031073 BCX0\">. Durante o evento, <\/span><span class=\"NormalTextRun SpellingErrorV2Themed SCXW148031073 BCX0\">voc\u00ea<\/span><span class=\"NormalTextRun SCXW148031073 BCX0\"> pegar\u00e1 <\/span><span class=\"NormalTextRun SpellingErrorV2Themed SCXW148031073 BCX0\">um<\/span><span class=\"NormalTextRun SCXW148031073 BCX0\"> pincel <\/span><span class=\"NormalTextRun ContextualSpellingAndGrammarErrorV2Themed SCXW148031073 BCX0\">e<\/span><span class=\"NormalTextRun SCXW148031073 BCX0\"> participar\u00e1 da <\/span><span class=\"NormalTextRun SpellingErrorV2Themed SCXW148031073 BCX0\">cria\u00e7\u00e3o<\/span><span class=\"NormalTextRun SCXW148031073 BCX0\"> de <\/span><span class=\"NormalTextRun SpellingErrorV2Themed SCXW148031073 BCX0\">uma<\/span><span class=\"NormalTextRun SCXW148031073 BCX0\"> obra de arte colaborativa <\/span><span class=\"NormalTextRun SpellingErrorV2Themed SCXW148031073 BCX0\">com<\/span> <span class=\"NormalTextRun SpellingErrorV2Themed SCXW148031073 BCX0\">uma<\/span><span class=\"NormalTextRun SCXW148031073 BCX0\"> t\u00e9cnica <\/span><span class=\"NormalTextRun ContextualSpellingAndGrammarErrorV2Themed SCXW148031073 BCX0\">e<\/span><span class=\"NormalTextRun SCXW148031073 BCX0\"> tem\u00e1tica <\/span><span class=\"NormalTextRun SpellingErrorV2Themed SCXW148031073 BCX0\">surpresa<\/span><span class=\"NormalTextRun SCXW148031073 BCX0\">. <\/span><span class=\"NormalTextRun SpellingErrorV2Themed SCXW148031073 BCX0\">Voc\u00ea<\/span> <span class=\"NormalTextRun SpellingErrorV2Themed SCXW148031073 BCX0\">ainda<\/span> <span class=\"NormalTextRun SpellingErrorV2Themed SCXW148031073 BCX0\">poder\u00e1<\/span><span class=\"NormalTextRun SCXW148031073 BCX0\"> levar para casa <\/span><span class=\"NormalTextRun SpellingErrorV2Themed SCXW148031073 BCX0\">um<\/span><span class=\"NormalTextRun SCXW148031073 BCX0\"> fragmento como <\/span><span class=\"NormalTextRun SpellingErrorV2Themed SCXW148031073 BCX0\">lembran\u00e7a<\/span><span class=\"NormalTextRun SCXW148031073 BCX0\">. Exclusivo para portadores de <\/span><span class=\"NormalTextRun SpellingErrorV2Themed SCXW148031073 BCX0\">cart\u00e3o<\/span> <span class=\"NormalTextRun SpellingErrorV2Themed SCXW148031073 BCX0\">Mastercard<\/span><span class=\"NormalTextRun SCXW148031073 BCX0\">.<\/span><\/span><span class=\"EOP SCXW148031073 BCX0\" data-ccp-props=\"{}\">\u00a0<\/span><\/p>\n","protected":false},"excerpt":{"rendered":"<p>Combine sua paix\u00e3o por arte e gastronomia durante uma noite m\u00e1gica na Culto Gallery, projetada para inspirar sua criatividade. Seu grupo se unir\u00e1 \u00e0 curadora e artista contempor\u00e2nea Melissa Hern\u00e1ndez, que o guiar\u00e1 por um jantar em v\u00e1rios tempos com ingredientes locais, acompanhado de coquet\u00e9is ou viche, um licor tradicional colombiano feito de cana-de-a\u00e7\u00facar. Durante [&hellip;]<\/p>\n","protected":false},"featured_media":7249,"template":"","meta":{"_acf_changed":false,"inline_featured_image":false},"product_brand":[],"product_cat":[48],"product_tag":[],"class_list":{"0":"post-7247","1":"product","2":"type-product","3":"status-publish","4":"has-post-thumbnail","6":"product_cat-experienciasx","8":"first","9":"instock","10":"virtual","11":"sold-individually","12":"purchasable","13":"product-type-booking"},"acf":[],"_links":{"self":[{"href":"https:\/\/experienciaslatam.com\/pt-br\/wp-json\/wp\/v2\/product\/7247","targetHints":{"allow":["GET"]}}],"collection":[{"href":"https:\/\/experienciaslatam.com\/pt-br\/wp-json\/wp\/v2\/product"}],"about":[{"href":"https:\/\/experienciaslatam.com\/pt-br\/wp-json\/wp\/v2\/types\/product"}],"wp:featuredmedia":[{"embeddable":true,"href":"https:\/\/experienciaslatam.com\/pt-br\/wp-json\/wp\/v2\/media\/7249"}],"wp:attachment":[{"href":"https:\/\/experienciaslatam.com\/pt-br\/wp-json\/wp\/v2\/media?parent=7247"}],"wp:term":[{"taxonomy":"product_brand","embeddable":true,"href":"https:\/\/experienciaslatam.com\/pt-br\/wp-json\/wp\/v2\/product_brand?post=7247"},{"taxonomy":"product_cat","embeddable":true,"href":"https:\/\/experienciaslatam.com\/pt-br\/wp-json\/wp\/v2\/product_cat?post=7247"},{"taxonomy":"product_tag","embeddable":true,"href":"https:\/\/experienciaslatam.com\/pt-br\/wp-json\/wp\/v2\/product_tag?post=7247"}],"curies":[{"name":"wp","href":"https:\/\/api.w.org\/{rel}","templated":true}]}}