{"id":7481,"date":"2025-07-25T14:59:49","date_gmt":"2025-07-25T19:59:49","guid":{"rendered":"https:\/\/experienciaslatam.com\/?post_type=product&#038;p=7481"},"modified":"2026-03-26T15:23:51","modified_gmt":"2026-03-26T20:23:51","slug":"descubra-a-cachaca-o-espirito-emblematico-do-brasil-em-uma-degustacao-guiada","status":"publish","type":"product","link":"https:\/\/experienciaslatam.com\/pt-br\/experienciasx\/descubra-a-cachaca-o-espirito-emblematico-do-brasil-em-uma-degustacao-guiada\/","title":{"rendered":"Descubra a cacha\u00e7a, o esp\u00edrito emblem\u00e1tico do Brasil, em uma degusta\u00e7\u00e3o guiada"},"content":{"rendered":"<p><span class=\"TextRun SCXW125671931 BCX0\" lang=\"EN-US\" xml:lang=\"EN-US\" data-contrast=\"auto\"><span class=\"NormalTextRun SpellingErrorV2Themed SCXW125671931 BCX0\">Desfrute<\/span><span class=\"NormalTextRun SCXW125671931 BCX0\"> de <\/span><span class=\"NormalTextRun SpellingErrorV2Themed SCXW125671931 BCX0\">uma<\/span> <span class=\"NormalTextRun SpellingErrorV2Themed SCXW125671931 BCX0\">degusta\u00e7\u00e3o<\/span> <span class=\"NormalTextRun SpellingErrorV2Themed SCXW125671931 BCX0\">guiada<\/span><span class=\"NormalTextRun SCXW125671931 BCX0\"> de cacha\u00e7as, <\/span><span class=\"NormalTextRun SpellingErrorV2Themed SCXW125671931 BCX0\">realizada<\/span><span class=\"NormalTextRun SCXW125671931 BCX0\"> no hist\u00f3rico <\/span><span class=\"NormalTextRun SpellingErrorV2Themed SCXW125671931 BCX0\">Edif\u00edcio<\/span><span class=\"NormalTextRun SCXW125671931 BCX0\"> Copan, no <\/span><span class=\"NormalTextRun SpellingErrorV2Themed SCXW125671931 BCX0\">centro<\/span><span class=\"NormalTextRun SCXW125671931 BCX0\"> de S\u00e3o Paulo. <\/span><span class=\"NormalTextRun SpellingErrorV2Themed SCXW125671931 BCX0\">Voc\u00ea<\/span> <span class=\"NormalTextRun SpellingErrorV2Themed SCXW125671931 BCX0\">ir\u00e1<\/span> <span class=\"NormalTextRun SpellingErrorV2Themed SCXW125671931 BCX0\">provar<\/span> <span class=\"NormalTextRun SpellingErrorV2Themed SCXW125671931 BCX0\">cinco<\/span><span class=\"NormalTextRun SCXW125671931 BCX0\"> cacha\u00e7as premium, <\/span><span class=\"NormalTextRun SpellingErrorV2Themed SCXW125671931 BCX0\">envelhecidas<\/span><span class=\"NormalTextRun SCXW125671931 BCX0\"> com <\/span><span class=\"NormalTextRun SpellingErrorV2Themed SCXW125671931 BCX0\">perfei\u00e7\u00e3o<\/span> <span class=\"NormalTextRun SpellingErrorV2Themed SCXW125671931 BCX0\">em<\/span> <span class=\"NormalTextRun SpellingErrorV2Themed SCXW125671931 BCX0\">barris<\/span> <span class=\"NormalTextRun SpellingErrorV2Themed SCXW125671931 BCX0\">\u00fanicos<\/span><span class=\"NormalTextRun SCXW125671931 BCX0\"> e <\/span><span class=\"NormalTextRun SpellingErrorV2Themed SCXW125671931 BCX0\">harmonizadas<\/span><span class=\"NormalTextRun SCXW125671931 BCX0\"> com queijos <\/span><span class=\"NormalTextRun SpellingErrorV2Themed SCXW125671931 BCX0\">artesanais<\/span> <span class=\"NormalTextRun SpellingErrorV2Themed SCXW125671931 BCX0\">brasileiros<\/span><span class=\"NormalTextRun SCXW125671931 BCX0\">. Em <\/span><span class=\"NormalTextRun SpellingErrorV2Themed SCXW125671931 BCX0\">seguida<\/span><span class=\"NormalTextRun SCXW125671931 BCX0\">, <\/span><span class=\"NormalTextRun SpellingErrorV2Themed SCXW125671931 BCX0\">coloque<\/span> <span class=\"NormalTextRun SpellingErrorV2Themed SCXW125671931 BCX0\">em<\/span> <span class=\"NormalTextRun SpellingErrorV2Themed SCXW125671931 BCX0\">pr\u00e1tica<\/span> <span class=\"NormalTextRun SpellingErrorV2Themed SCXW125671931 BCX0\">seu<\/span><span class=\"NormalTextRun SCXW125671931 BCX0\"> novo <\/span><span class=\"NormalTextRun SpellingErrorV2Themed SCXW125671931 BCX0\">conhecimento<\/span> <span class=\"NormalTextRun SpellingErrorV2Themed SCXW125671931 BCX0\">ao<\/span> <span class=\"NormalTextRun SpellingErrorV2Themed SCXW125671931 BCX0\">preparar<\/span><span class=\"NormalTextRun SCXW125671931 BCX0\"> o <\/span><span class=\"NormalTextRun SpellingErrorV2Themed SpellingErrorHighlight SCXW125671931 BCX0\">coquetel<\/span> <span class=\"NormalTextRun SpellingErrorV2Themed SCXW125671931 BCX0\">mais<\/span> <span class=\"NormalTextRun SpellingErrorV2Themed SCXW125671931 BCX0\">ic\u00f4nico<\/span><span class=\"NormalTextRun SCXW125671931 BCX0\"> do <\/span><span class=\"NormalTextRun SpellingErrorV2Themed SCXW125671931 BCX0\">pa\u00eds<\/span><span class=\"NormalTextRun SCXW125671931 BCX0\">: a caipirinha. Para <\/span><span class=\"NormalTextRun SpellingErrorV2Themed SCXW125671931 BCX0\">finalizar<\/span><span class=\"NormalTextRun SCXW125671931 BCX0\">, <\/span><span class=\"NormalTextRun SpellingErrorV2Themed SCXW125671931 BCX0\">voc\u00ea<\/span> <span class=\"NormalTextRun SpellingErrorV2Themed SCXW125671931 BCX0\">receber\u00e1<\/span> <span class=\"NormalTextRun SpellingErrorV2Themed SCXW125671931 BCX0\">uma<\/span> <span class=\"NormalTextRun SpellingErrorV2Themed SCXW125671931 BCX0\">garrafa<\/span><span class=\"NormalTextRun SCXW125671931 BCX0\"> de cacha\u00e7a <\/span><span class=\"NormalTextRun SpellingErrorV2Themed SCXW125671931 BCX0\">Pindorama<\/span><span class=\"NormalTextRun SCXW125671931 BCX0\"> \u2014 um <\/span><span class=\"NormalTextRun SpellingErrorV2Themed SCXW125671931 BCX0\">presente<\/span> <span class=\"NormalTextRun SpellingErrorV2Themed SCXW125671931 BCX0\">cheio<\/span><span class=\"NormalTextRun SCXW125671931 BCX0\"> de <\/span><span class=\"NormalTextRun SpellingErrorV2Themed SCXW125671931 BCX0\">hist\u00f3ria<\/span><span class=\"NormalTextRun SCXW125671931 BCX0\"> e <\/span><span class=\"NormalTextRun SpellingErrorV2Themed SCXW125671931 BCX0\">sabor<\/span><span class=\"NormalTextRun SCXW125671931 BCX0\"> \u2014 para <\/span><span class=\"NormalTextRun SpellingErrorV2Themed SCXW125671931 BCX0\">continuar<\/span><span class=\"NormalTextRun SCXW125671931 BCX0\"> a <\/span><span class=\"NormalTextRun SpellingErrorV2Themed SCXW125671931 BCX0\">celebra\u00e7\u00e3o<\/span> <span class=\"NormalTextRun SpellingErrorV2Themed SCXW125671931 BCX0\">em<\/span><span class=\"NormalTextRun SCXW125671931 BCX0\"> casa. Exclusivo para <\/span><span class=\"NormalTextRun SpellingErrorV2Themed SCXW125671931 BCX0\">portadores<\/span><span class=\"NormalTextRun SCXW125671931 BCX0\"> de <\/span><span class=\"NormalTextRun SpellingErrorV2Themed SCXW125671931 BCX0\">cart\u00e3o<\/span><span class=\"NormalTextRun SCXW125671931 BCX0\"> Mastercard.<\/span><\/span><span class=\"EOP SCXW125671931 BCX0\" data-ccp-props=\"{&quot;134233117&quot;:false,&quot;134233118&quot;:false,&quot;335551550&quot;:0,&quot;335551620&quot;:0,&quot;335559738&quot;:240,&quot;335559739&quot;:240}\">\u00a0<\/span><\/p>\n","protected":false},"excerpt":{"rendered":"<p>Desfrute de uma degusta\u00e7\u00e3o guiada de cacha\u00e7as, realizada no hist\u00f3rico Edif\u00edcio Copan, no centro de S\u00e3o Paulo. Voc\u00ea ir\u00e1 provar cinco cacha\u00e7as premium, envelhecidas com perfei\u00e7\u00e3o em barris \u00fanicos e harmonizadas com queijos artesanais brasileiros. Em seguida, coloque em pr\u00e1tica seu novo conhecimento ao preparar o coquetel mais ic\u00f4nico do pa\u00eds: a caipirinha. Para finalizar, [&hellip;]<\/p>\n","protected":false},"featured_media":7495,"template":"","meta":{"_acf_changed":false,"inline_featured_image":false},"product_brand":[],"product_cat":[48],"product_tag":[],"class_list":{"0":"post-7481","1":"product","2":"type-product","3":"status-publish","4":"has-post-thumbnail","6":"product_cat-experienciasx","8":"first","9":"instock","10":"virtual","11":"sold-individually","12":"purchasable","13":"product-type-booking"},"acf":[],"_links":{"self":[{"href":"https:\/\/experienciaslatam.com\/pt-br\/wp-json\/wp\/v2\/product\/7481","targetHints":{"allow":["GET"]}}],"collection":[{"href":"https:\/\/experienciaslatam.com\/pt-br\/wp-json\/wp\/v2\/product"}],"about":[{"href":"https:\/\/experienciaslatam.com\/pt-br\/wp-json\/wp\/v2\/types\/product"}],"wp:featuredmedia":[{"embeddable":true,"href":"https:\/\/experienciaslatam.com\/pt-br\/wp-json\/wp\/v2\/media\/7495"}],"wp:attachment":[{"href":"https:\/\/experienciaslatam.com\/pt-br\/wp-json\/wp\/v2\/media?parent=7481"}],"wp:term":[{"taxonomy":"product_brand","embeddable":true,"href":"https:\/\/experienciaslatam.com\/pt-br\/wp-json\/wp\/v2\/product_brand?post=7481"},{"taxonomy":"product_cat","embeddable":true,"href":"https:\/\/experienciaslatam.com\/pt-br\/wp-json\/wp\/v2\/product_cat?post=7481"},{"taxonomy":"product_tag","embeddable":true,"href":"https:\/\/experienciaslatam.com\/pt-br\/wp-json\/wp\/v2\/product_tag?post=7481"}],"curies":[{"name":"wp","href":"https:\/\/api.w.org\/{rel}","templated":true}]}}