{"id":7677,"date":"2025-07-29T16:47:09","date_gmt":"2025-07-29T21:47:09","guid":{"rendered":"https:\/\/experienciaslatam.com\/?post_type=product&#038;p=7677"},"modified":"2025-07-30T16:25:17","modified_gmt":"2025-07-30T21:25:17","slug":"viva-os-bastidores-da-partida-estudiantes-de-la-plata-vs-cerro-porteno-na-conmebol-libertadores","status":"publish","type":"product","link":"https:\/\/experienciaslatam.com\/pt-br\/experienciasx\/viva-os-bastidores-da-partida-estudiantes-de-la-plata-vs-cerro-porteno-na-conmebol-libertadores\/","title":{"rendered":"Viva os bastidores da partida Estudiantes de La Plata vs Cerro Porte\u00f1o na CONMEBOL Libertadores"},"content":{"rendered":"<p>Com a compra deste pacote VIP exclusivo para a partida da CONMEBOL Libertadores no dia 20 de agosto, durante as oitavas de final entre Estudiantes de La Plata e Cerro Porte\u00f1o, em La Plata, voc\u00ea ser\u00e1 transportado em um servi\u00e7o de carro de luxo at\u00e9 o Est\u00e1dio Jorge Luis Hirschi, onde seu anfitri\u00e3o o receber\u00e1 com um presente de produtos oficiais da CONMEBOL Libertadores, incluindo camisas oficiais do clube local argentino e um cart\u00e3o pr\u00e9-pago Mastercard de USD $200. Al\u00e9m disso, cortesia da Mastercard, voc\u00ea poder\u00e1 relaxar na \u00e1rea de hospitalidade do Clube Libertadores antes da partida. Em seguida, des\u00e7a ao gramado para assistir ao aquecimento \u00e0 beira do campo antes de subir aos seus assentos de Categoria 1 para assistir ao jogo. Exclusivo para portadores de cart\u00e3o Mastercard.<\/p>\n<p><b><span data-contrast=\"auto\">O que \u00e9 Priceless<\/span><\/b><span data-contrast=\"auto\">:<\/span><span data-ccp-props=\"{&quot;134233117&quot;:false,&quot;134233118&quot;:false,&quot;335551550&quot;:6,&quot;335551620&quot;:6,&quot;335559738&quot;:240,&quot;335559739&quot;:240}\">\u00a0<\/span><\/p>\n<p>Estar t\u00e3o perto que voc\u00ea se sente parte do time.<\/p>\n","protected":false},"excerpt":{"rendered":"<p>Com a compra deste pacote VIP exclusivo para a partida da CONMEBOL Libertadores no dia 20 de agosto, durante as oitavas de final entre Estudiantes de La Plata e Cerro Porte\u00f1o, em La Plata, voc\u00ea ser\u00e1 transportado em um servi\u00e7o de carro de luxo at\u00e9 o Est\u00e1dio Jorge Luis Hirschi, onde seu anfitri\u00e3o o receber\u00e1 [&hellip;]<\/p>\n","protected":false},"featured_media":3047,"template":"","meta":{"_acf_changed":false,"inline_featured_image":false},"product_brand":[],"product_cat":[48,54],"product_tag":[],"class_list":{"0":"post-7677","1":"product","2":"type-product","3":"status-publish","4":"has-post-thumbnail","6":"product_cat-experienciasx","7":"product_cat-libertadoresx","9":"first","10":"instock","11":"sold-individually","12":"shipping-taxable","13":"purchasable","14":"product-type-variable","15":"has-default-attributes"},"acf":[],"_links":{"self":[{"href":"https:\/\/experienciaslatam.com\/pt-br\/wp-json\/wp\/v2\/product\/7677","targetHints":{"allow":["GET"]}}],"collection":[{"href":"https:\/\/experienciaslatam.com\/pt-br\/wp-json\/wp\/v2\/product"}],"about":[{"href":"https:\/\/experienciaslatam.com\/pt-br\/wp-json\/wp\/v2\/types\/product"}],"wp:featuredmedia":[{"embeddable":true,"href":"https:\/\/experienciaslatam.com\/pt-br\/wp-json\/wp\/v2\/media\/3047"}],"wp:attachment":[{"href":"https:\/\/experienciaslatam.com\/pt-br\/wp-json\/wp\/v2\/media?parent=7677"}],"wp:term":[{"taxonomy":"product_brand","embeddable":true,"href":"https:\/\/experienciaslatam.com\/pt-br\/wp-json\/wp\/v2\/product_brand?post=7677"},{"taxonomy":"product_cat","embeddable":true,"href":"https:\/\/experienciaslatam.com\/pt-br\/wp-json\/wp\/v2\/product_cat?post=7677"},{"taxonomy":"product_tag","embeddable":true,"href":"https:\/\/experienciaslatam.com\/pt-br\/wp-json\/wp\/v2\/product_tag?post=7677"}],"curies":[{"name":"wp","href":"https:\/\/api.w.org\/{rel}","templated":true}]}}