{"id":7872,"date":"2025-07-31T16:35:02","date_gmt":"2025-07-31T21:35:02","guid":{"rendered":"https:\/\/experienciaslatam.com\/?post_type=product&#038;p=7872"},"modified":"2025-09-19T16:47:04","modified_gmt":"2025-09-19T21:47:04","slug":"prepare-cafe-como-um-profissional-em-um-workshop-no-laboratorio-da-catacion-publica","status":"publish","type":"product","link":"https:\/\/experienciaslatam.com\/pt-br\/experienciasx\/prepare-cafe-como-um-profissional-em-um-workshop-no-laboratorio-da-catacion-publica\/","title":{"rendered":"Viva uma experi\u00eancia sensorial com caf\u00e9 em um workshop colombiano na Cataci\u00f3n P\u00fablica"},"content":{"rendered":"<p><span class=\"TextRun SCXW61522152 BCX0\" lang=\"PT-BR\" xml:lang=\"PT-BR\" data-contrast=\"auto\"><span class=\"NormalTextRun SCXW61522152 BCX0\">Torne-se um <\/span><span class=\"NormalTextRun SCXW61522152 BCX0\">conhecedor<\/span><span class=\"NormalTextRun SCXW61522152 BCX0\"> de caf\u00e9 <\/span><span class=\"NormalTextRun SCXW61522152 BCX0\">em<\/span><span class=\"NormalTextRun SCXW61522152 BCX0\"> um workshop <\/span><span class=\"NormalTextRun SCXW61522152 BCX0\">pr\u00e1tico<\/span> <span class=\"NormalTextRun SCXW61522152 BCX0\">na<\/span> <span class=\"NormalTextRun SpellingErrorV2Themed SCXW61522152 BCX0\">Cataci\u00f3n<\/span><span class=\"NormalTextRun SCXW61522152 BCX0\"> P\u00fablica. <\/span><span class=\"NormalTextRun SCXW61522152 BCX0\">Voc\u00ea<\/span> <span class=\"NormalTextRun SCXW61522152 BCX0\">embarcar\u00e1<\/span> <span class=\"NormalTextRun SCXW61522152 BCX0\">em<\/span> <span class=\"NormalTextRun SCXW61522152 BCX0\">uma<\/span> <span class=\"NormalTextRun SCXW61522152 BCX0\">sess\u00e3o<\/span> <span class=\"NormalTextRun SCXW61522152 BCX0\">multissensorial<\/span> <span class=\"NormalTextRun SCXW61522152 BCX0\">guiada<\/span> <span class=\"NormalTextRun SCXW61522152 BCX0\">por<\/span> <span class=\"NormalTextRun SCXW61522152 BCX0\">especialistas<\/span> <span class=\"NormalTextRun SCXW61522152 BCX0\">experientes<\/span> <span class=\"NormalTextRun SCXW61522152 BCX0\">em<\/span><span class=\"NormalTextRun SCXW61522152 BCX0\"> um <\/span><span class=\"NormalTextRun SCXW61522152 BCX0\">laborat\u00f3rio<\/span> <span class=\"NormalTextRun SCXW61522152 BCX0\">certificado<\/span> <span class=\"NormalTextRun SCXW61522152 BCX0\">pelo<\/span> <span class=\"NormalTextRun SpellingErrorV2Themed SCXW61522152 BCX0\">Coffee<\/span> <span class=\"NormalTextRun SpellingErrorV2Themed SCXW61522152 BCX0\">Quality<\/span> <span class=\"NormalTextRun SpellingErrorV2Themed SCXW61522152 BCX0\">Institute<\/span><span class=\"NormalTextRun SCXW61522152 BCX0\"> (CQI). <\/span><span class=\"NormalTextRun SCXW61522152 BCX0\">Identifique<\/span> <span class=\"NormalTextRun SCXW61522152 BCX0\">sabores<\/span> <span class=\"NormalTextRun SCXW61522152 BCX0\">\u00fanicos<\/span><span class=\"NormalTextRun SCXW61522152 BCX0\"> com a ferramenta <\/span><\/span><span class=\"TextRun SCXW61522152 BCX0\" lang=\"PT-BR\" xml:lang=\"PT-BR\" data-contrast=\"auto\"><span class=\"NormalTextRun SCXW61522152 BCX0\">Le <\/span><span class=\"NormalTextRun SpellingErrorV2Themed SCXW61522152 BCX0\">Nez<\/span> <span class=\"NormalTextRun SpellingErrorV2Themed SCXW61522152 BCX0\">du<\/span><span class=\"NormalTextRun SCXW61522152 BCX0\"> Caf\u00e9<\/span><\/span><span class=\"TextRun SCXW61522152 BCX0\" lang=\"PT-BR\" xml:lang=\"PT-BR\" data-contrast=\"auto\"><span class=\"NormalTextRun SCXW61522152 BCX0\"> e <\/span><span class=\"NormalTextRun SCXW61522152 BCX0\">aprenda<\/span><span class=\"NormalTextRun SCXW61522152 BCX0\"> a <\/span><span class=\"NormalTextRun SCXW61522152 BCX0\">preparar<\/span><span class=\"NormalTextRun SCXW61522152 BCX0\"> caf\u00e9 com <\/span><span class=\"NormalTextRun SCXW61522152 BCX0\">prensa<\/span> <span class=\"NormalTextRun SCXW61522152 BCX0\">francesa<\/span> <span class=\"NormalTextRun SCXW61522152 BCX0\">como<\/span><span class=\"NormalTextRun SCXW61522152 BCX0\"> um <\/span><span class=\"NormalTextRun SCXW61522152 BCX0\">profissional<\/span> <span class=\"NormalTextRun SCXW61522152 BCX0\">durante<\/span> <span class=\"NormalTextRun SCXW61522152 BCX0\">uma<\/span> <span class=\"NormalTextRun SCXW61522152 BCX0\">degusta\u00e7\u00e3o<\/span> <span class=\"NormalTextRun SCXW61522152 BCX0\">guiada<\/span><span class=\"NormalTextRun SCXW61522152 BCX0\">.<\/span> <\/span><span class=\"TextRun MacChromeBold SCXW61522152 BCX0\" lang=\"PT-BR\" xml:lang=\"PT-BR\" data-contrast=\"auto\"><span class=\"NormalTextRun SCXW61522152 BCX0\">Exclusivo<\/span><span class=\"NormalTextRun SCXW61522152 BCX0\"> para <\/span><span class=\"NormalTextRun SCXW61522152 BCX0\">portadores<\/span><span class=\"NormalTextRun SCXW61522152 BCX0\"> de <\/span><span class=\"NormalTextRun SCXW61522152 BCX0\">cart\u00e3o<\/span><span class=\"NormalTextRun SCXW61522152 BCX0\"> Mastercard<\/span><\/span><span class=\"EOP SCXW61522152 BCX0\" data-ccp-props=\"{&quot;134233117&quot;:false,&quot;134233118&quot;:false,&quot;335559738&quot;:240,&quot;335559739&quot;:240}\">\u00a0<\/span><\/p>\n","protected":false},"excerpt":{"rendered":"<p>Torne-se um conhecedor de caf\u00e9 em um workshop pr\u00e1tico na Cataci\u00f3n P\u00fablica. Voc\u00ea embarcar\u00e1 em uma sess\u00e3o multissensorial guiada por especialistas experientes em um laborat\u00f3rio certificado pelo Coffee Quality Institute (CQI). Identifique sabores \u00fanicos com a ferramenta Le Nez du Caf\u00e9 e aprenda a preparar caf\u00e9 com prensa francesa como um profissional durante uma degusta\u00e7\u00e3o [&hellip;]<\/p>\n","protected":false},"featured_media":7874,"template":"","meta":{"_acf_changed":false,"inline_featured_image":false},"product_brand":[],"product_cat":[48],"product_tag":[],"class_list":{"0":"post-7872","1":"product","2":"type-product","3":"status-publish","4":"has-post-thumbnail","6":"product_cat-experienciasx","8":"first","9":"instock","10":"virtual","11":"sold-individually","12":"purchasable","13":"product-type-booking"},"acf":[],"_links":{"self":[{"href":"https:\/\/experienciaslatam.com\/pt-br\/wp-json\/wp\/v2\/product\/7872","targetHints":{"allow":["GET"]}}],"collection":[{"href":"https:\/\/experienciaslatam.com\/pt-br\/wp-json\/wp\/v2\/product"}],"about":[{"href":"https:\/\/experienciaslatam.com\/pt-br\/wp-json\/wp\/v2\/types\/product"}],"wp:featuredmedia":[{"embeddable":true,"href":"https:\/\/experienciaslatam.com\/pt-br\/wp-json\/wp\/v2\/media\/7874"}],"wp:attachment":[{"href":"https:\/\/experienciaslatam.com\/pt-br\/wp-json\/wp\/v2\/media?parent=7872"}],"wp:term":[{"taxonomy":"product_brand","embeddable":true,"href":"https:\/\/experienciaslatam.com\/pt-br\/wp-json\/wp\/v2\/product_brand?post=7872"},{"taxonomy":"product_cat","embeddable":true,"href":"https:\/\/experienciaslatam.com\/pt-br\/wp-json\/wp\/v2\/product_cat?post=7872"},{"taxonomy":"product_tag","embeddable":true,"href":"https:\/\/experienciaslatam.com\/pt-br\/wp-json\/wp\/v2\/product_tag?post=7872"}],"curies":[{"name":"wp","href":"https:\/\/api.w.org\/{rel}","templated":true}]}}