{"id":7961,"date":"2025-08-01T15:01:30","date_gmt":"2025-08-01T20:01:30","guid":{"rendered":"https:\/\/experienciaslatam.com\/?post_type=product&#038;p=7961"},"modified":"2025-08-01T17:12:13","modified_gmt":"2025-08-01T22:12:13","slug":"capture-a-hora-dourada-no-deserto-do-atacama-com-uma-sessao-fotografica-privada","status":"publish","type":"product","link":"https:\/\/experienciaslatam.com\/pt-br\/experienciasx\/capture-a-hora-dourada-no-deserto-do-atacama-com-uma-sessao-fotografica-privada\/","title":{"rendered":"Capture a hora dourada no Deserto do Atacama com uma sess\u00e3o fotogr\u00e1fica privada"},"content":{"rendered":"<p><span class=\"TextRun SCXW137875740 BCX8\" lang=\"ES-ES\" xml:lang=\"ES-ES\" data-contrast=\"auto\"><span class=\"NormalTextRun SCXW137875740 BCX8\">Imortalize<\/span> <span class=\"NormalTextRun SCXW137875740 BCX8\">sua<\/span> <span class=\"NormalTextRun SCXW137875740 BCX8\">hist\u00f3ria<\/span> <span class=\"NormalTextRun SCXW137875740 BCX8\">com<\/span> <span class=\"NormalTextRun SCXW137875740 BCX8\">uma<\/span> <span class=\"NormalTextRun SCXW137875740 BCX8\">sess\u00e3o<\/span><span class=\"NormalTextRun SCXW137875740 BCX8\"> fotogr\u00e1fica <\/span><span class=\"NormalTextRun SCXW137875740 BCX8\">profissional<\/span> <span class=\"NormalTextRun SCXW137875740 BCX8\">na<\/span> <span class=\"NormalTextRun SCXW137875740 BCX8\">ic\u00f4nica<\/span> <span class=\"NormalTextRun SCXW137875740 BCX8\">Cordilheira<\/span><span class=\"NormalTextRun SCXW137875740 BCX8\"> de Sal do Deserto do Atacama. <\/span><span class=\"NormalTextRun SCXW137875740 BCX8\">Um<\/span> <span class=\"NormalTextRun SCXW137875740 BCX8\">guia<\/span><span class=\"NormalTextRun SCXW137875740 BCX8\"> local <\/span><span class=\"NormalTextRun SCXW137875740 BCX8\">e<\/span><span class=\"NormalTextRun SCXW137875740 BCX8\"> fot\u00f3grafo <\/span><span class=\"NormalTextRun SCXW137875740 BCX8\">experiente<\/span><span class=\"NormalTextRun SCXW137875740 BCX8\"> o <\/span><span class=\"NormalTextRun SCXW137875740 BCX8\">conduzir\u00e1<\/span><span class=\"NormalTextRun SCXW137875740 BCX8\"> pelo terreno lunar <\/span><span class=\"NormalTextRun SCXW137875740 BCX8\">e<\/span><span class=\"NormalTextRun SCXW137875740 BCX8\"> picos dram\u00e1ticos da <\/span><span class=\"NormalTextRun SCXW137875740 BCX8\">regi\u00e3o<\/span><span class=\"NormalTextRun SCXW137875740 BCX8\"> para <\/span><span class=\"NormalTextRun SCXW137875740 BCX8\">uma<\/span> <span class=\"NormalTextRun SCXW137875740 BCX8\">sess\u00e3o<\/span><span class=\"NormalTextRun SCXW137875740 BCX8\"> privada <\/span><span class=\"NormalTextRun SCXW137875740 BCX8\">ao<\/span> <span class=\"NormalTextRun SCXW137875740 BCX8\">amanhecer<\/span> <span class=\"NormalTextRun SCXW137875740 BCX8\">ou<\/span> <span class=\"NormalTextRun SCXW137875740 BCX8\">ao<\/span> <span class=\"NormalTextRun SCXW137875740 BCX8\">entardecer<\/span><span class=\"NormalTextRun SCXW137875740 BCX8\">, <\/span><span class=\"NormalTextRun SCXW137875740 BCX8\">quando<\/span><span class=\"NormalTextRun SCXW137875740 BCX8\"> o deserto \u00e9 <\/span><span class=\"NormalTextRun SCXW137875740 BCX8\">banhado<\/span><span class=\"NormalTextRun SCXW137875740 BCX8\"> por <\/span><span class=\"NormalTextRun SCXW137875740 BCX8\">uma<\/span><span class=\"NormalTextRun SCXW137875740 BCX8\"> luz <\/span><span class=\"NormalTextRun SCXW137875740 BCX8\">dourada<\/span><span class=\"NormalTextRun SCXW137875740 BCX8\"> cinematogr\u00e1fica. <\/span><span class=\"NormalTextRun SCXW137875740 BCX8\">Al\u00e9m<\/span> <span class=\"NormalTextRun SCXW137875740 BCX8\">disso<\/span><span class=\"NormalTextRun SCXW137875740 BCX8\">, <\/span><span class=\"NormalTextRun SCXW137875740 BCX8\">voc\u00ea<\/span><span class=\"NormalTextRun SCXW137875740 BCX8\"> desfrutar\u00e1 de snacks durante a <\/span><span class=\"NormalTextRun SCXW137875740 BCX8\">sess\u00e3o<\/span><span class=\"NormalTextRun SCXW137875740 BCX8\">. Reviva as <\/span><span class=\"NormalTextRun SCXW137875740 BCX8\">mem\u00f3rias<\/span> <span class=\"NormalTextRun SCXW137875740 BCX8\">com<\/span><span class=\"NormalTextRun SCXW137875740 BCX8\"> 15 <\/span><span class=\"NormalTextRun SCXW137875740 BCX8\">imagens<\/span><span class=\"NormalTextRun SCXW137875740 BCX8\"> editadas <\/span><span class=\"NormalTextRun SCXW137875740 BCX8\">profissionalmente<\/span><span class=\"NormalTextRun SCXW137875740 BCX8\"> entregues por e-mail em at\u00e9 <\/span><span class=\"NormalTextRun SCXW137875740 BCX8\">dois<\/span> <span class=\"NormalTextRun SCXW137875740 BCX8\">dias<\/span><span class=\"NormalTextRun SCXW137875740 BCX8\">. Exclusivo para portadores de <\/span><span class=\"NormalTextRun SCXW137875740 BCX8\">cart\u00f5es<\/span> <span class=\"NormalTextRun SCXW137875740 BCX8\">Mastercard<\/span><span class=\"NormalTextRun SCXW137875740 BCX8\">.<\/span><\/span><span class=\"EOP SCXW137875740 BCX8\" data-ccp-props=\"{&quot;134233117&quot;:false,&quot;134233118&quot;:false,&quot;335551550&quot;:0,&quot;335551620&quot;:0,&quot;335559738&quot;:240,&quot;335559739&quot;:240}\">\u00a0<\/span><\/p>\n","protected":false},"excerpt":{"rendered":"<p>Imortalize sua hist\u00f3ria com uma sess\u00e3o fotogr\u00e1fica profissional na ic\u00f4nica Cordilheira de Sal do Deserto do Atacama. Um guia local e fot\u00f3grafo experiente o conduzir\u00e1 pelo terreno lunar e picos dram\u00e1ticos da regi\u00e3o para uma sess\u00e3o privada ao amanhecer ou ao entardecer, quando o deserto \u00e9 banhado por uma luz dourada cinematogr\u00e1fica. Al\u00e9m disso, voc\u00ea [&hellip;]<\/p>\n","protected":false},"featured_media":7964,"template":"","meta":{"_acf_changed":false,"inline_featured_image":false},"product_brand":[],"product_cat":[48],"product_tag":[],"class_list":{"0":"post-7961","1":"product","2":"type-product","3":"status-publish","4":"has-post-thumbnail","6":"product_cat-experienciasx","8":"first","9":"instock","10":"virtual","11":"sold-individually","12":"purchasable","13":"product-type-booking"},"acf":[],"_links":{"self":[{"href":"https:\/\/experienciaslatam.com\/pt-br\/wp-json\/wp\/v2\/product\/7961","targetHints":{"allow":["GET"]}}],"collection":[{"href":"https:\/\/experienciaslatam.com\/pt-br\/wp-json\/wp\/v2\/product"}],"about":[{"href":"https:\/\/experienciaslatam.com\/pt-br\/wp-json\/wp\/v2\/types\/product"}],"wp:featuredmedia":[{"embeddable":true,"href":"https:\/\/experienciaslatam.com\/pt-br\/wp-json\/wp\/v2\/media\/7964"}],"wp:attachment":[{"href":"https:\/\/experienciaslatam.com\/pt-br\/wp-json\/wp\/v2\/media?parent=7961"}],"wp:term":[{"taxonomy":"product_brand","embeddable":true,"href":"https:\/\/experienciaslatam.com\/pt-br\/wp-json\/wp\/v2\/product_brand?post=7961"},{"taxonomy":"product_cat","embeddable":true,"href":"https:\/\/experienciaslatam.com\/pt-br\/wp-json\/wp\/v2\/product_cat?post=7961"},{"taxonomy":"product_tag","embeddable":true,"href":"https:\/\/experienciaslatam.com\/pt-br\/wp-json\/wp\/v2\/product_tag?post=7961"}],"curies":[{"name":"wp","href":"https:\/\/api.w.org\/{rel}","templated":true}]}}