{"id":8055,"date":"2025-08-05T14:49:55","date_gmt":"2025-08-05T19:49:55","guid":{"rendered":"https:\/\/experienciaslatam.com\/?post_type=product&#038;p=8055"},"modified":"2026-03-26T16:48:27","modified_gmt":"2026-03-26T21:48:27","slug":"explore-a-heranca-do-pisco-chileno-com-uma-degustacao-guiada-em-vina-del-mar","status":"publish","type":"product","link":"https:\/\/experienciaslatam.com\/pt-br\/experienciasx\/explore-a-heranca-do-pisco-chileno-com-uma-degustacao-guiada-em-vina-del-mar\/","title":{"rendered":"Explore a heran\u00e7a do pisco chileno com uma degusta\u00e7\u00e3o guiada em Vi\u00f1a del Mar"},"content":{"rendered":"<p><span class=\"TextRun SCXW224798913 BCX8\" lang=\"EN-US\" xml:lang=\"EN-US\" data-contrast=\"auto\"><span class=\"NormalTextRun SCXW224798913 BCX8\">Celebre o pisco chileno <\/span><span class=\"NormalTextRun SpellingErrorV2Themed SCXW224798913 BCX8\">durante<\/span> <span class=\"NormalTextRun SpellingErrorV2Themed SCXW224798913 BCX8\">uma<\/span> <span class=\"NormalTextRun SpellingErrorV2Themed SCXW224798913 BCX8\">degusta\u00e7\u00e3o<\/span> <span class=\"NormalTextRun SpellingErrorV2Themed SCXW224798913 BCX8\">guiada<\/span> <span class=\"NormalTextRun SpellingErrorV2Themed SCXW224798913 BCX8\">por<\/span> <span class=\"NormalTextRun SpellingErrorV2Themed SCXW224798913 BCX8\">especialistas<\/span><span class=\"NormalTextRun SCXW224798913 BCX8\"> no <\/span><span class=\"NormalTextRun SpellingErrorV2Themed SCXW224798913 BCX8\">C\u00f3nclave<\/span><span class=\"NormalTextRun SCXW224798913 BCX8\"> 1929, <\/span><span class=\"NormalTextRun SpellingErrorV2Themed SCXW224798913 BCX8\">em<\/span><span class=\"NormalTextRun SCXW224798913 BCX8\"> Vi\u00f1a del Mar. <\/span><span class=\"NormalTextRun SpellingErrorV2Themed SCXW224798913 BCX8\">Voc\u00ea<\/span> <span class=\"NormalTextRun SpellingErrorV2Themed SCXW224798913 BCX8\">acompanhar\u00e1<\/span><span class=\"NormalTextRun SCXW224798913 BCX8\"> o <\/span><span class=\"NormalTextRun SpellingErrorV2Themed SCXW224798913 BCX8\">renomado<\/span> <span class=\"NormalTextRun SpellingErrorV2Themed SCXW224798913 BCX8\">embaixador<\/span><span class=\"NormalTextRun SCXW224798913 BCX8\"> do pisco, Renato Olmedo, <\/span><span class=\"NormalTextRun SpellingErrorV2Themed SCXW224798913 BCX8\">enquanto<\/span> <span class=\"NormalTextRun SpellingErrorV2Themed SCXW224798913 BCX8\">ele<\/span> <span class=\"NormalTextRun SpellingErrorV2Themed SCXW224798913 BCX8\">apresenta<\/span> <span class=\"NormalTextRun SpellingErrorV2Themed SCXW224798913 BCX8\">nove<\/span> <span class=\"NormalTextRun SpellingErrorV2Themed SCXW224798913 BCX8\">r\u00f3tulos<\/span> <span class=\"NormalTextRun SpellingErrorV2Themed SCXW224798913 BCX8\">distintos<\/span> <span class=\"NormalTextRun SpellingErrorV2Themed SCXW224798913 BCX8\">acompanhados<\/span><span class=\"NormalTextRun SCXW224798913 BCX8\"> de <\/span><span class=\"NormalTextRun SpellingErrorV2Themed SCXW224798913 BCX8\">petiscos<\/span> <span class=\"NormalTextRun SpellingErrorV2Themed SCXW224798913 BCX8\">especialmente<\/span> <span class=\"NormalTextRun SpellingErrorV2Themed SCXW224798913 BCX8\">elaborados<\/span><span class=\"NormalTextRun SCXW224798913 BCX8\"> para <\/span><span class=\"NormalTextRun SpellingErrorV2Themed SCXW224798913 BCX8\">real\u00e7ar<\/span> <span class=\"NormalTextRun SpellingErrorV2Themed SCXW224798913 BCX8\">cada<\/span> <span class=\"NormalTextRun SpellingErrorV2Themed SCXW224798913 BCX8\">gole<\/span><span class=\"NormalTextRun SCXW224798913 BCX8\">. <\/span><span class=\"NormalTextRun SpellingErrorV2Themed SCXW224798913 BCX8\">Aprenda<\/span> <span class=\"NormalTextRun SpellingErrorV2Themed SCXW224798913 BCX8\">sobre<\/span><span class=\"NormalTextRun SCXW224798913 BCX8\"> as <\/span><span class=\"NormalTextRun SpellingErrorV2Themed SCXW224798913 BCX8\">variedades<\/span><span class=\"NormalTextRun SCXW224798913 BCX8\"> de uva, <\/span><span class=\"NormalTextRun SpellingErrorV2Themed SCXW224798913 BCX8\">t\u00e9cnicas<\/span><span class=\"NormalTextRun SCXW224798913 BCX8\"> de <\/span><span class=\"NormalTextRun SpellingErrorV2Themed SCXW224798913 BCX8\">destila\u00e7\u00e3o<\/span><span class=\"NormalTextRun SCXW224798913 BCX8\"> e as <\/span><span class=\"NormalTextRun SpellingErrorV2Themed SCXW224798913 BCX8\">hist\u00f3rias<\/span> <span class=\"NormalTextRun SpellingErrorV2Themed SCXW224798913 BCX8\">por<\/span> <span class=\"NormalTextRun SpellingErrorV2Themed SCXW224798913 BCX8\">tr\u00e1s<\/span> <span class=\"NormalTextRun SpellingErrorV2Themed SCXW224798913 BCX8\">desse<\/span> <span class=\"NormalTextRun SpellingErrorV2Themed SCXW224798913 BCX8\">destilado<\/span> <span class=\"NormalTextRun SpellingErrorV2Themed SCXW224798913 BCX8\">emblem\u00e1tico<\/span><span class=\"NormalTextRun SCXW224798913 BCX8\">. <\/span><span class=\"NormalTextRun SpellingErrorV2Themed SCXW224798913 BCX8\">Al\u00e9m<\/span> <span class=\"NormalTextRun SpellingErrorV2Themed SCXW224798913 BCX8\">disso<\/span><span class=\"NormalTextRun SCXW224798913 BCX8\">, <\/span><span class=\"NormalTextRun SpellingErrorV2Themed SCXW224798913 BCX8\">leve<\/span><span class=\"NormalTextRun SCXW224798913 BCX8\"> para casa <\/span><span class=\"NormalTextRun SpellingErrorV2Themed SCXW224798913 BCX8\">uma<\/span> <span class=\"NormalTextRun SpellingErrorV2Themed SCXW224798913 BCX8\">lembran\u00e7a<\/span> <span class=\"NormalTextRun SpellingErrorV2Themed SCXW224798913 BCX8\">surpresa<\/span><span class=\"NormalTextRun SCXW224798913 BCX8\"> e <\/span><span class=\"NormalTextRun SpellingErrorV2Themed SCXW224798913 BCX8\">uma<\/span> <span class=\"NormalTextRun SpellingErrorV2Themed SCXW224798913 BCX8\">garrafa<\/span><span class=\"NormalTextRun SCXW224798913 BCX8\"> de pisco <\/span><span class=\"NormalTextRun SpellingErrorV2Themed SCXW224798913 BCX8\">Wiluf<\/span><span class=\"NormalTextRun SCXW224798913 BCX8\"> de <\/span><span class=\"NormalTextRun SpellingErrorV2Themed SCXW224798913 BCX8\">edi\u00e7\u00e3o<\/span> <span class=\"NormalTextRun SpellingErrorV2Themed SCXW224798913 BCX8\">limitada<\/span><span class=\"NormalTextRun SCXW224798913 BCX8\">, <\/span><span class=\"NormalTextRun SpellingErrorV2Themed SCXW224798913 BCX8\">rotulada<\/span><span class=\"NormalTextRun SCXW224798913 BCX8\"> \u00e0 <\/span><span class=\"NormalTextRun SpellingErrorV2Themed SCXW224798913 BCX8\">m\u00e3o<\/span><span class=\"NormalTextRun SCXW224798913 BCX8\">. Exclusivo para <\/span><span class=\"NormalTextRun SpellingErrorV2Themed SCXW224798913 BCX8\">portadores<\/span><span class=\"NormalTextRun SCXW224798913 BCX8\"> de <\/span><span class=\"NormalTextRun SpellingErrorV2Themed SCXW224798913 BCX8\">cart\u00e3o<\/span><span class=\"NormalTextRun SCXW224798913 BCX8\"> Mastercard.<\/span><\/span><span class=\"EOP SCXW224798913 BCX8\" data-ccp-props=\"{}\">\u00a0<\/span><\/p>\n","protected":false},"excerpt":{"rendered":"<p>Celebre o pisco chileno durante uma degusta\u00e7\u00e3o guiada por especialistas no C\u00f3nclave 1929, em Vi\u00f1a del Mar. Voc\u00ea acompanhar\u00e1 o renomado embaixador do pisco, Renato Olmedo, enquanto ele apresenta nove r\u00f3tulos distintos acompanhados de petiscos especialmente elaborados para real\u00e7ar cada gole. Aprenda sobre as variedades de uva, t\u00e9cnicas de destila\u00e7\u00e3o e as hist\u00f3rias por tr\u00e1s [&hellip;]<\/p>\n","protected":false},"featured_media":8110,"template":"","meta":{"_acf_changed":false,"inline_featured_image":false},"product_brand":[],"product_cat":[48],"product_tag":[],"class_list":{"0":"post-8055","1":"product","2":"type-product","3":"status-publish","4":"has-post-thumbnail","6":"product_cat-experienciasx","8":"first","9":"instock","10":"virtual","11":"sold-individually","12":"purchasable","13":"product-type-booking"},"acf":[],"_links":{"self":[{"href":"https:\/\/experienciaslatam.com\/pt-br\/wp-json\/wp\/v2\/product\/8055","targetHints":{"allow":["GET"]}}],"collection":[{"href":"https:\/\/experienciaslatam.com\/pt-br\/wp-json\/wp\/v2\/product"}],"about":[{"href":"https:\/\/experienciaslatam.com\/pt-br\/wp-json\/wp\/v2\/types\/product"}],"wp:featuredmedia":[{"embeddable":true,"href":"https:\/\/experienciaslatam.com\/pt-br\/wp-json\/wp\/v2\/media\/8110"}],"wp:attachment":[{"href":"https:\/\/experienciaslatam.com\/pt-br\/wp-json\/wp\/v2\/media?parent=8055"}],"wp:term":[{"taxonomy":"product_brand","embeddable":true,"href":"https:\/\/experienciaslatam.com\/pt-br\/wp-json\/wp\/v2\/product_brand?post=8055"},{"taxonomy":"product_cat","embeddable":true,"href":"https:\/\/experienciaslatam.com\/pt-br\/wp-json\/wp\/v2\/product_cat?post=8055"},{"taxonomy":"product_tag","embeddable":true,"href":"https:\/\/experienciaslatam.com\/pt-br\/wp-json\/wp\/v2\/product_tag?post=8055"}],"curies":[{"name":"wp","href":"https:\/\/api.w.org\/{rel}","templated":true}]}}