{"id":8183,"date":"2025-08-08T14:59:19","date_gmt":"2025-08-08T19:59:19","guid":{"rendered":"https:\/\/experienciaslatam.com\/?post_type=product&#038;p=8183"},"modified":"2026-04-22T17:39:05","modified_gmt":"2026-04-22T22:39:05","slug":"mova-se-ao-ritmo-do-rio-com-uma-rainha-de-escola-de-samba-copy","status":"publish","type":"product","link":"https:\/\/experienciaslatam.com\/pt-br\/experienciasx\/mova-se-ao-ritmo-do-rio-com-uma-rainha-de-escola-de-samba-copy\/","title":{"rendered":"Observe o nascer do sol sobre o Rio do topo do Morro Dois Irm\u00e3os"},"content":{"rendered":"<p><span class=\"NormalTextRun SCXW141770696 BCX8\">Saia cedo para <\/span><span class=\"NormalTextRun SpellingErrorV2Themed SCXW141770696 BCX8\">uma<\/span> <span class=\"NormalTextRun SpellingErrorV2Themed SCXW141770696 BCX8\">caminhada<\/span><span class=\"NormalTextRun SCXW141770696 BCX8\"> antes do <\/span><span class=\"NormalTextRun SpellingErrorV2Themed SCXW141770696 BCX8\">amanhecer<\/span> <span class=\"NormalTextRun SpellingErrorV2Themed SCXW141770696 BCX8\">acima<\/span><span class=\"NormalTextRun SCXW141770696 BCX8\"> do Rio. <\/span><span class=\"NormalTextRun SpellingErrorV2Themed SCXW141770696 BCX8\">Voc\u00ea<\/span> <span class=\"NormalTextRun SpellingErrorV2Themed SCXW141770696 BCX8\">come\u00e7ar\u00e1<\/span> <span class=\"NormalTextRun SpellingErrorV2Themed SCXW141770696 BCX8\">com<\/span> <span class=\"NormalTextRun SpellingErrorV2Themed SCXW141770696 BCX8\">um<\/span><span class=\"NormalTextRun SCXW141770696 BCX8\"> emocionante <\/span><span class=\"NormalTextRun SpellingErrorV2Themed SCXW141770696 BCX8\">passeio<\/span><span class=\"NormalTextRun SCXW141770696 BCX8\"> de <\/span><span class=\"NormalTextRun SpellingErrorV2Themed SCXW141770696 BCX8\">Kombi<\/span><span class=\"NormalTextRun SCXW141770696 BCX8\"> pelos <\/span><span class=\"NormalTextRun SpellingErrorV2Themed SCXW141770696 BCX8\">becos<\/span><span class=\"NormalTextRun SCXW141770696 BCX8\"> sinuosos de <\/span><span class=\"NormalTextRun SpellingErrorV2Themed SCXW141770696 BCX8\">Vidigal<\/span><span class=\"NormalTextRun SCXW141770696 BCX8\">, <\/span><span class=\"NormalTextRun SpellingErrorV2Themed SCXW141770696 BCX8\">subindo<\/span><span class=\"NormalTextRun SCXW141770696 BCX8\"> pela favela <\/span><span class=\"NormalTextRun SpellingErrorV2Themed SCXW141770696 BCX8\">na<\/span><span class=\"NormalTextRun SCXW141770696 BCX8\"> encosta <\/span><span class=\"NormalTextRun SpellingErrorV2Themed SCXW141770696 BCX8\">com<\/span><span class=\"NormalTextRun SCXW141770696 BCX8\"> a <\/span><span class=\"NormalTextRun SpellingErrorV2Themed SCXW141770696 BCX8\">primeira<\/span><span class=\"NormalTextRun SCXW141770696 BCX8\"> luz do <\/span><span class=\"NormalTextRun SpellingErrorV2Themed SCXW141770696 BCX8\">dia<\/span><span class=\"NormalTextRun SCXW141770696 BCX8\">. No Morro <\/span><span class=\"NormalTextRun SpellingErrorV2Themed SCXW141770696 BCX8\">Dois<\/span> <span class=\"NormalTextRun SpellingErrorV2Themed SCXW141770696 BCX8\">Irm\u00e3os<\/span><span class=\"NormalTextRun SCXW141770696 BCX8\">, <\/span><span class=\"NormalTextRun SpellingErrorV2Themed SCXW141770696 BCX8\">voc\u00ea<\/span> <span class=\"NormalTextRun SpellingErrorV2Themed SCXW141770696 BCX8\">caminhar\u00e1<\/span><span class=\"NormalTextRun SCXW141770696 BCX8\"> por <\/span><span class=\"NormalTextRun SpellingErrorV2Themed SCXW141770696 BCX8\">uma<\/span> <span class=\"NormalTextRun SpellingErrorV2Themed SCXW141770696 BCX8\">vegeta\u00e7\u00e3o<\/span><span class=\"NormalTextRun SCXW141770696 BCX8\"> tropical exuberante at\u00e9 <\/span><span class=\"NormalTextRun SpellingErrorV2Themed SCXW141770696 BCX8\">um<\/span><span class=\"NormalTextRun SCXW141770696 BCX8\"> mirante <\/span><span class=\"NormalTextRun SpellingErrorV2Themed SCXW141770696 BCX8\">impressionante<\/span><span class=\"NormalTextRun SCXW141770696 BCX8\">, <\/span><span class=\"NormalTextRun SpellingErrorV2Themed SCXW141770696 BCX8\">com<\/span><span class=\"NormalTextRun SCXW141770696 BCX8\"> vistas <\/span><span class=\"NormalTextRun SpellingErrorV2Themed SCXW141770696 BCX8\">panor\u00e2micas<\/span><span class=\"NormalTextRun SCXW141770696 BCX8\"> do horizonte marcante da <\/span><span class=\"NormalTextRun SpellingErrorV2Themed SCXW141770696 BCX8\">cidade<\/span><span class=\"NormalTextRun SCXW141770696 BCX8\"> e <\/span><span class=\"NormalTextRun SpellingErrorV2Themed SCXW141770696 BCX8\">suas<\/span> <span class=\"NormalTextRun SpellingErrorV2Themed SCXW141770696 BCX8\">praias<\/span> <span class=\"NormalTextRun SpellingErrorV2Themed SCXW141770696 BCX8\">ensolaradas<\/span> <span class=\"NormalTextRun SpellingErrorV2Themed SCXW141770696 BCX8\">sem<\/span> <span class=\"NormalTextRun SpellingErrorV2Themed SCXW141770696 BCX8\">fim<\/span><span class=\"NormalTextRun SCXW141770696 BCX8\">. <\/span><span class=\"NormalTextRun SpellingErrorV2Themed SCXW141770696 BCX8\">Ao<\/span> <span class=\"NormalTextRun SpellingErrorV2Themed SCXW141770696 BCX8\">descer<\/span><span class=\"NormalTextRun SCXW141770696 BCX8\">, <\/span><span class=\"NormalTextRun SpellingErrorV2Themed SCXW141770696 BCX8\">voc\u00ea<\/span><span class=\"NormalTextRun SCXW141770696 BCX8\"> se juntar\u00e1 a <\/span><span class=\"NormalTextRun SpellingErrorV2Themed SCXW141770696 BCX8\">uma<\/span> <span class=\"NormalTextRun SpellingErrorV2Themed SCXW141770696 BCX8\">fam\u00edlia<\/span><span class=\"NormalTextRun SCXW141770696 BCX8\"> local para saborear <\/span><span class=\"NormalTextRun SpellingErrorV2Themed SCXW141770696 BCX8\">um<\/span> <span class=\"NormalTextRun SpellingErrorV2Themed SCXW141770696 BCX8\">acolhedor<\/span><span class=\"NormalTextRun SCXW141770696 BCX8\"> caf\u00e9 da <\/span><span class=\"NormalTextRun SpellingErrorV2Themed SCXW141770696 BCX8\">manh\u00e3<\/span><span class=\"NormalTextRun SCXW141770696 BCX8\"> brasileiro. Exclusivo para portadores de <\/span><span class=\"NormalTextRun SpellingErrorV2Themed SCXW141770696 BCX8\">cart\u00e3o<\/span> <span class=\"NormalTextRun SpellingErrorV2Themed SCXW141770696 BCX8\">Mastercard<\/span><span class=\"NormalTextRun SCXW141770696 BCX8\">.<\/span><\/p>\n","protected":false},"excerpt":{"rendered":"<p>Saia cedo para uma caminhada antes do amanhecer acima do Rio. Voc\u00ea come\u00e7ar\u00e1 com um emocionante passeio de Kombi pelos becos sinuosos de Vidigal, subindo pela favela na encosta com a primeira luz do dia. No Morro Dois Irm\u00e3os, voc\u00ea caminhar\u00e1 por uma vegeta\u00e7\u00e3o tropical exuberante at\u00e9 um mirante impressionante, com vistas panor\u00e2micas do horizonte [&hellip;]<\/p>\n","protected":false},"featured_media":8206,"template":"","meta":{"_acf_changed":false,"inline_featured_image":false},"product_brand":[],"product_cat":[48],"product_tag":[],"class_list":{"0":"post-8183","1":"product","2":"type-product","3":"status-publish","4":"has-post-thumbnail","6":"product_cat-experienciasx","8":"first","9":"instock","10":"virtual","11":"sold-individually","12":"purchasable","13":"product-type-booking"},"acf":[],"_links":{"self":[{"href":"https:\/\/experienciaslatam.com\/pt-br\/wp-json\/wp\/v2\/product\/8183","targetHints":{"allow":["GET"]}}],"collection":[{"href":"https:\/\/experienciaslatam.com\/pt-br\/wp-json\/wp\/v2\/product"}],"about":[{"href":"https:\/\/experienciaslatam.com\/pt-br\/wp-json\/wp\/v2\/types\/product"}],"wp:featuredmedia":[{"embeddable":true,"href":"https:\/\/experienciaslatam.com\/pt-br\/wp-json\/wp\/v2\/media\/8206"}],"wp:attachment":[{"href":"https:\/\/experienciaslatam.com\/pt-br\/wp-json\/wp\/v2\/media?parent=8183"}],"wp:term":[{"taxonomy":"product_brand","embeddable":true,"href":"https:\/\/experienciaslatam.com\/pt-br\/wp-json\/wp\/v2\/product_brand?post=8183"},{"taxonomy":"product_cat","embeddable":true,"href":"https:\/\/experienciaslatam.com\/pt-br\/wp-json\/wp\/v2\/product_cat?post=8183"},{"taxonomy":"product_tag","embeddable":true,"href":"https:\/\/experienciaslatam.com\/pt-br\/wp-json\/wp\/v2\/product_tag?post=8183"}],"curies":[{"name":"wp","href":"https:\/\/api.w.org\/{rel}","templated":true}]}}