{"id":8210,"date":"2025-08-08T15:40:32","date_gmt":"2025-08-08T20:40:32","guid":{"rendered":"https:\/\/experienciaslatam.com\/?post_type=product&#038;p=8210"},"modified":"2026-03-27T11:43:34","modified_gmt":"2026-03-27T16:43:34","slug":"presenteie-se-com-seis-pratos-exquisitos-da-culinaria-colombiana-em-bogota","status":"publish","type":"product","link":"https:\/\/experienciaslatam.com\/pt-br\/experienciasx\/presenteie-se-com-seis-pratos-exquisitos-da-culinaria-colombiana-em-bogota\/","title":{"rendered":"Presenteie-se com seis pratos exquisitos da culin\u00e1ria colombiana em Bogot\u00e1"},"content":{"rendered":"<p><span class=\"TextRun SCXW7374950 BCX0\" lang=\"ES-ES\" xml:lang=\"ES-ES\" data-contrast=\"auto\"><span class=\"NormalTextRun SCXW7374950 BCX0\">Embarque em <\/span><span class=\"NormalTextRun SpellingErrorV2Themed SCXW7374950 BCX0\">uma<\/span><span class=\"NormalTextRun SCXW7374950 BCX0\"> jornada <\/span><span class=\"NormalTextRun SpellingErrorV2Themed SCXW7374950 BCX0\">culin\u00e1ria<\/span><span class=\"NormalTextRun SCXW7374950 BCX0\"> pela <\/span><span class=\"NormalTextRun SpellingErrorV2Themed SCXW7374950 BCX0\">Col\u00f4mbia<\/span><span class=\"NormalTextRun SCXW7374950 BCX0\"> no aclamado restaurante Leo, em Bogot\u00e1, curado pela chef e <\/span><span class=\"NormalTextRun SpellingErrorV2Themed SCXW7374950 BCX0\">propriet\u00e1ria<\/span><span class=\"NormalTextRun SCXW7374950 BCX0\"> Leonor Espinosa. <\/span><span class=\"NormalTextRun SpellingErrorV2Themed SCXW7374950 BCX0\">Voc\u00ea<\/span><span class=\"NormalTextRun SCXW7374950 BCX0\"> saborear\u00e1 seis <\/span><span class=\"NormalTextRun SpellingErrorV2Themed SCXW7374950 BCX0\">pratos<\/span><span class=\"NormalTextRun SCXW7374950 BCX0\"> exclusivos criados por <\/span><span class=\"NormalTextRun SpellingErrorV2Themed SCXW7374950 BCX0\">uma<\/span> <span class=\"NormalTextRun SpellingErrorV2Themed SCXW7374950 BCX0\">mulher<\/span> <span class=\"NormalTextRun SpellingErrorV2Themed SCXW7374950 BCX0\">cujos<\/span><span class=\"NormalTextRun SCXW7374950 BCX0\"> in\u00fameros <\/span><span class=\"NormalTextRun SpellingErrorV2Themed SCXW7374950 BCX0\">reconhecimentos<\/span> <span class=\"NormalTextRun SpellingErrorV2Themed SCXW7374950 BCX0\">incluem<\/span><span class=\"NormalTextRun SCXW7374950 BCX0\"> o t\u00edtulo de <\/span><span class=\"NormalTextRun SpellingErrorV2Themed SCXW7374950 BCX0\">melhor<\/span><span class=\"NormalTextRun SCXW7374950 BCX0\"> chef <\/span><span class=\"NormalTextRun SpellingErrorV2Themed SCXW7374950 BCX0\">mulher<\/span><span class=\"NormalTextRun SCXW7374950 BCX0\"> do mundo pela marca 50 <\/span><span class=\"NormalTextRun SpellingErrorV2Themed SCXW7374950 BCX0\">Best<\/span><span class=\"NormalTextRun SCXW7374950 BCX0\">. O <\/span><span class=\"NormalTextRun SpellingErrorV2Themed SCXW7374950 BCX0\">menu<\/span><span class=\"NormalTextRun SCXW7374950 BCX0\"> da <\/span><span class=\"NormalTextRun SpellingErrorV2Themed SCXW7374950 BCX0\">noite<\/span><span class=\"NormalTextRun SCXW7374950 BCX0\"> ser\u00e1 harmonizado <\/span><span class=\"NormalTextRun SpellingErrorV2Themed SCXW7374950 BCX0\">com<\/span> <span class=\"NormalTextRun SpellingErrorV2Themed SCXW7374950 BCX0\">coquet\u00e9is<\/span> <span class=\"NormalTextRun SpellingErrorV2Themed SCXW7374950 BCX0\">excepcionais<\/span><span class=\"NormalTextRun SCXW7374950 BCX0\"> preparados por Laura Hern\u00e1ndez, do La Sala de Laura, <\/span><span class=\"NormalTextRun SpellingErrorV2Themed SCXW7374950 BCX0\">atualmente<\/span><span class=\"NormalTextRun SCXW7374950 BCX0\"> entre os 50 <\/span><span class=\"NormalTextRun SpellingErrorV2Themed SCXW7374950 BCX0\">Melhores<\/span><span class=\"NormalTextRun SCXW7374950 BCX0\"> Bares do Mundo segundo a 50 <\/span><span class=\"NormalTextRun SpellingErrorV2Themed SCXW7374950 BCX0\">Best<\/span><span class=\"NormalTextRun SCXW7374950 BCX0\">. Para finalizar, <\/span><span class=\"NormalTextRun SpellingErrorV2Themed SCXW7374950 BCX0\">voc\u00ea<\/span><span class=\"NormalTextRun SCXW7374950 BCX0\"> desfrutar\u00e1 de <\/span><span class=\"NormalTextRun SpellingErrorV2Themed SCXW7374950 BCX0\">um<\/span> <span class=\"NormalTextRun SpellingErrorV2Themed SCXW7374950 BCX0\">prato<\/span> <span class=\"NormalTextRun SpellingErrorV2Themed SCXW7374950 BCX0\">surpresa<\/span> <span class=\"NormalTextRun SpellingErrorV2Themed SCXW7374950 BCX0\">fora<\/span><span class=\"NormalTextRun SCXW7374950 BCX0\"> do <\/span><span class=\"NormalTextRun SpellingErrorV2Themed SCXW7374950 BCX0\">card\u00e1pio<\/span><span class=\"NormalTextRun SCXW7374950 BCX0\">, elaborado <\/span><span class=\"NormalTextRun SpellingErrorV2Themed SCXW7374950 BCX0\">com<\/span><span class=\"NormalTextRun SCXW7374950 BCX0\"> ingredientes <\/span><span class=\"NormalTextRun SpellingErrorV2Themed SCXW7374950 BCX0\">locais<\/span><span class=\"NormalTextRun SCXW7374950 BCX0\"> e harmonizado <\/span><span class=\"NormalTextRun SpellingErrorV2Themed SCXW7374950 BCX0\">com<\/span> <span class=\"NormalTextRun SpellingErrorV2Themed SCXW7374950 BCX0\">um<\/span> <span class=\"NormalTextRun SpellingErrorV2Themed SCXW7374950 BCX0\">coquetel<\/span><span class=\"NormalTextRun SCXW7374950 BCX0\"> personalizado, seguido por <\/span><span class=\"NormalTextRun SpellingErrorV2Themed SCXW7374950 BCX0\">uma<\/span> <span class=\"NormalTextRun SpellingErrorV2Themed SCXW7374950 BCX0\">degusta\u00e7\u00e3o<\/span><span class=\"NormalTextRun SCXW7374950 BCX0\"> de caf\u00e9 e <\/span><span class=\"NormalTextRun SpellingErrorV2Themed SCXW7374950 BCX0\">cacau<\/span><span class=\"NormalTextRun SCXW7374950 BCX0\">. <\/span><span class=\"NormalTextRun SpellingErrorV2Themed SCXW7374950 BCX0\">Al\u00e9m<\/span> <span class=\"NormalTextRun SpellingErrorV2Themed SCXW7374950 BCX0\">disso<\/span><span class=\"NormalTextRun SCXW7374950 BCX0\">, <\/span><span class=\"NormalTextRun SpellingErrorV2Themed SCXW7374950 BCX0\">voc\u00ea<\/span> <span class=\"NormalTextRun SpellingErrorV2Themed SCXW7374950 BCX0\">receber\u00e1<\/span> <span class=\"NormalTextRun SpellingErrorV2Themed SCXW7374950 BCX0\">um<\/span> <span class=\"NormalTextRun SpellingErrorV2Themed SCXW7374950 BCX0\">menu<\/span> <span class=\"NormalTextRun SpellingErrorV2Themed SCXW7374950 BCX0\">com<\/span> <span class=\"NormalTextRun SpellingErrorV2Themed SCXW7374950 BCX0\">um<\/span><span class=\"NormalTextRun SCXW7374950 BCX0\"> mapa de <\/span><span class=\"NormalTextRun SpellingErrorV2Themed SCXW7374950 BCX0\">origem<\/span><span class=\"NormalTextRun SCXW7374950 BCX0\"> dos ingredientes como presente especial. Exclusivo para portadores de <\/span><span class=\"NormalTextRun SpellingErrorV2Themed SCXW7374950 BCX0\">cart\u00e3o<\/span> <span class=\"NormalTextRun SpellingErrorV2Themed SCXW7374950 BCX0\">Mastercard<\/span><span class=\"NormalTextRun SCXW7374950 BCX0\">.<\/span><\/span><span class=\"EOP SCXW7374950 BCX0\" data-ccp-props=\"{&quot;134233117&quot;:false,&quot;134233118&quot;:false,&quot;335551550&quot;:0,&quot;335551620&quot;:0,&quot;335559738&quot;:240,&quot;335559739&quot;:240}\">\u00a0<\/span><\/p>\n","protected":false},"excerpt":{"rendered":"<p>Embarque em uma jornada culin\u00e1ria pela Col\u00f4mbia no aclamado restaurante Leo, em Bogot\u00e1, curado pela chef e propriet\u00e1ria Leonor Espinosa. Voc\u00ea saborear\u00e1 seis pratos exclusivos criados por uma mulher cujos in\u00fameros reconhecimentos incluem o t\u00edtulo de melhor chef mulher do mundo pela marca 50 Best. O menu da noite ser\u00e1 harmonizado com coquet\u00e9is excepcionais preparados [&hellip;]<\/p>\n","protected":false},"featured_media":8225,"template":"","meta":{"_acf_changed":false,"inline_featured_image":false},"product_brand":[],"product_cat":[48],"product_tag":[],"class_list":{"0":"post-8210","1":"product","2":"type-product","3":"status-publish","4":"has-post-thumbnail","6":"product_cat-experienciasx","8":"first","9":"instock","10":"virtual","11":"sold-individually","12":"purchasable","13":"product-type-booking"},"acf":[],"_links":{"self":[{"href":"https:\/\/experienciaslatam.com\/pt-br\/wp-json\/wp\/v2\/product\/8210","targetHints":{"allow":["GET"]}}],"collection":[{"href":"https:\/\/experienciaslatam.com\/pt-br\/wp-json\/wp\/v2\/product"}],"about":[{"href":"https:\/\/experienciaslatam.com\/pt-br\/wp-json\/wp\/v2\/types\/product"}],"wp:featuredmedia":[{"embeddable":true,"href":"https:\/\/experienciaslatam.com\/pt-br\/wp-json\/wp\/v2\/media\/8225"}],"wp:attachment":[{"href":"https:\/\/experienciaslatam.com\/pt-br\/wp-json\/wp\/v2\/media?parent=8210"}],"wp:term":[{"taxonomy":"product_brand","embeddable":true,"href":"https:\/\/experienciaslatam.com\/pt-br\/wp-json\/wp\/v2\/product_brand?post=8210"},{"taxonomy":"product_cat","embeddable":true,"href":"https:\/\/experienciaslatam.com\/pt-br\/wp-json\/wp\/v2\/product_cat?post=8210"},{"taxonomy":"product_tag","embeddable":true,"href":"https:\/\/experienciaslatam.com\/pt-br\/wp-json\/wp\/v2\/product_tag?post=8210"}],"curies":[{"name":"wp","href":"https:\/\/api.w.org\/{rel}","templated":true}]}}