{"id":8572,"date":"2025-08-20T13:31:30","date_gmt":"2025-08-20T18:31:30","guid":{"rendered":"https:\/\/experienciaslatam.com\/?post_type=product&#038;p=8572"},"modified":"2026-03-26T17:12:58","modified_gmt":"2026-03-26T22:12:58","slug":"jante-pratos-emblematicos-com-coracao-ancestral-no-conclave-1929","status":"publish","type":"product","link":"https:\/\/experienciaslatam.com\/pt-br\/experienciasx\/jante-pratos-emblematicos-com-coracao-ancestral-no-conclave-1929\/","title":{"rendered":"Jante pratos emblem\u00e1ticos com cora\u00e7\u00e3o ancestral no C\u00f3nclave 1929"},"content":{"rendered":"<p><span class=\"TextRun SCXW53752885 BCX8\" lang=\"ES-ES\" xml:lang=\"ES-ES\" data-contrast=\"auto\"><span class=\"NormalTextRun SpellingErrorV2Themed SCXW53752885 BCX8\">Voc\u00ea<\/span><span class=\"NormalTextRun SCXW53752885 BCX8\"> est\u00e1 convidado para o C\u00f3nclave 1929 para <\/span><span class=\"NormalTextRun SpellingErrorV2Themed SCXW53752885 BCX8\">um<\/span> <span class=\"NormalTextRun SpellingErrorV2Themed SCXW53752885 BCX8\">jantar<\/span><span class=\"NormalTextRun SCXW53752885 BCX8\"> intimista <\/span><span class=\"NormalTextRun SpellingErrorV2Themed SCXW53752885 BCX8\">com<\/span> <span class=\"NormalTextRun SpellingErrorV2Themed SCXW53752885 BCX8\">vinhos<\/span><span class=\"NormalTextRun SCXW53752885 BCX8\">. <\/span><span class=\"NormalTextRun SpellingErrorV2Themed SCXW53752885 BCX8\">Ao<\/span><span class=\"NormalTextRun SCXW53752885 BCX8\"> longo de <\/span><span class=\"NormalTextRun SpellingErrorV2Themed SCXW53752885 BCX8\">quatro<\/span><span class=\"NormalTextRun SCXW53752885 BCX8\"> deliciosos <\/span><span class=\"NormalTextRun SpellingErrorV2Themed SCXW53752885 BCX8\">pratos<\/span><span class=\"NormalTextRun SCXW53752885 BCX8\">, <\/span><span class=\"NormalTextRun SpellingErrorV2Themed SCXW53752885 BCX8\">voc\u00ea<\/span><span class=\"NormalTextRun SCXW53752885 BCX8\"> vivenciar\u00e1 momentos marcantes da vida de Renato Olmedo. Cada <\/span><span class=\"NormalTextRun SpellingErrorV2Themed SCXW53752885 BCX8\">prato<\/span><span class=\"NormalTextRun SCXW53752885 BCX8\"> \u00e9 <\/span><span class=\"NormalTextRun SpellingErrorV2Themed SCXW53752885 BCX8\">uma<\/span> <span class=\"NormalTextRun SpellingErrorV2Themed SCXW53752885 BCX8\">homenagem<\/span><span class=\"NormalTextRun SCXW53752885 BCX8\"> emocionante \u00e0 <\/span><span class=\"NormalTextRun SpellingErrorV2Themed SCXW53752885 BCX8\">sua<\/span> <span class=\"NormalTextRun SpellingErrorV2Themed SCXW53752885 BCX8\">av\u00f3<\/span> <span class=\"NormalTextRun SpellingErrorV2Themed SCXW53752885 BCX8\">epicurista<\/span><span class=\"NormalTextRun SCXW53752885 BCX8\"> e <\/span><span class=\"NormalTextRun SpellingErrorV2Themed SCXW53752885 BCX8\">foi<\/span><span class=\"NormalTextRun SCXW53752885 BCX8\"> cuidadosamente harmonizado <\/span><span class=\"NormalTextRun SpellingErrorV2Themed SCXW53752885 BCX8\">com<\/span> <span class=\"NormalTextRun SpellingErrorV2Themed SCXW53752885 BCX8\">vinhos<\/span> <span class=\"NormalTextRun SpellingErrorV2Themed SCXW53752885 BCX8\">excepcionais<\/span><span class=\"NormalTextRun SCXW53752885 BCX8\">. O <\/span><span class=\"NormalTextRun SpellingErrorV2Themed SCXW53752885 BCX8\">pr\u00f3prio<\/span><span class=\"NormalTextRun SCXW53752885 BCX8\"> Olmedo ir\u00e1 <\/span><span class=\"NormalTextRun SpellingErrorV2Themed SCXW53752885 BCX8\">gui\u00e1<\/span><span class=\"NormalTextRun SCXW53752885 BCX8\">-lo durante a <\/span><span class=\"NormalTextRun SpellingErrorV2Themed SCXW53752885 BCX8\">refei\u00e7\u00e3o<\/span><span class=\"NormalTextRun SCXW53752885 BCX8\">, <\/span><span class=\"NormalTextRun SpellingErrorV2Themed SCXW53752885 BCX8\">tecendo<\/span> <span class=\"NormalTextRun SpellingErrorV2Themed SCXW53752885 BCX8\">um<\/span><span class=\"NormalTextRun SCXW53752885 BCX8\"> enredo de sabor, <\/span><span class=\"NormalTextRun SpellingErrorV2Themed SCXW53752885 BCX8\">mem\u00f3ria<\/span><span class=\"NormalTextRun SCXW53752885 BCX8\"> e significado. <\/span><span class=\"NormalTextRun SpellingErrorV2Themed SCXW53752885 BCX8\">Al\u00e9m<\/span> <span class=\"NormalTextRun SpellingErrorV2Themed SCXW53752885 BCX8\">disso<\/span><span class=\"NormalTextRun SCXW53752885 BCX8\">, <\/span><span class=\"NormalTextRun SpellingErrorV2Themed SCXW53752885 BCX8\">voc\u00ea<\/span> <span class=\"NormalTextRun SpellingErrorV2Themed SCXW53752885 BCX8\">receber\u00e1<\/span> <span class=\"NormalTextRun SpellingErrorV2Themed SCXW53752885 BCX8\">uma<\/span><span class=\"NormalTextRun SCXW53752885 BCX8\"> garrafa de <\/span><span class=\"NormalTextRun SpellingErrorV2Themed SCXW53752885 BCX8\">vinho<\/span><span class=\"NormalTextRun SCXW53752885 BCX8\"> chileno premium para <\/span><span class=\"NormalTextRun ContextualSpellingAndGrammarErrorV2Themed SCXW53752885 BCX8\">levar<\/span><span class=\"NormalTextRun SCXW53752885 BCX8\"> para casa. Exclusivo para portadores de <\/span><span class=\"NormalTextRun SpellingErrorV2Themed SCXW53752885 BCX8\">cart\u00e3o<\/span> <span class=\"NormalTextRun SpellingErrorV2Themed SCXW53752885 BCX8\">Mastercard<\/span><span class=\"NormalTextRun SCXW53752885 BCX8\">.<\/span><\/span><span class=\"EOP SCXW53752885 BCX8\" data-ccp-props=\"{&quot;134233117&quot;:false,&quot;134233118&quot;:false,&quot;335559738&quot;:240,&quot;335559739&quot;:240}\">\u00a0<\/span><\/p>\n","protected":false},"excerpt":{"rendered":"<p>Voc\u00ea est\u00e1 convidado para o C\u00f3nclave 1929 para um jantar intimista com vinhos. Ao longo de quatro deliciosos pratos, voc\u00ea vivenciar\u00e1 momentos marcantes da vida de Renato Olmedo. Cada prato \u00e9 uma homenagem emocionante \u00e0 sua av\u00f3 epicurista e foi cuidadosamente harmonizado com vinhos excepcionais. O pr\u00f3prio Olmedo ir\u00e1 gui\u00e1-lo durante a refei\u00e7\u00e3o, tecendo um [&hellip;]<\/p>\n","protected":false},"featured_media":8601,"template":"","meta":{"_acf_changed":false,"inline_featured_image":false},"product_brand":[],"product_cat":[48],"product_tag":[],"class_list":{"0":"post-8572","1":"product","2":"type-product","3":"status-publish","4":"has-post-thumbnail","6":"product_cat-experienciasx","8":"first","9":"instock","10":"virtual","11":"sold-individually","12":"purchasable","13":"product-type-booking"},"acf":[],"_links":{"self":[{"href":"https:\/\/experienciaslatam.com\/pt-br\/wp-json\/wp\/v2\/product\/8572","targetHints":{"allow":["GET"]}}],"collection":[{"href":"https:\/\/experienciaslatam.com\/pt-br\/wp-json\/wp\/v2\/product"}],"about":[{"href":"https:\/\/experienciaslatam.com\/pt-br\/wp-json\/wp\/v2\/types\/product"}],"wp:featuredmedia":[{"embeddable":true,"href":"https:\/\/experienciaslatam.com\/pt-br\/wp-json\/wp\/v2\/media\/8601"}],"wp:attachment":[{"href":"https:\/\/experienciaslatam.com\/pt-br\/wp-json\/wp\/v2\/media?parent=8572"}],"wp:term":[{"taxonomy":"product_brand","embeddable":true,"href":"https:\/\/experienciaslatam.com\/pt-br\/wp-json\/wp\/v2\/product_brand?post=8572"},{"taxonomy":"product_cat","embeddable":true,"href":"https:\/\/experienciaslatam.com\/pt-br\/wp-json\/wp\/v2\/product_cat?post=8572"},{"taxonomy":"product_tag","embeddable":true,"href":"https:\/\/experienciaslatam.com\/pt-br\/wp-json\/wp\/v2\/product_tag?post=8572"}],"curies":[{"name":"wp","href":"https:\/\/api.w.org\/{rel}","templated":true}]}}