{"id":8818,"date":"2025-09-09T10:34:21","date_gmt":"2025-09-09T15:34:21","guid":{"rendered":"https:\/\/experienciaslatam.com\/?post_type=product&#038;p=8818"},"modified":"2026-03-30T15:33:07","modified_gmt":"2026-03-30T20:33:07","slug":"aprecie-a-arte-e-o-design-colombiano-com-um-especialista-em-arte-contemporanea","status":"publish","type":"product","link":"https:\/\/experienciaslatam.com\/pt-br\/experienciasx\/aprecie-a-arte-e-o-design-colombiano-com-um-especialista-em-arte-contemporanea\/","title":{"rendered":"Aprecie a arte e o design colombiano com um especialista em arte contempor\u00e2nea"},"content":{"rendered":"<p><span class=\"TextRun SCXW99156560 BCX0\" lang=\"ES-ES\" xml:lang=\"ES-ES\" data-contrast=\"auto\"><span class=\"NormalTextRun SpellingErrorV2Themed SpellingErrorHighlight SCXW99156560 BCX0\">Conhe\u00e7a<\/span> <span class=\"NormalTextRun SpellingErrorV2Themed SCXW99156560 BCX0\">outros<\/span><span class=\"NormalTextRun SCXW99156560 BCX0\"> entusiastas da arte <\/span><span class=\"NormalTextRun ContextualSpellingAndGrammarErrorV2Themed SCXW99156560 BCX0\">e<\/span><span class=\"NormalTextRun SCXW99156560 BCX0\"> do <\/span><span class=\"NormalTextRun SpellingErrorV2Themed SCXW99156560 BCX0\">design<\/span> <span class=\"NormalTextRun SpellingErrorV2Themed SCXW99156560 BCX0\">na<\/span> <span class=\"NormalTextRun SpellingErrorV2Themed SCXW99156560 BCX0\">galeria<\/span> <span class=\"NormalTextRun SpellingErrorV2Themed SCXW99156560 BCX0\">Zehn<\/span> <span class=\"NormalTextRun AdvancedProofingIssueV2Themed SCXW99156560 BCX0\">Living<\/span><span class=\"NormalTextRun SCXW99156560 BCX0\">. <\/span><span class=\"NormalTextRun SpellingErrorV2Themed SCXW99156560 BCX0\">Voc\u00ea<\/span><span class=\"NormalTextRun SCXW99156560 BCX0\"> admirar\u00e1 <\/span><span class=\"NormalTextRun SpellingErrorV2Themed SCXW99156560 BCX0\">uma<\/span><span class=\"NormalTextRun SCXW99156560 BCX0\"> diversa <\/span><span class=\"NormalTextRun SpellingErrorV2Themed SCXW99156560 BCX0\">cole\u00e7\u00e3o<\/span><span class=\"NormalTextRun SCXW99156560 BCX0\"> de arte <\/span><span class=\"NormalTextRun SpellingErrorV2Themed SCXW99156560 BCX0\">contempor\u00e2nea<\/span><span class=\"NormalTextRun SCXW99156560 BCX0\"> de artistas colombianos emergentes <\/span><span class=\"NormalTextRun SpellingErrorV2Themed SCXW99156560 BCX0\">com<\/span> <span class=\"NormalTextRun SpellingErrorV2Themed SCXW99156560 BCX0\">uma<\/span> <span class=\"NormalTextRun SpellingErrorV2Themed SCXW99156560 BCX0\">ta\u00e7a<\/span><span class=\"NormalTextRun SCXW99156560 BCX0\"> de <\/span><span class=\"NormalTextRun SpellingErrorV2Themed SCXW99156560 BCX0\">bom<\/span> <span class=\"NormalTextRun SpellingErrorV2Themed SCXW99156560 BCX0\">vinho<\/span><span class=\"NormalTextRun SCXW99156560 BCX0\">. Seu <\/span><span class=\"NormalTextRun SpellingErrorV2Themed SCXW99156560 BCX0\">guia<\/span><span class=\"NormalTextRun SCXW99156560 BCX0\"> especialista liderar\u00e1 <\/span><span class=\"NormalTextRun SpellingErrorV2Themed SCXW99156560 BCX0\">uma<\/span> <span class=\"NormalTextRun SpellingErrorV2Themed SCXW99156560 BCX0\">discuss\u00e3o<\/span><span class=\"NormalTextRun SCXW99156560 BCX0\"> sobre <\/span><span class=\"NormalTextRun ContextualSpellingAndGrammarErrorV2Themed SCXW99156560 BCX0\">as<\/span><span class=\"NormalTextRun SCXW99156560 BCX0\"> \u00faltimas <\/span><span class=\"NormalTextRun SpellingErrorV2Themed SCXW99156560 BCX0\">tend\u00eancias<\/span><span class=\"NormalTextRun SCXW99156560 BCX0\"> que <\/span><span class=\"NormalTextRun SpellingErrorV2Themed SCXW99156560 BCX0\">est\u00e3o<\/span> <span class=\"NormalTextRun SpellingErrorV2Themed SCXW99156560 BCX0\">redefinindo<\/span><span class=\"NormalTextRun SCXW99156560 BCX0\"> a cena art\u00edstica global. <\/span><span class=\"NormalTextRun SpellingErrorV2Themed SCXW99156560 BCX0\">Ap\u00f3s<\/span><span class=\"NormalTextRun SCXW99156560 BCX0\"> o <\/span><span class=\"NormalTextRun SpellingErrorV2Themed SCXW99156560 BCX0\">passeio<\/span><span class=\"NormalTextRun SCXW99156560 BCX0\">, <\/span><span class=\"NormalTextRun SpellingErrorV2Themed SCXW99156560 BCX0\">voc\u00ea<\/span> <span class=\"NormalTextRun SpellingErrorV2Themed SCXW99156560 BCX0\">ter\u00e1<\/span><span class=\"NormalTextRun SCXW99156560 BCX0\"> tempo para <\/span><span class=\"NormalTextRun ContextualSpellingAndGrammarErrorV2Themed SCXW99156560 BCX0\">se<\/span><span class=\"NormalTextRun SCXW99156560 BCX0\"> conectar <\/span><span class=\"NormalTextRun SpellingErrorV2Themed SCXW99156560 BCX0\">com<\/span> <span class=\"NormalTextRun SpellingErrorV2Themed SCXW99156560 BCX0\">outros<\/span><span class=\"NormalTextRun SCXW99156560 BCX0\"> convidados amantes da arte <\/span><span class=\"NormalTextRun SpellingErrorV2Themed SCXW99156560 BCX0\">enquanto<\/span><span class=\"NormalTextRun SCXW99156560 BCX0\"> desfruta de <\/span><span class=\"NormalTextRun SpellingErrorV2Themed SCXW99156560 BCX0\">um<\/span> <span class=\"NormalTextRun SpellingErrorV2Themed SCXW99156560 BCX0\">coquetel<\/span><span class=\"NormalTextRun SCXW99156560 BCX0\"> exclusivo <\/span><span class=\"NormalTextRun ContextualSpellingAndGrammarErrorV2Themed SCXW99156560 BCX0\">e<\/span><span class=\"NormalTextRun SCXW99156560 BCX0\"> recebe <\/span><span class=\"NormalTextRun SpellingErrorV2Themed SCXW99156560 BCX0\">uma<\/span><span class=\"NormalTextRun SCXW99156560 BCX0\"> obra de arte de <\/span><span class=\"NormalTextRun SpellingErrorV2Themed SCXW99156560 BCX0\">edi\u00e7\u00e3o<\/span><span class=\"NormalTextRun SCXW99156560 BCX0\"> limitada de <\/span><span class=\"NormalTextRun SpellingErrorV2Themed SCXW99156560 BCX0\">um<\/span><span class=\"NormalTextRun SCXW99156560 BCX0\"> talentoso artista da Marte <\/span><span class=\"NormalTextRun SpellingErrorV2Themed SCXW99156560 BCX0\">Gallery<\/span><span class=\"NormalTextRun SCXW99156560 BCX0\">. Exclusivo para portadores de <\/span><span class=\"NormalTextRun SpellingErrorV2Themed SCXW99156560 BCX0\">cart\u00e3o<\/span> <span class=\"NormalTextRun SpellingErrorV2Themed SCXW99156560 BCX0\">Mastercard<\/span><span class=\"NormalTextRun SCXW99156560 BCX0\">.<\/span><\/span><span class=\"EOP SCXW99156560 BCX0\" data-ccp-props=\"{}\">\u00a0<\/span><\/p>\n","protected":false},"excerpt":{"rendered":"<p>Conhe\u00e7a outros entusiastas da arte e do design na galeria Zehn Living. Voc\u00ea admirar\u00e1 uma diversa cole\u00e7\u00e3o de arte contempor\u00e2nea de artistas colombianos emergentes com uma ta\u00e7a de bom vinho. Seu guia especialista liderar\u00e1 uma discuss\u00e3o sobre as \u00faltimas tend\u00eancias que est\u00e3o redefinindo a cena art\u00edstica global. Ap\u00f3s o passeio, voc\u00ea ter\u00e1 tempo para se [&hellip;]<\/p>\n","protected":false},"featured_media":5423,"template":"","meta":{"_acf_changed":false,"inline_featured_image":false},"product_brand":[],"product_cat":[48],"product_tag":[],"class_list":{"0":"post-8818","1":"product","2":"type-product","3":"status-publish","4":"has-post-thumbnail","6":"product_cat-experienciasx","8":"first","9":"instock","10":"virtual","11":"sold-individually","12":"purchasable","13":"product-type-booking"},"acf":[],"_links":{"self":[{"href":"https:\/\/experienciaslatam.com\/pt-br\/wp-json\/wp\/v2\/product\/8818","targetHints":{"allow":["GET"]}}],"collection":[{"href":"https:\/\/experienciaslatam.com\/pt-br\/wp-json\/wp\/v2\/product"}],"about":[{"href":"https:\/\/experienciaslatam.com\/pt-br\/wp-json\/wp\/v2\/types\/product"}],"wp:featuredmedia":[{"embeddable":true,"href":"https:\/\/experienciaslatam.com\/pt-br\/wp-json\/wp\/v2\/media\/5423"}],"wp:attachment":[{"href":"https:\/\/experienciaslatam.com\/pt-br\/wp-json\/wp\/v2\/media?parent=8818"}],"wp:term":[{"taxonomy":"product_brand","embeddable":true,"href":"https:\/\/experienciaslatam.com\/pt-br\/wp-json\/wp\/v2\/product_brand?post=8818"},{"taxonomy":"product_cat","embeddable":true,"href":"https:\/\/experienciaslatam.com\/pt-br\/wp-json\/wp\/v2\/product_cat?post=8818"},{"taxonomy":"product_tag","embeddable":true,"href":"https:\/\/experienciaslatam.com\/pt-br\/wp-json\/wp\/v2\/product_tag?post=8818"}],"curies":[{"name":"wp","href":"https:\/\/api.w.org\/{rel}","templated":true}]}}