{"id":9545,"date":"2025-11-19T10:29:24","date_gmt":"2025-11-19T15:29:24","guid":{"rendered":"https:\/\/experienciaslatam.com\/?post_type=product&#038;p=9545"},"modified":"2026-01-16T13:11:58","modified_gmt":"2026-01-16T18:11:58","slug":"aproveite-um-brunch-com-uma-lenda-do-futebol-na-final-da-conmebol-libertadores","status":"publish","type":"product","link":"https:\/\/experienciaslatam.com\/pt-br\/experienciasx\/aproveite-um-brunch-com-uma-lenda-do-futebol-na-final-da-conmebol-libertadores\/","title":{"rendered":"Aproveite um brunch com uma lenda do futebol na final da CONMEBOL Libertadores"},"content":{"rendered":"<p>Crie mem\u00f3rias \u00fanicas na Final da CONMEBOL Libertadores com uma experi\u00eancia exclusiva de brunch no Celeste Rooftop Bar, Hyatt Centric Hotel, ao lado da lenda do futebol Aldo Corzo, em 29 de novembro de 2025. Desfrute de bebidas n\u00e3o alco\u00f3licas e petiscos enquanto o atacante peruano compartilha hist\u00f3rias pessoais de sua carreira marcante, incluindo 34 participa\u00e7\u00f5es na CONMEBOL Libertadores com o Universitario de Deportes. Depois, pose para fotos profissionais antes de seguir para o est\u00e1dio. Cortesia da Mastercard, voc\u00ea receber\u00e1 produtos exclusivos, transporte de ida e volta para duas pessoas e dois ingressos Categoria 1 para assistir \u00e0 Final. Exclusivo para portadores de cart\u00f5es Mastercard.<\/p>\n","protected":false},"excerpt":{"rendered":"<p>Crie mem\u00f3rias \u00fanicas na Final da CONMEBOL Libertadores com uma experi\u00eancia exclusiva de brunch no Celeste Rooftop Bar, Hyatt Centric Hotel, ao lado da lenda do futebol Aldo Corzo, em 29 de novembro de 2025. Desfrute de bebidas n\u00e3o alco\u00f3licas e petiscos enquanto o atacante peruano compartilha hist\u00f3rias pessoais de sua carreira marcante, incluindo 34 [&hellip;]<\/p>\n","protected":false},"featured_media":9551,"template":"","meta":{"_acf_changed":false,"inline_featured_image":false},"product_brand":[],"product_cat":[48,54],"product_tag":[],"class_list":{"0":"post-9545","1":"product","2":"type-product","3":"status-publish","4":"has-post-thumbnail","6":"product_cat-experienciasx","7":"product_cat-libertadoresx","9":"first","10":"instock","11":"sold-individually","12":"shipping-taxable","13":"purchasable","14":"product-type-variable"},"acf":[],"_links":{"self":[{"href":"https:\/\/experienciaslatam.com\/pt-br\/wp-json\/wp\/v2\/product\/9545","targetHints":{"allow":["GET"]}}],"collection":[{"href":"https:\/\/experienciaslatam.com\/pt-br\/wp-json\/wp\/v2\/product"}],"about":[{"href":"https:\/\/experienciaslatam.com\/pt-br\/wp-json\/wp\/v2\/types\/product"}],"wp:featuredmedia":[{"embeddable":true,"href":"https:\/\/experienciaslatam.com\/pt-br\/wp-json\/wp\/v2\/media\/9551"}],"wp:attachment":[{"href":"https:\/\/experienciaslatam.com\/pt-br\/wp-json\/wp\/v2\/media?parent=9545"}],"wp:term":[{"taxonomy":"product_brand","embeddable":true,"href":"https:\/\/experienciaslatam.com\/pt-br\/wp-json\/wp\/v2\/product_brand?post=9545"},{"taxonomy":"product_cat","embeddable":true,"href":"https:\/\/experienciaslatam.com\/pt-br\/wp-json\/wp\/v2\/product_cat?post=9545"},{"taxonomy":"product_tag","embeddable":true,"href":"https:\/\/experienciaslatam.com\/pt-br\/wp-json\/wp\/v2\/product_tag?post=9545"}],"curies":[{"name":"wp","href":"https:\/\/api.w.org\/{rel}","templated":true}]}}