{"id":9603,"date":"2025-11-19T17:39:10","date_gmt":"2025-11-19T22:39:10","guid":{"rendered":"https:\/\/experienciaslatam.com\/?post_type=product&#038;p=9603"},"modified":"2025-11-25T11:53:58","modified_gmt":"2025-11-25T16:53:58","slug":"assista-a-cerimonia-de-abertura-da-final-da-conmebol-libertadores-de-2025","status":"publish","type":"product","link":"https:\/\/experienciaslatam.com\/pt-br\/experienciasx\/assista-a-cerimonia-de-abertura-da-final-da-conmebol-libertadores-de-2025\/","title":{"rendered":"Assista \u00e0 cerim\u00f4nia de abertura da Final da CONMEBOL Libertadores de 2025"},"content":{"rendered":"<p>Crie uma lembran\u00e7a inesquec\u00edvel do futebol entrando em campo para presenciar a cerim\u00f4nia pr\u00e9-jogo da Final da CONMEBOL Libertadores no Est\u00e1dio Monumental, em 29 de novembro de 2025. Por cortesia da Mastercard, voc\u00ea e um acompanhante vivenciar\u00e3o a atmosfera eletrizante com coreografias, fogos de artif\u00edcio e m\u00fasica, antes de seguirem para seus assentos da Categoria 1 na arquibancada inferior para assistir \u00e0 partida. O pacote inclui transporte de ida e volta do Hotel Hyatt Centric e produtos oficiais da CONMEBOL Libertadores. Exclusivo para portadores de cart\u00f5es Mastercard.<\/p>\n","protected":false},"excerpt":{"rendered":"<p>Crie uma lembran\u00e7a inesquec\u00edvel do futebol entrando em campo para presenciar a cerim\u00f4nia pr\u00e9-jogo da Final da CONMEBOL Libertadores no Est\u00e1dio Monumental, em 29 de novembro de 2025. Por cortesia da Mastercard, voc\u00ea e um acompanhante vivenciar\u00e3o a atmosfera eletrizante com coreografias, fogos de artif\u00edcio e m\u00fasica, antes de seguirem para seus assentos da Categoria [&hellip;]<\/p>\n","protected":false},"featured_media":9606,"template":"","meta":{"_acf_changed":false,"inline_featured_image":false},"product_brand":[],"product_cat":[48,54],"product_tag":[],"class_list":{"0":"post-9603","1":"product","2":"type-product","3":"status-publish","4":"has-post-thumbnail","6":"product_cat-experienciasx","7":"product_cat-libertadoresx","9":"first","10":"instock","11":"sold-individually","12":"shipping-taxable","13":"purchasable","14":"product-type-variable"},"acf":[],"_links":{"self":[{"href":"https:\/\/experienciaslatam.com\/pt-br\/wp-json\/wp\/v2\/product\/9603","targetHints":{"allow":["GET"]}}],"collection":[{"href":"https:\/\/experienciaslatam.com\/pt-br\/wp-json\/wp\/v2\/product"}],"about":[{"href":"https:\/\/experienciaslatam.com\/pt-br\/wp-json\/wp\/v2\/types\/product"}],"wp:featuredmedia":[{"embeddable":true,"href":"https:\/\/experienciaslatam.com\/pt-br\/wp-json\/wp\/v2\/media\/9606"}],"wp:attachment":[{"href":"https:\/\/experienciaslatam.com\/pt-br\/wp-json\/wp\/v2\/media?parent=9603"}],"wp:term":[{"taxonomy":"product_brand","embeddable":true,"href":"https:\/\/experienciaslatam.com\/pt-br\/wp-json\/wp\/v2\/product_brand?post=9603"},{"taxonomy":"product_cat","embeddable":true,"href":"https:\/\/experienciaslatam.com\/pt-br\/wp-json\/wp\/v2\/product_cat?post=9603"},{"taxonomy":"product_tag","embeddable":true,"href":"https:\/\/experienciaslatam.com\/pt-br\/wp-json\/wp\/v2\/product_tag?post=9603"}],"curies":[{"name":"wp","href":"https:\/\/api.w.org\/{rel}","templated":true}]}}